{"id":40523,"date":"2026-04-20T11:29:12","date_gmt":"2026-04-20T14:29:12","guid":{"rendered":"https:\/\/mutualsoberania.com.ar\/proveeduria\/proveeduria\/sin categor\u00eda\/calefon-longvie-14-lts-sin-piloto-encendido-electrico-doble-valvula-cn514ssn\/"},"modified":"2026-04-20T11:31:32","modified_gmt":"2026-04-20T14:31:32","slug":"calefon-longvie-14-lts-sin-piloto-encendido-electrico-doble-valvula-cn514ssn","status":"publish","type":"product","link":"https:\/\/mutualsoberania.com.ar\/proveeduria\/proveeduria\/agua-caliente\/calefon-longvie-14-lts-sin-piloto-encendido-electrico-doble-valvula-cn514ssn\/","title":{"rendered":"calef\u00f3n Longvie 14 Lts Sin Piloto Encendido el\u00e9ctrico Doble V\u00e1lvula (CN514SSN)"},"content":{"rendered":"<p>CALEFONES A GAS<br \/>\nCN514SS<br \/>\nSIN LLAMA PILOTO mayor ahorro<br \/>\nTiro Natural de 14 Lts.\/min., con encendido electr\u00f3nico, doble sensor y v\u00e1lvula modulante con doble regulaci\u00f3n de potencia y caudal.<\/p>\n<p>-EFICIENCIA ENERG\u00c9TICA A<br \/>\nLa ausencia de la llama piloto y la calidad de sus materiales permiten lograr la m\u00e1s alta eficiencia de calentamiento con el m\u00e1ximo ahorro de energ\u00eda.<\/p>\n<p>-TECNOLOG\u00cdA PILOTLESS<br \/>\nSin llama piloto. Evita el consumo de gas innecesario.<br \/>\nAhorro de gas equivalente a 3 duchas diarias<\/p>\n<p>-ENCENDIDO ELECTR\u00d3NICO AUTOM\u00c1TICO<br \/>\nAl abrir el grifo del agua caliente el calef\u00f3n se enciende autom\u00e1ticamente, de manera suave e instant\u00e1nea.<\/p>\n<p>-SENSOR DE SOBRETEMPERATURA<br \/>\nDispositivo de seguridad que evita el sobrecalentamiento del agua y ampl\u00eda la vida \u00fatil del calef\u00f3n.<\/p>\n<p>-SENSOR DE EVACUACI\u00d3N DE GASES QUEMADOS<br \/>\nDetecta fallas en la salida de los gases de la combusti\u00f3n evitando as\u00ed la contaminaci\u00f3n del ambiente.<\/p>\n","protected":false},"excerpt":{"rendered":"<p>CALEFONES A GAS CN514SS SIN LLAMA PILOTO mayor ahorro Tiro Natural de 14 Lts.\/min., con encendido electr\u00f3nico, doble sensor y v\u00e1lvula modulante con doble regulaci\u00f3n de potencia y caudal. -EFICIENCIA ENERG\u00c9TICA A La ausencia de la llama piloto y la calidad de sus materiales permiten lograr la m\u00e1s alta eficiencia de calentamiento con el m\u00e1ximo &hellip;<\/p>\n<p class=\"read-more\"> <a class=\"\" href=\"https:\/\/mutualsoberania.com.ar\/proveeduria\/proveeduria\/agua-caliente\/calefon-longvie-14-lts-sin-piloto-encendido-electrico-doble-valvula-cn514ssn\/\"> <span class=\"screen-reader-text\">calef\u00f3n Longvie 14 Lts Sin Piloto Encendido el\u00e9ctrico Doble V\u00e1lvula (CN514SSN)<\/span> Leer m\u00e1s &raquo;<\/a><\/p>\n","protected":false},"featured_media":40565,"template":"","meta":{"site-sidebar-layout":"default","site-content-layout":"default","ast-global-header-display":"","ast-main-header-display":"","ast-hfb-above-header-display":"","ast-hfb-below-header-display":"","ast-hfb-mobile-header-display":"","site-post-title":"","ast-breadcrumbs-content":"","ast-featured-img":"","footer-sml-layout":"","theme-transparent-header-meta":"","adv-header-id-meta":"","stick-header-meta":"","header-above-stick-meta":"","header-main-stick-meta":"","header-below-stick-meta":"","_joinchat":[]},"product_brand":[],"product_cat":[226],"product_tag":[],"class_list":{"0":"post-40523","1":"product","2":"type-product","3":"status-publish","4":"has-post-thumbnail","6":"product_cat-agua-caliente","7":"product_shipping_class-grandes","8":"desktop-align-left","9":"tablet-align-left","10":"mobile-align-left","12":"first","13":"instock","14":"shipping-taxable","15":"purchasable","16":"product-type-simple"},"_links":{"self":[{"href":"https:\/\/mutualsoberania.com.ar\/proveeduria\/wp-json\/wp\/v2\/product\/40523","targetHints":{"allow":["GET"]}}],"collection":[{"href":"https:\/\/mutualsoberania.com.ar\/proveeduria\/wp-json\/wp\/v2\/product"}],"about":[{"href":"https:\/\/mutualsoberania.com.ar\/proveeduria\/wp-json\/wp\/v2\/types\/product"}],"wp:featuredmedia":[{"embeddable":true,"href":"https:\/\/mutualsoberania.com.ar\/proveeduria\/wp-json\/wp\/v2\/media\/40565"}],"wp:attachment":[{"href":"https:\/\/mutualsoberania.com.ar\/proveeduria\/wp-json\/wp\/v2\/media?parent=40523"}],"wp:term":[{"taxonomy":"product_brand","embeddable":true,"href":"https:\/\/mutualsoberania.com.ar\/proveeduria\/wp-json\/wp\/v2\/product_brand?post=40523"},{"taxonomy":"product_cat","embeddable":true,"href":"https:\/\/mutualsoberania.com.ar\/proveeduria\/wp-json\/wp\/v2\/product_cat?post=40523"},{"taxonomy":"product_tag","embeddable":true,"href":"https:\/\/mutualsoberania.com.ar\/proveeduria\/wp-json\/wp\/v2\/product_tag?post=40523"}],"curies":[{"name":"wp","href":"https:\/\/api.w.org\/{rel}","templated":true}]}}