{"id":40220,"date":"2026-02-18T10:38:38","date_gmt":"2026-02-18T13:38:38","guid":{"rendered":"https:\/\/mutualsoberania.com.ar\/proveeduria\/proveeduria\/sin categor\u00eda\/notebook-pcbox-intel-n4020-4gb-ssd-128gb-14-hd-windows-11-pcbglw4ee\/"},"modified":"2026-04-20T11:31:29","modified_gmt":"2026-04-20T14:31:29","slug":"notebook-pcbox-intel-n4020-4gb-ssd-128gb-14-hd-windows-11-pcbglw4ee","status":"publish","type":"product","link":"https:\/\/mutualsoberania.com.ar\/proveeduria\/proveeduria\/computadoras-y-tablets\/notebook-pcbox-intel-n4020-4gb-ssd-128gb-14-hd-windows-11-pcbglw4ee\/","title":{"rendered":"Notebook Pcbox Intel N4020 4GB SSD 128GB 14&#8243; HD Windows 11 (PCBGLW4EE)"},"content":{"rendered":"<p>La Notebook PCBOX PCB-GLW4EE es una opci\u00f3n pr\u00e1ctica para estudio, trabajo administrativo y uso diario. Equipada con Intel\u00ae Celeron\u00ae N4020 (hasta 2.80 GHz), 4GB de RAM y SSD 128GB de almacenamiento, ofrece un rendimiento adecuado para navegaci\u00f3n, Office, clases virtuales y streaming.<\/p>\n<p> Su pantalla de 14.1&#8243; HD brinda una visualizaci\u00f3n c\u00f3moda y port\u00e1til, mientras que Windows 11 aporta una experiencia moderna y optimizada. Incluye conectividad WiFi y Bluetooth, adem\u00e1s de puertos vers\u00e1tiles para conectar perif\u00e9ricos y dispositivos externos.<\/p>\n","protected":false},"excerpt":{"rendered":"<p>La Notebook PCBOX PCB-GLW4EE es una opci\u00f3n pr\u00e1ctica para estudio, trabajo administrativo y uso diario. Equipada con Intel\u00ae Celeron\u00ae N4020 (hasta 2.80 GHz), 4GB de RAM y SSD 128GB de almacenamiento, ofrece un rendimiento adecuado para navegaci\u00f3n, Office, clases virtuales y streaming. Su pantalla de 14.1&#8243; HD brinda una visualizaci\u00f3n c\u00f3moda y port\u00e1til, mientras que &hellip;<\/p>\n<p class=\"read-more\"> <a class=\"\" href=\"https:\/\/mutualsoberania.com.ar\/proveeduria\/proveeduria\/computadoras-y-tablets\/notebook-pcbox-intel-n4020-4gb-ssd-128gb-14-hd-windows-11-pcbglw4ee\/\"> <span class=\"screen-reader-text\">Notebook Pcbox Intel N4020 4GB SSD 128GB 14&#8243; HD Windows 11 (PCBGLW4EE)<\/span> Leer m\u00e1s &raquo;<\/a><\/p>\n","protected":false},"featured_media":40361,"template":"","meta":{"site-sidebar-layout":"default","site-content-layout":"default","ast-global-header-display":"","ast-main-header-display":"","ast-hfb-above-header-display":"","ast-hfb-below-header-display":"","ast-hfb-mobile-header-display":"","site-post-title":"","ast-breadcrumbs-content":"","ast-featured-img":"","footer-sml-layout":"","theme-transparent-header-meta":"","adv-header-id-meta":"","stick-header-meta":"","header-above-stick-meta":"","header-main-stick-meta":"","header-below-stick-meta":"","_joinchat":[]},"product_brand":[],"product_cat":[262],"product_tag":[],"class_list":{"0":"post-40220","1":"product","2":"type-product","3":"status-publish","4":"has-post-thumbnail","6":"product_cat-computadoras-y-tablets","7":"product_shipping_class-extra-pequenos","8":"desktop-align-left","9":"tablet-align-left","10":"mobile-align-left","12":"first","13":"instock","14":"shipping-taxable","15":"purchasable","16":"product-type-simple"},"_links":{"self":[{"href":"https:\/\/mutualsoberania.com.ar\/proveeduria\/wp-json\/wp\/v2\/product\/40220","targetHints":{"allow":["GET"]}}],"collection":[{"href":"https:\/\/mutualsoberania.com.ar\/proveeduria\/wp-json\/wp\/v2\/product"}],"about":[{"href":"https:\/\/mutualsoberania.com.ar\/proveeduria\/wp-json\/wp\/v2\/types\/product"}],"wp:featuredmedia":[{"embeddable":true,"href":"https:\/\/mutualsoberania.com.ar\/proveeduria\/wp-json\/wp\/v2\/media\/40361"}],"wp:attachment":[{"href":"https:\/\/mutualsoberania.com.ar\/proveeduria\/wp-json\/wp\/v2\/media?parent=40220"}],"wp:term":[{"taxonomy":"product_brand","embeddable":true,"href":"https:\/\/mutualsoberania.com.ar\/proveeduria\/wp-json\/wp\/v2\/product_brand?post=40220"},{"taxonomy":"product_cat","embeddable":true,"href":"https:\/\/mutualsoberania.com.ar\/proveeduria\/wp-json\/wp\/v2\/product_cat?post=40220"},{"taxonomy":"product_tag","embeddable":true,"href":"https:\/\/mutualsoberania.com.ar\/proveeduria\/wp-json\/wp\/v2\/product_tag?post=40220"}],"curies":[{"name":"wp","href":"https:\/\/api.w.org\/{rel}","templated":true}]}}