{"id":40191,"date":"2026-02-18T10:38:37","date_gmt":"2026-02-18T13:38:37","guid":{"rendered":"https:\/\/mutualsoberania.com.ar\/proveeduria\/proveeduria\/sin categor\u00eda\/butaca-de-auto-infanti-convertible-i-giro-360-gris\/"},"modified":"2026-04-20T11:31:26","modified_gmt":"2026-04-20T14:31:26","slug":"butaca-de-auto-infanti-convertible-i-giro-360-gris","status":"publish","type":"product","link":"https:\/\/mutualsoberania.com.ar\/proveeduria\/proveeduria\/bebs-y-nios\/butaca-de-auto-infanti-convertible-i-giro-360-gris\/","title":{"rendered":"Butaca de Auto Infanti Convertible I Giro 360\u00b0 Gris"},"content":{"rendered":"<p>La Silla de auto Convertible I-Giro 360\u00b0 de Infanti es la elecci\u00f3n perfecta para acompa\u00f1ar el crecimiento de tu beb\u00e9 con seguridad y comodidad. Para proporcionar a\u00fan m\u00e1s tranquilidad, esta silla convertible est\u00e1 equipada con un pr\u00e1ctico sistema de control parental que emite una alarma en caso de que el ni\u00f1o abra el broche del arn\u00e9s. La Silla I-Giro 360\u00b0 cuenta con un c\u00f3modo arn\u00e9s de 5 puntas que puede acompa\u00f1ar a tu hijo hasta los 18 kilos. Para ni\u00f1os que pesen entre 9 y 36 kilos, la opci\u00f3n segura es el cintur\u00f3n de 3 puntas.<br \/>\nInstalaci\u00f3n con Isofix y Top teather desde los 0 a 13 kg.<br \/>\nLa nueva Silla convertible I-Giro 360\u00b0, la elecci\u00f3n perfecta para acompa\u00f1ar el crecimiento de tu beb\u00e9. Desde reci\u00e9n nacido hasta aproximadamente los 12 a\u00f1os.<br \/>\nSistema ISOFIX regulable en altura que permite la conexi\u00f3n directa a puntos de anclaje ISOFIX del veh\u00edculo con indicador rojo\/verde.<\/p>\n","protected":false},"excerpt":{"rendered":"<p>La Silla de auto Convertible I-Giro 360\u00b0 de Infanti es la elecci\u00f3n perfecta para acompa\u00f1ar el crecimiento de tu beb\u00e9 con seguridad y comodidad. Para proporcionar a\u00fan m\u00e1s tranquilidad, esta silla convertible est\u00e1 equipada con un pr\u00e1ctico sistema de control parental que emite una alarma en caso de que el ni\u00f1o abra el broche del &hellip;<\/p>\n<p class=\"read-more\"> <a class=\"\" href=\"https:\/\/mutualsoberania.com.ar\/proveeduria\/proveeduria\/bebs-y-nios\/butaca-de-auto-infanti-convertible-i-giro-360-gris\/\"> <span class=\"screen-reader-text\">Butaca de Auto Infanti Convertible I Giro 360\u00b0 Gris<\/span> Leer m\u00e1s &raquo;<\/a><\/p>\n","protected":false},"featured_media":40332,"template":"","meta":{"site-sidebar-layout":"default","site-content-layout":"default","ast-global-header-display":"","ast-main-header-display":"","ast-hfb-above-header-display":"","ast-hfb-below-header-display":"","ast-hfb-mobile-header-display":"","site-post-title":"","ast-breadcrumbs-content":"","ast-featured-img":"","footer-sml-layout":"","theme-transparent-header-meta":"","adv-header-id-meta":"","stick-header-meta":"","header-above-stick-meta":"","header-main-stick-meta":"","header-below-stick-meta":"","_joinchat":[]},"product_brand":[],"product_cat":[299],"product_tag":[],"class_list":{"0":"post-40191","1":"product","2":"type-product","3":"status-publish","4":"has-post-thumbnail","6":"product_cat-bebs-y-nios","7":"product_shipping_class-grandes","8":"desktop-align-left","9":"tablet-align-left","10":"mobile-align-left","12":"first","13":"outofstock","14":"shipping-taxable","15":"purchasable","16":"product-type-simple"},"_links":{"self":[{"href":"https:\/\/mutualsoberania.com.ar\/proveeduria\/wp-json\/wp\/v2\/product\/40191","targetHints":{"allow":["GET"]}}],"collection":[{"href":"https:\/\/mutualsoberania.com.ar\/proveeduria\/wp-json\/wp\/v2\/product"}],"about":[{"href":"https:\/\/mutualsoberania.com.ar\/proveeduria\/wp-json\/wp\/v2\/types\/product"}],"wp:featuredmedia":[{"embeddable":true,"href":"https:\/\/mutualsoberania.com.ar\/proveeduria\/wp-json\/wp\/v2\/media\/40332"}],"wp:attachment":[{"href":"https:\/\/mutualsoberania.com.ar\/proveeduria\/wp-json\/wp\/v2\/media?parent=40191"}],"wp:term":[{"taxonomy":"product_brand","embeddable":true,"href":"https:\/\/mutualsoberania.com.ar\/proveeduria\/wp-json\/wp\/v2\/product_brand?post=40191"},{"taxonomy":"product_cat","embeddable":true,"href":"https:\/\/mutualsoberania.com.ar\/proveeduria\/wp-json\/wp\/v2\/product_cat?post=40191"},{"taxonomy":"product_tag","embeddable":true,"href":"https:\/\/mutualsoberania.com.ar\/proveeduria\/wp-json\/wp\/v2\/product_tag?post=40191"}],"curies":[{"name":"wp","href":"https:\/\/api.w.org\/{rel}","templated":true}]}}