{"id":40164,"date":"2026-02-18T10:38:37","date_gmt":"2026-02-18T13:38:37","guid":{"rendered":"https:\/\/mutualsoberania.com.ar\/proveeduria\/proveeduria\/sin categor\u00eda\/parlante-jbl-flip7-negro\/"},"modified":"2026-02-18T10:38:37","modified_gmt":"2026-02-18T13:38:37","slug":"parlante-jbl-flip7-negro","status":"publish","type":"product","link":"https:\/\/mutualsoberania.com.ar\/proveeduria\/proveeduria\/audio\/parlante-jbl-flip7-negro\/","title":{"rendered":"Parlante JBL Flip7 Negro"},"content":{"rendered":"<p>La banda sonora de tu vida, en la palma de la mano. El JBL Flip 7 ofrece el incomparable sonido JBL para que lo lleves contigo all\u00e1 donde vayas. Porque la m\u00fasica no tiene l\u00edmites y t\u00fa tampoco deber\u00edas tenerlos. Tanto si organizas una fiesta playera, est\u00e1s relaj\u00e1ndote en la terraza, como preparando el ambiente perfecto en casa, el Flip 7 mejora cualquier experiencia, dondequiera que nos lleve la vida. Y ahora, el famoso y exclusivo sonido JBL es m\u00e1s potente es tambi\u00e9n m\u00e1s impactante que nunca gracias al AI Sound Boost, tambi\u00e9n de JBL. \u00bfY cu\u00e1l es el resultado final? El Flip 7 dejar\u00e1 a todos tus amigos y familiares pregunt\u00e1ndose de d\u00f3nde sale ese sonido tan potente y definido. Pero es algo m\u00e1s, es mucho m\u00e1s que potente y bonito. El Flip 7 resiste los golpes sin perderse ning\u00fan matiz sonoro, adem\u00e1s de contar con un grado de protecci\u00f3n IP68, que indica que es resistente al agua, al polvo y a las ca\u00eddas. Un l\u00edder en este sector. Adem\u00e1s, con el nuevo Playtime Boost podr\u00e1s disfrutar de hasta 16 horas de reproducci\u00f3n, para que seas t\u00fa quien decida cu\u00e1ndo parar. \u00bfY no ser\u00eda fant\u00e1stico compartir el sonido JBL por todas partes? Pues ahora puedes hacerlo. Con\u00e9ctate sin dificultades con otros altavoces JBL con Auracast\u2122 para cubrir m\u00e1s espacio (y m\u00e1s o\u00eddos) con la misma lista de reproducci\u00f3n, tanto si est\u00e1s recorriendo la ciudad con tu equipo ciclista como si llenas de punta a punta tu casa en tu pr\u00f3xima fiesta. En resumen, no es el t\u00edpico altavoz port\u00e1til. Es todo un l\u00edder del sonido en un tama\u00f1o muy reducido.<\/p>\n","protected":false},"excerpt":{"rendered":"<p>La banda sonora de tu vida, en la palma de la mano. El JBL Flip 7 ofrece el incomparable sonido JBL para que lo lleves contigo all\u00e1 donde vayas. Porque la m\u00fasica no tiene l\u00edmites y t\u00fa tampoco deber\u00edas tenerlos. Tanto si organizas una fiesta playera, est\u00e1s relaj\u00e1ndote en la terraza, como preparando el ambiente &hellip;<\/p>\n<p class=\"read-more\"> <a class=\"\" href=\"https:\/\/mutualsoberania.com.ar\/proveeduria\/proveeduria\/audio\/parlante-jbl-flip7-negro\/\"> <span class=\"screen-reader-text\">Parlante JBL Flip7 Negro<\/span> Leer m\u00e1s &raquo;<\/a><\/p>\n","protected":false},"featured_media":40305,"template":"","meta":{"site-sidebar-layout":"default","site-content-layout":"default","ast-global-header-display":"","ast-main-header-display":"","ast-hfb-above-header-display":"","ast-hfb-below-header-display":"","ast-hfb-mobile-header-display":"","site-post-title":"","ast-breadcrumbs-content":"","ast-featured-img":"","footer-sml-layout":"","theme-transparent-header-meta":"","adv-header-id-meta":"","stick-header-meta":"","header-above-stick-meta":"","header-main-stick-meta":"","header-below-stick-meta":"","_joinchat":[]},"product_brand":[],"product_cat":[259],"product_tag":[],"class_list":{"0":"post-40164","1":"product","2":"type-product","3":"status-publish","4":"has-post-thumbnail","6":"product_cat-audio","7":"desktop-align-left","8":"tablet-align-left","9":"mobile-align-left","11":"first","12":"outofstock","13":"shipping-taxable","14":"purchasable","15":"product-type-simple"},"_links":{"self":[{"href":"https:\/\/mutualsoberania.com.ar\/proveeduria\/wp-json\/wp\/v2\/product\/40164","targetHints":{"allow":["GET"]}}],"collection":[{"href":"https:\/\/mutualsoberania.com.ar\/proveeduria\/wp-json\/wp\/v2\/product"}],"about":[{"href":"https:\/\/mutualsoberania.com.ar\/proveeduria\/wp-json\/wp\/v2\/types\/product"}],"wp:featuredmedia":[{"embeddable":true,"href":"https:\/\/mutualsoberania.com.ar\/proveeduria\/wp-json\/wp\/v2\/media\/40305"}],"wp:attachment":[{"href":"https:\/\/mutualsoberania.com.ar\/proveeduria\/wp-json\/wp\/v2\/media?parent=40164"}],"wp:term":[{"taxonomy":"product_brand","embeddable":true,"href":"https:\/\/mutualsoberania.com.ar\/proveeduria\/wp-json\/wp\/v2\/product_brand?post=40164"},{"taxonomy":"product_cat","embeddable":true,"href":"https:\/\/mutualsoberania.com.ar\/proveeduria\/wp-json\/wp\/v2\/product_cat?post=40164"},{"taxonomy":"product_tag","embeddable":true,"href":"https:\/\/mutualsoberania.com.ar\/proveeduria\/wp-json\/wp\/v2\/product_tag?post=40164"}],"curies":[{"name":"wp","href":"https:\/\/api.w.org\/{rel}","templated":true}]}}