{"id":40151,"date":"2026-02-18T10:38:36","date_gmt":"2026-02-18T13:38:36","guid":{"rendered":"https:\/\/mutualsoberania.com.ar\/proveeduria\/proveeduria\/sin categor\u00eda\/calefon-longvie-forzado-grafito-cbf15g-n-t-b\/"},"modified":"2026-04-20T11:31:22","modified_gmt":"2026-04-20T14:31:22","slug":"calefon-longvie-forzado-grafito-cbf15g-n-t-b","status":"publish","type":"product","link":"https:\/\/mutualsoberania.com.ar\/proveeduria\/proveeduria\/agua-caliente\/calefon-longvie-forzado-grafito-cbf15g-n-t-b\/","title":{"rendered":"Calef\u00f3n Longvie Forzado Grafito (CBF15G-N T\/B)"},"content":{"rendered":"<p>El calef\u00f3n Longvie CBF15G-N de tiro forzado ofrece un funcionamiento seguro, eficiente y adaptable, ideal para hogares que buscan confort con bajo consumo energ\u00e9tico. Su dise\u00f1o compacto permite una instalaci\u00f3n sencilla y ahorra espacio, mientras que su capacidad de 15 litros por minuto garantiza un suministro continuo de agua caliente. Incorpora c\u00e1mara estanca para una combusti\u00f3n segura que evita el contacto con el aire del ambiente, y una v\u00e1lvula de seguridad electr\u00f3nica con sensor de ionizaci\u00f3n que supervisa el encendido y el funcionamiento del equipo.<\/p>\n<p> Su display digital permite regular y programar la temperatura con precisi\u00f3n, brindando un uso m\u00e1s c\u00f3modo y eficiente. Es apto para instalaciones solares y cuenta con sensor de sobretemperatura para proteger el equipo y extender su vida \u00fatil. Gracias al sistema de tiro forzado, no requiere complejas ventilaciones y puede instalarse con facilidad en ambientes con altura m\u00ednima de 2,40 metros. Con clasificaci\u00f3n energ\u00e9tica A, ofrece un excelente rendimiento y ahorro. Es una opci\u00f3n confiable y moderna para asegurar agua caliente constante en el hogar.<\/p>\n","protected":false},"excerpt":{"rendered":"<p>El calef\u00f3n Longvie CBF15G-N de tiro forzado ofrece un funcionamiento seguro, eficiente y adaptable, ideal para hogares que buscan confort con bajo consumo energ\u00e9tico. Su dise\u00f1o compacto permite una instalaci\u00f3n sencilla y ahorra espacio, mientras que su capacidad de 15 litros por minuto garantiza un suministro continuo de agua caliente. Incorpora c\u00e1mara estanca para una &hellip;<\/p>\n<p class=\"read-more\"> <a class=\"\" href=\"https:\/\/mutualsoberania.com.ar\/proveeduria\/proveeduria\/agua-caliente\/calefon-longvie-forzado-grafito-cbf15g-n-t-b\/\"> <span class=\"screen-reader-text\">Calef\u00f3n Longvie Forzado Grafito (CBF15G-N T\/B)<\/span> Leer m\u00e1s &raquo;<\/a><\/p>\n","protected":false},"featured_media":40292,"template":"","meta":{"site-sidebar-layout":"default","site-content-layout":"default","ast-global-header-display":"","ast-main-header-display":"","ast-hfb-above-header-display":"","ast-hfb-below-header-display":"","ast-hfb-mobile-header-display":"","site-post-title":"","ast-breadcrumbs-content":"","ast-featured-img":"","footer-sml-layout":"","theme-transparent-header-meta":"","adv-header-id-meta":"","stick-header-meta":"","header-above-stick-meta":"","header-main-stick-meta":"","header-below-stick-meta":"","_joinchat":[]},"product_brand":[],"product_cat":[226],"product_tag":[],"class_list":{"0":"post-40151","1":"product","2":"type-product","3":"status-publish","4":"has-post-thumbnail","6":"product_cat-agua-caliente","7":"product_shipping_class-grandes","8":"desktop-align-left","9":"tablet-align-left","10":"mobile-align-left","12":"first","13":"instock","14":"shipping-taxable","15":"purchasable","16":"product-type-simple"},"_links":{"self":[{"href":"https:\/\/mutualsoberania.com.ar\/proveeduria\/wp-json\/wp\/v2\/product\/40151","targetHints":{"allow":["GET"]}}],"collection":[{"href":"https:\/\/mutualsoberania.com.ar\/proveeduria\/wp-json\/wp\/v2\/product"}],"about":[{"href":"https:\/\/mutualsoberania.com.ar\/proveeduria\/wp-json\/wp\/v2\/types\/product"}],"wp:featuredmedia":[{"embeddable":true,"href":"https:\/\/mutualsoberania.com.ar\/proveeduria\/wp-json\/wp\/v2\/media\/40292"}],"wp:attachment":[{"href":"https:\/\/mutualsoberania.com.ar\/proveeduria\/wp-json\/wp\/v2\/media?parent=40151"}],"wp:term":[{"taxonomy":"product_brand","embeddable":true,"href":"https:\/\/mutualsoberania.com.ar\/proveeduria\/wp-json\/wp\/v2\/product_brand?post=40151"},{"taxonomy":"product_cat","embeddable":true,"href":"https:\/\/mutualsoberania.com.ar\/proveeduria\/wp-json\/wp\/v2\/product_cat?post=40151"},{"taxonomy":"product_tag","embeddable":true,"href":"https:\/\/mutualsoberania.com.ar\/proveeduria\/wp-json\/wp\/v2\/product_tag?post=40151"}],"curies":[{"name":"wp","href":"https:\/\/api.w.org\/{rel}","templated":true}]}}