{"id":40148,"date":"2026-02-18T10:38:36","date_gmt":"2026-02-18T13:38:36","guid":{"rendered":"https:\/\/mutualsoberania.com.ar\/proveeduria\/proveeduria\/sin categor\u00eda\/maquina-de-helado-atma-2-lts-slushy-blanco-sluats01n\/"},"modified":"2026-04-20T11:31:22","modified_gmt":"2026-04-20T14:31:22","slug":"maquina-de-helado-atma-2-lts-slushy-blanco-sluats01n","status":"publish","type":"product","link":"https:\/\/mutualsoberania.com.ar\/proveeduria\/proveeduria\/pequeos-electrodomsticos\/electrodomsticos-de-cocina\/maquina-de-helado-atma-2-lts-slushy-blanco-sluats01n\/","title":{"rendered":"M\u00e1quina De Helado Atma 2 Lts Slushy Blanco (SLUATS01N)"},"content":{"rendered":"<p>La m\u00e1quina de bebidas y helados ATMA SLUATS01N de 2 litros en color blanco permite disfrutar en casa de bebidas fr\u00edas, helados suaves o slushies con facilidad y estilo. Con una capacidad de 2 litros y una potencia de 150 W, brinda un rendimiento eficiente y r\u00e1pido, ideal para reuniones con amigos o momentos especiales en familia. Su dise\u00f1o compacto y funcional permite ubicarla en la cocina sin ocupar demasiado espacio y su operaci\u00f3n simple facilita la preparaci\u00f3n. Gracias a sus cinco programas predefinidos, se adapta a distintas texturas y tipos de preparaci\u00f3n, desde helado suave hasta bebida semi-congelada. El voltaje de 220 V garantiza compatibilidad con la red dom\u00e9stica est\u00e1ndar y la calidad de dise\u00f1o de ATMA asegura su uso cotidiano sin complicaciones.<\/p>\n","protected":false},"excerpt":{"rendered":"<p>La m\u00e1quina de bebidas y helados ATMA SLUATS01N de 2 litros en color blanco permite disfrutar en casa de bebidas fr\u00edas, helados suaves o slushies con facilidad y estilo. Con una capacidad de 2 litros y una potencia de 150 W, brinda un rendimiento eficiente y r\u00e1pido, ideal para reuniones con amigos o momentos especiales &hellip;<\/p>\n<p class=\"read-more\"> <a class=\"\" href=\"https:\/\/mutualsoberania.com.ar\/proveeduria\/proveeduria\/pequeos-electrodomsticos\/electrodomsticos-de-cocina\/maquina-de-helado-atma-2-lts-slushy-blanco-sluats01n\/\"> <span class=\"screen-reader-text\">M\u00e1quina De Helado Atma 2 Lts Slushy Blanco (SLUATS01N)<\/span> Leer m\u00e1s &raquo;<\/a><\/p>\n","protected":false},"featured_media":40289,"template":"","meta":{"site-sidebar-layout":"default","site-content-layout":"default","ast-global-header-display":"","ast-main-header-display":"","ast-hfb-above-header-display":"","ast-hfb-below-header-display":"","ast-hfb-mobile-header-display":"","site-post-title":"","ast-breadcrumbs-content":"","ast-featured-img":"","footer-sml-layout":"","theme-transparent-header-meta":"","adv-header-id-meta":"","stick-header-meta":"","header-above-stick-meta":"","header-main-stick-meta":"","header-below-stick-meta":"","_joinchat":[]},"product_brand":[],"product_cat":[237,286],"product_tag":[],"class_list":{"0":"post-40148","1":"product","2":"type-product","3":"status-publish","4":"has-post-thumbnail","6":"product_cat-electrodomsticos-de-cocina","7":"product_cat-electrodomesticos-de-cocina","8":"product_shipping_class-extra-pequenos","9":"desktop-align-left","10":"tablet-align-left","11":"mobile-align-left","13":"first","14":"instock","15":"shipping-taxable","16":"purchasable","17":"product-type-simple"},"_links":{"self":[{"href":"https:\/\/mutualsoberania.com.ar\/proveeduria\/wp-json\/wp\/v2\/product\/40148","targetHints":{"allow":["GET"]}}],"collection":[{"href":"https:\/\/mutualsoberania.com.ar\/proveeduria\/wp-json\/wp\/v2\/product"}],"about":[{"href":"https:\/\/mutualsoberania.com.ar\/proveeduria\/wp-json\/wp\/v2\/types\/product"}],"wp:featuredmedia":[{"embeddable":true,"href":"https:\/\/mutualsoberania.com.ar\/proveeduria\/wp-json\/wp\/v2\/media\/40289"}],"wp:attachment":[{"href":"https:\/\/mutualsoberania.com.ar\/proveeduria\/wp-json\/wp\/v2\/media?parent=40148"}],"wp:term":[{"taxonomy":"product_brand","embeddable":true,"href":"https:\/\/mutualsoberania.com.ar\/proveeduria\/wp-json\/wp\/v2\/product_brand?post=40148"},{"taxonomy":"product_cat","embeddable":true,"href":"https:\/\/mutualsoberania.com.ar\/proveeduria\/wp-json\/wp\/v2\/product_cat?post=40148"},{"taxonomy":"product_tag","embeddable":true,"href":"https:\/\/mutualsoberania.com.ar\/proveeduria\/wp-json\/wp\/v2\/product_tag?post=40148"}],"curies":[{"name":"wp","href":"https:\/\/api.w.org\/{rel}","templated":true}]}}