{"id":40116,"date":"2026-02-18T10:38:36","date_gmt":"2026-02-18T13:38:36","guid":{"rendered":"https:\/\/mutualsoberania.com.ar\/proveeduria\/proveeduria\/sin categor\u00eda\/impresora-epson-wi-fi-l1250\/"},"modified":"2026-04-20T11:31:02","modified_gmt":"2026-04-20T14:31:02","slug":"impresora-epson-wi-fi-l1250","status":"publish","type":"product","link":"https:\/\/mutualsoberania.com.ar\/proveeduria\/proveeduria\/impresoras-e-insumos\/impresora-epson-wi-fi-l1250\/","title":{"rendered":"Impresora Epson Wi-Fi (L1250)"},"content":{"rendered":"<p>Ofrece costos de impresi\u00f3n ultrabajos gracias al sistema EcoTank de Epson que imprime 4.500 p\u00e1ginas a blanco y negro \u00f3 7.500 p\u00e1ginas a color2 por cada juego de botellas de repuesto. Dise\u00f1ada para integrarse en su estilo de vida, est\u00e1 totalmente conectada con Wi-Fi, Wi-Fi Direct, y ofrece funciones de impresi\u00f3n m\u00f3vil y copia\/escaneo con c\u00e1mara a trav\u00e9s de la nueva aplicaci\u00f3n Epson Smart Panel, adem\u00e1s de ser compatible con la operaci\u00f3n por voz a trav\u00e9s de Alexa3<\/p>\n","protected":false},"excerpt":{"rendered":"<p>Ofrece costos de impresi\u00f3n ultrabajos gracias al sistema EcoTank de Epson que imprime 4.500 p\u00e1ginas a blanco y negro \u00f3 7.500 p\u00e1ginas a color2 por cada juego de botellas de repuesto. Dise\u00f1ada para integrarse en su estilo de vida, est\u00e1 totalmente conectada con Wi-Fi, Wi-Fi Direct, y ofrece funciones de impresi\u00f3n m\u00f3vil y copia\/escaneo con &hellip;<\/p>\n<p class=\"read-more\"> <a class=\"\" href=\"https:\/\/mutualsoberania.com.ar\/proveeduria\/proveeduria\/impresoras-e-insumos\/impresora-epson-wi-fi-l1250\/\"> <span class=\"screen-reader-text\">Impresora Epson Wi-Fi (L1250)<\/span> Leer m\u00e1s &raquo;<\/a><\/p>\n","protected":false},"featured_media":40246,"template":"","meta":{"site-sidebar-layout":"default","site-content-layout":"default","ast-global-header-display":"","ast-main-header-display":"","ast-hfb-above-header-display":"","ast-hfb-below-header-display":"","ast-hfb-mobile-header-display":"","site-post-title":"","ast-breadcrumbs-content":"","ast-featured-img":"","footer-sml-layout":"","theme-transparent-header-meta":"","adv-header-id-meta":"","stick-header-meta":"","header-above-stick-meta":"","header-main-stick-meta":"","header-below-stick-meta":"","_joinchat":[]},"product_brand":[],"product_cat":[268],"product_tag":[],"class_list":{"0":"post-40116","1":"product","2":"type-product","3":"status-publish","4":"has-post-thumbnail","6":"product_cat-impresoras-e-insumos","7":"product_shipping_class-extra-pequenos","8":"desktop-align-left","9":"tablet-align-left","10":"mobile-align-left","12":"first","13":"instock","14":"shipping-taxable","15":"purchasable","16":"product-type-simple"},"_links":{"self":[{"href":"https:\/\/mutualsoberania.com.ar\/proveeduria\/wp-json\/wp\/v2\/product\/40116","targetHints":{"allow":["GET"]}}],"collection":[{"href":"https:\/\/mutualsoberania.com.ar\/proveeduria\/wp-json\/wp\/v2\/product"}],"about":[{"href":"https:\/\/mutualsoberania.com.ar\/proveeduria\/wp-json\/wp\/v2\/types\/product"}],"wp:featuredmedia":[{"embeddable":true,"href":"https:\/\/mutualsoberania.com.ar\/proveeduria\/wp-json\/wp\/v2\/media\/40246"}],"wp:attachment":[{"href":"https:\/\/mutualsoberania.com.ar\/proveeduria\/wp-json\/wp\/v2\/media?parent=40116"}],"wp:term":[{"taxonomy":"product_brand","embeddable":true,"href":"https:\/\/mutualsoberania.com.ar\/proveeduria\/wp-json\/wp\/v2\/product_brand?post=40116"},{"taxonomy":"product_cat","embeddable":true,"href":"https:\/\/mutualsoberania.com.ar\/proveeduria\/wp-json\/wp\/v2\/product_cat?post=40116"},{"taxonomy":"product_tag","embeddable":true,"href":"https:\/\/mutualsoberania.com.ar\/proveeduria\/wp-json\/wp\/v2\/product_tag?post=40116"}],"curies":[{"name":"wp","href":"https:\/\/api.w.org\/{rel}","templated":true}]}}