{"id":40105,"date":"2026-02-18T10:38:35","date_gmt":"2026-02-18T13:38:35","guid":{"rendered":"https:\/\/mutualsoberania.com.ar\/proveeduria\/proveeduria\/sin categor\u00eda\/cocina-electrolux-76dxr-76cm-doble-horno\/"},"modified":"2026-04-20T11:31:01","modified_gmt":"2026-04-20T14:31:01","slug":"cocina-electrolux-76dxr-76cm-doble-horno","status":"publish","type":"product","link":"https:\/\/mutualsoberania.com.ar\/proveeduria\/proveeduria\/cocinas-hornos-y-anafes\/cocina-electrolux-76dxr-76cm-doble-horno\/","title":{"rendered":"Cocina Electrolux 76dxr 76cm Doble Horno"},"content":{"rendered":"<p>Moderna y segura, la Cocina Doble Horno Electrolux (76DXR) cuenta con dos hornos independientes a gas y un grill el\u00e9ctrico para que puedas gratinar y dorar preparaciones y darle un toque especial a tus alimentos en el tiempo justo, gracias a su temporizador digital y reloj que facilita el control del tiempo de cocci\u00f3n.<\/p>\n<p>Sus dos hornos con temperatura independiente, permiten cocinar diferentes planos al mismo tiempo, sin mezclar aromas ni sabores.<\/p>\n<p>Cuenta tambi\u00e9n con cinco hornallas, una de ellas con funci\u00f3n triple llama, que proporciona mayor rapidez en la cocci\u00f3n.<br \/>\nAdem\u00e1s, sus hornallas est\u00e1n selladas, de manera que no permiten la entrada de residuos al interior de la cocina. Tambi\u00e9n el Recubrimiento FastClean evita la acumulaci\u00f3n de grasa y facilita la limpieza del horno.<\/p>\n","protected":false},"excerpt":{"rendered":"<p>Moderna y segura, la Cocina Doble Horno Electrolux (76DXR) cuenta con dos hornos independientes a gas y un grill el\u00e9ctrico para que puedas gratinar y dorar preparaciones y darle un toque especial a tus alimentos en el tiempo justo, gracias a su temporizador digital y reloj que facilita el control del tiempo de cocci\u00f3n. Sus &hellip;<\/p>\n<p class=\"read-more\"> <a class=\"\" href=\"https:\/\/mutualsoberania.com.ar\/proveeduria\/proveeduria\/cocinas-hornos-y-anafes\/cocina-electrolux-76dxr-76cm-doble-horno\/\"> <span class=\"screen-reader-text\">Cocina Electrolux 76dxr 76cm Doble Horno<\/span> Leer m\u00e1s &raquo;<\/a><\/p>\n","protected":false},"featured_media":40232,"template":"","meta":{"site-sidebar-layout":"default","site-content-layout":"default","ast-global-header-display":"","ast-main-header-display":"","ast-hfb-above-header-display":"","ast-hfb-below-header-display":"","ast-hfb-mobile-header-display":"","site-post-title":"","ast-breadcrumbs-content":"","ast-featured-img":"","footer-sml-layout":"","theme-transparent-header-meta":"","adv-header-id-meta":"","stick-header-meta":"","header-above-stick-meta":"","header-main-stick-meta":"","header-below-stick-meta":"","_joinchat":[]},"product_brand":[],"product_cat":[256],"product_tag":[],"class_list":{"0":"post-40105","1":"product","2":"type-product","3":"status-publish","4":"has-post-thumbnail","6":"product_cat-cocinas-hornos-y-anafes","7":"product_shipping_class-grandes","8":"desktop-align-left","9":"tablet-align-left","10":"mobile-align-left","12":"first","13":"instock","14":"shipping-taxable","15":"purchasable","16":"product-type-simple"},"_links":{"self":[{"href":"https:\/\/mutualsoberania.com.ar\/proveeduria\/wp-json\/wp\/v2\/product\/40105","targetHints":{"allow":["GET"]}}],"collection":[{"href":"https:\/\/mutualsoberania.com.ar\/proveeduria\/wp-json\/wp\/v2\/product"}],"about":[{"href":"https:\/\/mutualsoberania.com.ar\/proveeduria\/wp-json\/wp\/v2\/types\/product"}],"wp:featuredmedia":[{"embeddable":true,"href":"https:\/\/mutualsoberania.com.ar\/proveeduria\/wp-json\/wp\/v2\/media\/40232"}],"wp:attachment":[{"href":"https:\/\/mutualsoberania.com.ar\/proveeduria\/wp-json\/wp\/v2\/media?parent=40105"}],"wp:term":[{"taxonomy":"product_brand","embeddable":true,"href":"https:\/\/mutualsoberania.com.ar\/proveeduria\/wp-json\/wp\/v2\/product_brand?post=40105"},{"taxonomy":"product_cat","embeddable":true,"href":"https:\/\/mutualsoberania.com.ar\/proveeduria\/wp-json\/wp\/v2\/product_cat?post=40105"},{"taxonomy":"product_tag","embeddable":true,"href":"https:\/\/mutualsoberania.com.ar\/proveeduria\/wp-json\/wp\/v2\/product_tag?post=40105"}],"curies":[{"name":"wp","href":"https:\/\/api.w.org\/{rel}","templated":true}]}}