{"id":40102,"date":"2026-02-18T10:38:35","date_gmt":"2026-02-18T13:38:35","guid":{"rendered":"https:\/\/mutualsoberania.com.ar\/proveeduria\/proveeduria\/sin categor\u00eda\/caja-vino-dv-catena-cabernet-malbec-750-cc-x-6-unidades\/"},"modified":"2026-02-18T10:38:35","modified_gmt":"2026-02-18T13:38:35","slug":"caja-vino-dv-catena-cabernet-malbec-750-cc-x-6-unidades","status":"publish","type":"product","link":"https:\/\/mutualsoberania.com.ar\/proveeduria\/proveeduria\/bebidas\/caja-vino-dv-catena-cabernet-malbec-750-cc-x-6-unidades\/","title":{"rendered":"Caja Vino DV Catena, Cabernet-Malbec 750 Cc X 6 Unidades"},"content":{"rendered":"<p>DV Catena Cabernet Sauvignon-Malbec es un vino elegante y complejo, de color rojo rub\u00ed con reflejos violetas. A la nariz, intenso y concentrado, presenta notas de especias aportadas por el Cabernet Sauvignon del vi\u00f1edo La Pir\u00e1mide, y notas de moras maduras y ciruelas, caracter\u00edsticas del Malbec del vi\u00f1edo Ang\u00e9lica, acompa\u00f1adas por vainilla, tabaco y licor aportadas por la crianza en roble. En boca, de impacto dulce y gran complejidad, con taninos integrados y redondos, de final largo y persistente. Ideal para acompa\u00f1ar carnes de caza, como el ciervo y el jabal\u00ed.<br \/>\nINFORMACI\u00d3N T\u00c9CNICA<br \/>\nVarietal: 50% Cabernet Sauvingnon, 50% Malbec<br \/>\nAlcohol: 14%<br \/>\nFermentaci\u00f3n: Levaduras seleccionadas, max temp. ferm. 29\u00b0C, durante 12 d\u00edas, con 29 d\u00edas de maceraci\u00f3n<br \/>\nA\u00f1ejamiento: 16 meses en 90% Roble franc\u00e9s (30% nuevo) y 10% roble americano nuevo<br \/>\nAcidez Total: 5.55 gramos\/litros<br \/>\npH: 3.72<\/p>\n","protected":false},"excerpt":{"rendered":"<p>DV Catena Cabernet Sauvignon-Malbec es un vino elegante y complejo, de color rojo rub\u00ed con reflejos violetas. A la nariz, intenso y concentrado, presenta notas de especias aportadas por el Cabernet Sauvignon del vi\u00f1edo La Pir\u00e1mide, y notas de moras maduras y ciruelas, caracter\u00edsticas del Malbec del vi\u00f1edo Ang\u00e9lica, acompa\u00f1adas por vainilla, tabaco y licor &hellip;<\/p>\n<p class=\"read-more\"> <a class=\"\" href=\"https:\/\/mutualsoberania.com.ar\/proveeduria\/proveeduria\/bebidas\/caja-vino-dv-catena-cabernet-malbec-750-cc-x-6-unidades\/\"> <span class=\"screen-reader-text\">Caja Vino DV Catena, Cabernet-Malbec 750 Cc X 6 Unidades<\/span> Leer m\u00e1s &raquo;<\/a><\/p>\n","protected":false},"featured_media":40228,"template":"","meta":{"site-sidebar-layout":"default","site-content-layout":"default","ast-global-header-display":"","ast-main-header-display":"","ast-hfb-above-header-display":"","ast-hfb-below-header-display":"","ast-hfb-mobile-header-display":"","site-post-title":"","ast-breadcrumbs-content":"","ast-featured-img":"","footer-sml-layout":"","theme-transparent-header-meta":"","adv-header-id-meta":"","stick-header-meta":"","header-above-stick-meta":"","header-main-stick-meta":"","header-below-stick-meta":"","_joinchat":[]},"product_brand":[],"product_cat":[279],"product_tag":[],"class_list":{"0":"post-40102","1":"product","2":"type-product","3":"status-publish","4":"has-post-thumbnail","6":"product_cat-bebidas","7":"desktop-align-left","8":"tablet-align-left","9":"mobile-align-left","11":"first","12":"outofstock","13":"shipping-taxable","14":"purchasable","15":"product-type-simple"},"_links":{"self":[{"href":"https:\/\/mutualsoberania.com.ar\/proveeduria\/wp-json\/wp\/v2\/product\/40102","targetHints":{"allow":["GET"]}}],"collection":[{"href":"https:\/\/mutualsoberania.com.ar\/proveeduria\/wp-json\/wp\/v2\/product"}],"about":[{"href":"https:\/\/mutualsoberania.com.ar\/proveeduria\/wp-json\/wp\/v2\/types\/product"}],"wp:featuredmedia":[{"embeddable":true,"href":"https:\/\/mutualsoberania.com.ar\/proveeduria\/wp-json\/wp\/v2\/media\/40228"}],"wp:attachment":[{"href":"https:\/\/mutualsoberania.com.ar\/proveeduria\/wp-json\/wp\/v2\/media?parent=40102"}],"wp:term":[{"taxonomy":"product_brand","embeddable":true,"href":"https:\/\/mutualsoberania.com.ar\/proveeduria\/wp-json\/wp\/v2\/product_brand?post=40102"},{"taxonomy":"product_cat","embeddable":true,"href":"https:\/\/mutualsoberania.com.ar\/proveeduria\/wp-json\/wp\/v2\/product_cat?post=40102"},{"taxonomy":"product_tag","embeddable":true,"href":"https:\/\/mutualsoberania.com.ar\/proveeduria\/wp-json\/wp\/v2\/product_tag?post=40102"}],"curies":[{"name":"wp","href":"https:\/\/api.w.org\/{rel}","templated":true}]}}