{"id":39874,"date":"2026-01-14T12:23:15","date_gmt":"2026-01-14T15:23:15","guid":{"rendered":"https:\/\/mutualsoberania.com.ar\/proveeduria\/proveeduria\/sin categor\u00eda\/reposera-ego-cama-metal-blanco-24002064\/"},"modified":"2026-04-20T11:31:19","modified_gmt":"2026-04-20T14:31:19","slug":"reposera-ego-cama-metal-blanco-24002064","status":"publish","type":"product","link":"https:\/\/mutualsoberania.com.ar\/proveeduria\/proveeduria\/tiempo-libre-y-jardn\/jardn\/reposera-ego-cama-metal-blanco-24002064\/","title":{"rendered":"Reposera Ego Cama Metal Blanco (24002064)"},"content":{"rendered":"<p>Reposera tipo cama, ideal para jard\u00edn, patio o pileta. Fabricada en acero pintado, ofrece una estructura resistente y estable, con dise\u00f1o c\u00f3modo para el descanso al aire libre. Su terminaci\u00f3n en color blanco aporta un estilo moderno y f\u00e1cil de combinar. Apta para uso exterior.<\/p>\n","protected":false},"excerpt":{"rendered":"<p>Reposera tipo cama, ideal para jard\u00edn, patio o pileta. Fabricada en acero pintado, ofrece una estructura resistente y estable, con dise\u00f1o c\u00f3modo para el descanso al aire libre. Su terminaci\u00f3n en color blanco aporta un estilo moderno y f\u00e1cil de combinar. Apta para uso exterior.<\/p>\n","protected":false},"featured_media":40089,"template":"","meta":{"site-sidebar-layout":"default","site-content-layout":"default","ast-global-header-display":"","ast-main-header-display":"","ast-hfb-above-header-display":"","ast-hfb-below-header-display":"","ast-hfb-mobile-header-display":"","site-post-title":"","ast-breadcrumbs-content":"","ast-featured-img":"","footer-sml-layout":"","theme-transparent-header-meta":"","adv-header-id-meta":"","stick-header-meta":"","header-above-stick-meta":"","header-main-stick-meta":"","header-below-stick-meta":"","_joinchat":[]},"product_brand":[],"product_cat":[249,289],"product_tag":[],"class_list":{"0":"post-39874","1":"product","2":"type-product","3":"status-publish","4":"has-post-thumbnail","6":"product_cat-jardn","7":"product_cat-jardin","8":"product_shipping_class-pequenos","9":"desktop-align-left","10":"tablet-align-left","11":"mobile-align-left","13":"first","14":"instock","15":"shipping-taxable","16":"purchasable","17":"product-type-simple"},"_links":{"self":[{"href":"https:\/\/mutualsoberania.com.ar\/proveeduria\/wp-json\/wp\/v2\/product\/39874","targetHints":{"allow":["GET"]}}],"collection":[{"href":"https:\/\/mutualsoberania.com.ar\/proveeduria\/wp-json\/wp\/v2\/product"}],"about":[{"href":"https:\/\/mutualsoberania.com.ar\/proveeduria\/wp-json\/wp\/v2\/types\/product"}],"wp:featuredmedia":[{"embeddable":true,"href":"https:\/\/mutualsoberania.com.ar\/proveeduria\/wp-json\/wp\/v2\/media\/40089"}],"wp:attachment":[{"href":"https:\/\/mutualsoberania.com.ar\/proveeduria\/wp-json\/wp\/v2\/media?parent=39874"}],"wp:term":[{"taxonomy":"product_brand","embeddable":true,"href":"https:\/\/mutualsoberania.com.ar\/proveeduria\/wp-json\/wp\/v2\/product_brand?post=39874"},{"taxonomy":"product_cat","embeddable":true,"href":"https:\/\/mutualsoberania.com.ar\/proveeduria\/wp-json\/wp\/v2\/product_cat?post=39874"},{"taxonomy":"product_tag","embeddable":true,"href":"https:\/\/mutualsoberania.com.ar\/proveeduria\/wp-json\/wp\/v2\/product_tag?post=39874"}],"curies":[{"name":"wp","href":"https:\/\/api.w.org\/{rel}","templated":true}]}}