{"id":39864,"date":"2026-01-14T12:23:15","date_gmt":"2026-01-14T15:23:15","guid":{"rendered":"https:\/\/mutualsoberania.com.ar\/proveeduria\/proveeduria\/sin categor\u00eda\/sombrilla-utile-3-00-mts-lateral-poliester-c-base-beige-gb1880-b-16214\/"},"modified":"2026-04-20T11:31:18","modified_gmt":"2026-04-20T14:31:18","slug":"sombrilla-utile-3-00-mts-lateral-poliester-c-base-beige-gb1880-b-16214","status":"publish","type":"product","link":"https:\/\/mutualsoberania.com.ar\/proveeduria\/proveeduria\/tiempo-libre-y-jardn\/jardn\/sombrilla-utile-3-00-mts-lateral-poliester-c-base-beige-gb1880-b-16214\/","title":{"rendered":"Sombrilla Utile 3.00 Mts Lateral Poliester C\/Base Beige (GB1880-B 16214)"},"content":{"rendered":"<p>La Sombrilla Lateral cuenta con una base en forma de cruz con orificios para amurarla donde desees. Con altura regulable y reclinable para poder ajustarla seg\u00fan tus necesidades. Confeccionada con materiales de alta calidad, su estructura de acero y sombrilla de poli\u00e9ster garantizan resistencia y durabilidad. Adem\u00e1s, su sistema de manivela permite una apertura r\u00e1pida y sin esfuerzos. Liberando la traba del eje central tiene una inclinaci\u00f3n de aproximadamente 45 \u00b0<\/p>\n","protected":false},"excerpt":{"rendered":"<p>La Sombrilla Lateral cuenta con una base en forma de cruz con orificios para amurarla donde desees. Con altura regulable y reclinable para poder ajustarla seg\u00fan tus necesidades. Confeccionada con materiales de alta calidad, su estructura de acero y sombrilla de poli\u00e9ster garantizan resistencia y durabilidad. Adem\u00e1s, su sistema de manivela permite una apertura r\u00e1pida &hellip;<\/p>\n<p class=\"read-more\"> <a class=\"\" href=\"https:\/\/mutualsoberania.com.ar\/proveeduria\/proveeduria\/tiempo-libre-y-jardn\/jardn\/sombrilla-utile-3-00-mts-lateral-poliester-c-base-beige-gb1880-b-16214\/\"> <span class=\"screen-reader-text\">Sombrilla Utile 3.00 Mts Lateral Poliester C\/Base Beige (GB1880-B 16214)<\/span> Leer m\u00e1s &raquo;<\/a><\/p>\n","protected":false},"featured_media":40079,"template":"","meta":{"site-sidebar-layout":"default","site-content-layout":"default","ast-global-header-display":"","ast-main-header-display":"","ast-hfb-above-header-display":"","ast-hfb-below-header-display":"","ast-hfb-mobile-header-display":"","site-post-title":"","ast-breadcrumbs-content":"","ast-featured-img":"","footer-sml-layout":"","theme-transparent-header-meta":"","adv-header-id-meta":"","stick-header-meta":"","header-above-stick-meta":"","header-main-stick-meta":"","header-below-stick-meta":"","_joinchat":[]},"product_brand":[],"product_cat":[249,289],"product_tag":[],"class_list":{"0":"post-39864","1":"product","2":"type-product","3":"status-publish","4":"has-post-thumbnail","6":"product_cat-jardn","7":"product_cat-jardin","8":"product_shipping_class-pequenos","9":"desktop-align-left","10":"tablet-align-left","11":"mobile-align-left","13":"first","14":"instock","15":"shipping-taxable","16":"purchasable","17":"product-type-simple"},"_links":{"self":[{"href":"https:\/\/mutualsoberania.com.ar\/proveeduria\/wp-json\/wp\/v2\/product\/39864","targetHints":{"allow":["GET"]}}],"collection":[{"href":"https:\/\/mutualsoberania.com.ar\/proveeduria\/wp-json\/wp\/v2\/product"}],"about":[{"href":"https:\/\/mutualsoberania.com.ar\/proveeduria\/wp-json\/wp\/v2\/types\/product"}],"wp:featuredmedia":[{"embeddable":true,"href":"https:\/\/mutualsoberania.com.ar\/proveeduria\/wp-json\/wp\/v2\/media\/40079"}],"wp:attachment":[{"href":"https:\/\/mutualsoberania.com.ar\/proveeduria\/wp-json\/wp\/v2\/media?parent=39864"}],"wp:term":[{"taxonomy":"product_brand","embeddable":true,"href":"https:\/\/mutualsoberania.com.ar\/proveeduria\/wp-json\/wp\/v2\/product_brand?post=39864"},{"taxonomy":"product_cat","embeddable":true,"href":"https:\/\/mutualsoberania.com.ar\/proveeduria\/wp-json\/wp\/v2\/product_cat?post=39864"},{"taxonomy":"product_tag","embeddable":true,"href":"https:\/\/mutualsoberania.com.ar\/proveeduria\/wp-json\/wp\/v2\/product_tag?post=39864"}],"curies":[{"name":"wp","href":"https:\/\/api.w.org\/{rel}","templated":true}]}}