{"id":39863,"date":"2026-01-14T12:23:15","date_gmt":"2026-01-14T15:23:15","guid":{"rendered":"https:\/\/mutualsoberania.com.ar\/proveeduria\/proveeduria\/sin categor\u00eda\/gazebo-utile-3x3-mts-plegable-poliester-oxford-800d-verde-ut1206v-16763\/"},"modified":"2026-04-20T11:31:18","modified_gmt":"2026-04-20T14:31:18","slug":"gazebo-utile-3x3-mts-plegable-poliester-oxford-800d-verde-ut1206v-16763","status":"publish","type":"product","link":"https:\/\/mutualsoberania.com.ar\/proveeduria\/proveeduria\/tiempo-libre-y-jardn\/jardn\/gazebo-utile-3x3-mts-plegable-poliester-oxford-800d-verde-ut1206v-16763\/","title":{"rendered":"Gazebo Utile 3&#215;3 Mts Plegable Poliester Oxford 800d Verde (UT1206V 16763)"},"content":{"rendered":"<p>El Gazebo Plegable Autoarmable 3&#215;3 Impermeable es el complemento perfecto para tus eventos al aire libre. Con su dise\u00f1o plegable y ajustable, podr\u00e1s armarlo y desarmarlo f\u00e1cilmente en cuesti\u00f3n de minutos. Su armaz\u00f3n de acero garantiza su resistencia y durabilidad, mientras que la tela de poli\u00e9ster Oxford 800D lo hace impermeable, protegi\u00e9ndote de la lluvia.<\/p>\n","protected":false},"excerpt":{"rendered":"<p>El Gazebo Plegable Autoarmable 3&#215;3 Impermeable es el complemento perfecto para tus eventos al aire libre. Con su dise\u00f1o plegable y ajustable, podr\u00e1s armarlo y desarmarlo f\u00e1cilmente en cuesti\u00f3n de minutos. Su armaz\u00f3n de acero garantiza su resistencia y durabilidad, mientras que la tela de poli\u00e9ster Oxford 800D lo hace impermeable, protegi\u00e9ndote de la lluvia.<\/p>\n","protected":false},"featured_media":40078,"template":"","meta":{"site-sidebar-layout":"default","site-content-layout":"default","ast-global-header-display":"","ast-main-header-display":"","ast-hfb-above-header-display":"","ast-hfb-below-header-display":"","ast-hfb-mobile-header-display":"","site-post-title":"","ast-breadcrumbs-content":"","ast-featured-img":"","footer-sml-layout":"","theme-transparent-header-meta":"","adv-header-id-meta":"","stick-header-meta":"","header-above-stick-meta":"","header-main-stick-meta":"","header-below-stick-meta":"","_joinchat":[]},"product_brand":[],"product_cat":[249,289],"product_tag":[],"class_list":{"0":"post-39863","1":"product","2":"type-product","3":"status-publish","4":"has-post-thumbnail","6":"product_cat-jardn","7":"product_cat-jardin","8":"product_shipping_class-medianos","9":"desktop-align-left","10":"tablet-align-left","11":"mobile-align-left","13":"first","14":"instock","15":"shipping-taxable","16":"purchasable","17":"product-type-simple"},"_links":{"self":[{"href":"https:\/\/mutualsoberania.com.ar\/proveeduria\/wp-json\/wp\/v2\/product\/39863","targetHints":{"allow":["GET"]}}],"collection":[{"href":"https:\/\/mutualsoberania.com.ar\/proveeduria\/wp-json\/wp\/v2\/product"}],"about":[{"href":"https:\/\/mutualsoberania.com.ar\/proveeduria\/wp-json\/wp\/v2\/types\/product"}],"wp:featuredmedia":[{"embeddable":true,"href":"https:\/\/mutualsoberania.com.ar\/proveeduria\/wp-json\/wp\/v2\/media\/40078"}],"wp:attachment":[{"href":"https:\/\/mutualsoberania.com.ar\/proveeduria\/wp-json\/wp\/v2\/media?parent=39863"}],"wp:term":[{"taxonomy":"product_brand","embeddable":true,"href":"https:\/\/mutualsoberania.com.ar\/proveeduria\/wp-json\/wp\/v2\/product_brand?post=39863"},{"taxonomy":"product_cat","embeddable":true,"href":"https:\/\/mutualsoberania.com.ar\/proveeduria\/wp-json\/wp\/v2\/product_cat?post=39863"},{"taxonomy":"product_tag","embeddable":true,"href":"https:\/\/mutualsoberania.com.ar\/proveeduria\/wp-json\/wp\/v2\/product_tag?post=39863"}],"curies":[{"name":"wp","href":"https:\/\/api.w.org\/{rel}","templated":true}]}}