{"id":39854,"date":"2026-01-14T12:23:15","date_gmt":"2026-01-14T15:23:15","guid":{"rendered":"https:\/\/mutualsoberania.com.ar\/proveeduria\/proveeduria\/sin categor\u00eda\/bordeadora-inalambrica-dibra-350w-2x-20v-tt-bbc4030\/"},"modified":"2026-04-20T11:31:18","modified_gmt":"2026-04-20T14:31:18","slug":"bordeadora-inalambrica-dibra-350w-2x-20v-tt-bbc4030","status":"publish","type":"product","link":"https:\/\/mutualsoberania.com.ar\/proveeduria\/proveeduria\/tiempo-libre-y-jardn\/jardn\/bordeadora-inalambrica-dibra-350w-2x-20v-tt-bbc4030\/","title":{"rendered":"Bordeadora Inal\u00e1mbrica Dibra 350w \/ 2x 20v (TT-BBC4030)"},"content":{"rendered":"<p>La bordeadora inal\u00e1mbrica DIBRA TT-BBC4030 es la herramienta ideal para mantener bordes y contornos de tu jard\u00edn prolijos sin cables ni restricciones. Su motor de 350 W con alimentaci\u00f3n a 40 V (2 x 20 V) ofrece un corte potente y eficiente, mientras que las dos bater\u00edas incluidas permiten trabajar con autonom\u00eda y libertad. Gracias a su dise\u00f1o ergon\u00f3mico, ajuste de cabezal y rueda para bordes, pod\u00e9s lograr resultados profesionales en espacios exteriores de forma f\u00e1cil y c\u00f3moda.<\/p>\n","protected":false},"excerpt":{"rendered":"<p>La bordeadora inal\u00e1mbrica DIBRA TT-BBC4030 es la herramienta ideal para mantener bordes y contornos de tu jard\u00edn prolijos sin cables ni restricciones. Su motor de 350 W con alimentaci\u00f3n a 40 V (2 x 20 V) ofrece un corte potente y eficiente, mientras que las dos bater\u00edas incluidas permiten trabajar con autonom\u00eda y libertad. Gracias &hellip;<\/p>\n<p class=\"read-more\"> <a class=\"\" href=\"https:\/\/mutualsoberania.com.ar\/proveeduria\/proveeduria\/tiempo-libre-y-jardn\/jardn\/bordeadora-inalambrica-dibra-350w-2x-20v-tt-bbc4030\/\"> <span class=\"screen-reader-text\">Bordeadora Inal\u00e1mbrica Dibra 350w \/ 2x 20v (TT-BBC4030)<\/span> Leer m\u00e1s &raquo;<\/a><\/p>\n","protected":false},"featured_media":40069,"template":"","meta":{"site-sidebar-layout":"default","site-content-layout":"default","ast-global-header-display":"","ast-main-header-display":"","ast-hfb-above-header-display":"","ast-hfb-below-header-display":"","ast-hfb-mobile-header-display":"","site-post-title":"","ast-breadcrumbs-content":"","ast-featured-img":"","footer-sml-layout":"","theme-transparent-header-meta":"","adv-header-id-meta":"","stick-header-meta":"","header-above-stick-meta":"","header-main-stick-meta":"","header-below-stick-meta":"","_joinchat":[]},"product_brand":[],"product_cat":[249,289],"product_tag":[],"class_list":{"0":"post-39854","1":"product","2":"type-product","3":"status-publish","4":"has-post-thumbnail","6":"product_cat-jardn","7":"product_cat-jardin","8":"product_shipping_class-pequenos","9":"desktop-align-left","10":"tablet-align-left","11":"mobile-align-left","13":"first","14":"instock","15":"shipping-taxable","16":"purchasable","17":"product-type-simple"},"_links":{"self":[{"href":"https:\/\/mutualsoberania.com.ar\/proveeduria\/wp-json\/wp\/v2\/product\/39854","targetHints":{"allow":["GET"]}}],"collection":[{"href":"https:\/\/mutualsoberania.com.ar\/proveeduria\/wp-json\/wp\/v2\/product"}],"about":[{"href":"https:\/\/mutualsoberania.com.ar\/proveeduria\/wp-json\/wp\/v2\/types\/product"}],"wp:featuredmedia":[{"embeddable":true,"href":"https:\/\/mutualsoberania.com.ar\/proveeduria\/wp-json\/wp\/v2\/media\/40069"}],"wp:attachment":[{"href":"https:\/\/mutualsoberania.com.ar\/proveeduria\/wp-json\/wp\/v2\/media?parent=39854"}],"wp:term":[{"taxonomy":"product_brand","embeddable":true,"href":"https:\/\/mutualsoberania.com.ar\/proveeduria\/wp-json\/wp\/v2\/product_brand?post=39854"},{"taxonomy":"product_cat","embeddable":true,"href":"https:\/\/mutualsoberania.com.ar\/proveeduria\/wp-json\/wp\/v2\/product_cat?post=39854"},{"taxonomy":"product_tag","embeddable":true,"href":"https:\/\/mutualsoberania.com.ar\/proveeduria\/wp-json\/wp\/v2\/product_tag?post=39854"}],"curies":[{"name":"wp","href":"https:\/\/api.w.org\/{rel}","templated":true}]}}