{"id":39809,"date":"2026-01-14T12:23:14","date_gmt":"2026-01-14T15:23:14","guid":{"rendered":"https:\/\/mutualsoberania.com.ar\/proveeduria\/proveeduria\/sin categor\u00eda\/set-tazas-larhaus-espresso-barista-100cc-x2-unidades-lh1065\/"},"modified":"2026-04-20T11:31:13","modified_gmt":"2026-04-20T14:31:13","slug":"set-tazas-larhaus-espresso-barista-100cc-x2-unidades-lh1065","status":"publish","type":"product","link":"https:\/\/mutualsoberania.com.ar\/proveeduria\/proveeduria\/blanco-y-bazar\/bazar\/set-tazas-larhaus-espresso-barista-100cc-x2-unidades-lh1065\/","title":{"rendered":"Set Tazas Larhaus Espresso Barista 100cc X2 Unidades (LH1065)"},"content":{"rendered":"<p>Disfrut\u00e1 tu espresso como un verdadero barista con el Set de Tazas Larhaus Barista LH1065, dise\u00f1adas para realzar aroma, temperatura y presentaci\u00f3n. Su doble pared de vidrio t\u00e9rmico mantiene tu caf\u00e9 caliente por m\u00e1s tiempo sin quemarte las manos, a la vez que crea un efecto visual elegante que realza el color de la bebida.<\/p>\n<p>Cada taza tiene una capacidad de 100 cc, el tama\u00f1o justo para un espresso cl\u00e1sico, y su dise\u00f1o transparente combina con cualquier estilo de cocina o barra de caf\u00e9. Gracias a su estructura resistente, son aptas para microondas y lavavajillas, facilitando el uso cotidiano.<\/p>\n<p>Ideal para amantes del caf\u00e9, regalos o cafeter\u00edas que buscan un estilo moderno y minimalista, este pack incluye 2 unidades listas para usar y disfrutar.<\/p>\n<p>Elegancia, confort y sabor en cada sorbo.<\/p>\n","protected":false},"excerpt":{"rendered":"<p>Disfrut\u00e1 tu espresso como un verdadero barista con el Set de Tazas Larhaus Barista LH1065, dise\u00f1adas para realzar aroma, temperatura y presentaci\u00f3n. Su doble pared de vidrio t\u00e9rmico mantiene tu caf\u00e9 caliente por m\u00e1s tiempo sin quemarte las manos, a la vez que crea un efecto visual elegante que realza el color de la bebida. &hellip;<\/p>\n<p class=\"read-more\"> <a class=\"\" href=\"https:\/\/mutualsoberania.com.ar\/proveeduria\/proveeduria\/blanco-y-bazar\/bazar\/set-tazas-larhaus-espresso-barista-100cc-x2-unidades-lh1065\/\"> <span class=\"screen-reader-text\">Set Tazas Larhaus Espresso Barista 100cc X2 Unidades (LH1065)<\/span> Leer m\u00e1s &raquo;<\/a><\/p>\n","protected":false},"featured_media":40024,"template":"","meta":{"site-sidebar-layout":"default","site-content-layout":"default","ast-global-header-display":"","ast-main-header-display":"","ast-hfb-above-header-display":"","ast-hfb-below-header-display":"","ast-hfb-mobile-header-display":"","site-post-title":"","ast-breadcrumbs-content":"","ast-featured-img":"","footer-sml-layout":"","theme-transparent-header-meta":"","adv-header-id-meta":"","stick-header-meta":"","header-above-stick-meta":"","header-main-stick-meta":"","header-below-stick-meta":"","_joinchat":[]},"product_brand":[],"product_cat":[42,281],"product_tag":[],"class_list":{"0":"post-39809","1":"product","2":"type-product","3":"status-publish","4":"has-post-thumbnail","6":"product_cat-bazar","7":"product_cat-bazar-2","8":"product_shipping_class-extra-pequenos","9":"desktop-align-left","10":"tablet-align-left","11":"mobile-align-left","13":"first","14":"instock","15":"shipping-taxable","16":"purchasable","17":"product-type-simple"},"_links":{"self":[{"href":"https:\/\/mutualsoberania.com.ar\/proveeduria\/wp-json\/wp\/v2\/product\/39809","targetHints":{"allow":["GET"]}}],"collection":[{"href":"https:\/\/mutualsoberania.com.ar\/proveeduria\/wp-json\/wp\/v2\/product"}],"about":[{"href":"https:\/\/mutualsoberania.com.ar\/proveeduria\/wp-json\/wp\/v2\/types\/product"}],"wp:featuredmedia":[{"embeddable":true,"href":"https:\/\/mutualsoberania.com.ar\/proveeduria\/wp-json\/wp\/v2\/media\/40024"}],"wp:attachment":[{"href":"https:\/\/mutualsoberania.com.ar\/proveeduria\/wp-json\/wp\/v2\/media?parent=39809"}],"wp:term":[{"taxonomy":"product_brand","embeddable":true,"href":"https:\/\/mutualsoberania.com.ar\/proveeduria\/wp-json\/wp\/v2\/product_brand?post=39809"},{"taxonomy":"product_cat","embeddable":true,"href":"https:\/\/mutualsoberania.com.ar\/proveeduria\/wp-json\/wp\/v2\/product_cat?post=39809"},{"taxonomy":"product_tag","embeddable":true,"href":"https:\/\/mutualsoberania.com.ar\/proveeduria\/wp-json\/wp\/v2\/product_tag?post=39809"}],"curies":[{"name":"wp","href":"https:\/\/api.w.org\/{rel}","templated":true}]}}