{"id":39732,"date":"2026-01-14T12:23:11","date_gmt":"2026-01-14T15:23:11","guid":{"rendered":"https:\/\/mutualsoberania.com.ar\/proveeduria\/proveeduria\/sin%20categor\u00eda\/horno-electrico-smartlife-conveccion-40lts-slto0040pn\/"},"modified":"2026-04-20T11:31:04","modified_gmt":"2026-04-20T14:31:04","slug":"horno-electrico-smartlife-conveccion-40lts-slto0040pn","status":"publish","type":"product","link":"https:\/\/mutualsoberania.com.ar\/proveeduria\/proveeduria\/cocinas-hornos-y-anafes\/horno-electrico-smartlife-conveccion-40lts-slto0040pn\/","title":{"rendered":"Horno El\u00e9ctrico Smartlife Convecci\u00f3n 40lts (SLTO0040PN)"},"content":{"rendered":"<p>5 funciones de cocci\u00f3n: El horno de mesa Smartlife de 40 Lts cuenta con 5 funciones preseteadas para que puedas utilizar la m\u00e1s conveniente para tu receta: Grill, tostar, hornear, convecci\u00f3n + tostar, convecci\u00f3n + hornear.<\/p>\n<p>Funci\u00f3n Convecci\u00f3n: Entre sus funciones se destacada la de convecci\u00f3n ya que te permite cocinar con calor radiante y aire caliente logrando que tus alimentos puedan cocinarse en menos tiempo, tengan una cocci\u00f3n uniforme, ahorres energ\u00eda y puedas disfrutar al sabor al m\u00e1ximo de todos tus platos.<\/p>\n<p>Luz Interior: Fabricado para que su funcionamiento sea \u00f3ptimo, el horno cuenta con luz interior para evitar abrirlo de forma constante para comprobar el estado de la cocci\u00f3n y al hacerlo perder calor y echar a perder la preparaci\u00f3n.<\/p>\n<p>Temporizador: Ideal para recetas de reposter\u00eda, cuenta con temporizador de 60 minutos que tiene alarma sonora avis\u00e1ndote cuando se alcanz\u00f3 el tiempo indicado en la receta.<\/p>\n","protected":false},"excerpt":{"rendered":"<p>5 funciones de cocci\u00f3n: El horno de mesa Smartlife de 40 Lts cuenta con 5 funciones preseteadas para que puedas utilizar la m\u00e1s conveniente para tu receta: Grill, tostar, hornear, convecci\u00f3n + tostar, convecci\u00f3n + hornear. Funci\u00f3n Convecci\u00f3n: Entre sus funciones se destacada la de convecci\u00f3n ya que te permite cocinar con calor radiante y &hellip;<\/p>\n<p class=\"read-more\"> <a class=\"\" href=\"https:\/\/mutualsoberania.com.ar\/proveeduria\/proveeduria\/cocinas-hornos-y-anafes\/horno-electrico-smartlife-conveccion-40lts-slto0040pn\/\"> <span class=\"screen-reader-text\">Horno El\u00e9ctrico Smartlife Convecci\u00f3n 40lts (SLTO0040PN)<\/span> Leer m\u00e1s &raquo;<\/a><\/p>\n","protected":false},"featured_media":39947,"template":"","meta":{"site-sidebar-layout":"default","site-content-layout":"default","ast-global-header-display":"","ast-main-header-display":"","ast-hfb-above-header-display":"","ast-hfb-below-header-display":"","ast-hfb-mobile-header-display":"","site-post-title":"","ast-breadcrumbs-content":"","ast-featured-img":"","footer-sml-layout":"","theme-transparent-header-meta":"","adv-header-id-meta":"","stick-header-meta":"","header-above-stick-meta":"","header-main-stick-meta":"","header-below-stick-meta":"","_joinchat":[]},"product_brand":[],"product_cat":[256],"product_tag":[],"class_list":{"0":"post-39732","1":"product","2":"type-product","3":"status-publish","4":"has-post-thumbnail","6":"product_cat-cocinas-hornos-y-anafes","7":"product_shipping_class-medianos","8":"desktop-align-left","9":"tablet-align-left","10":"mobile-align-left","12":"first","13":"instock","14":"shipping-taxable","15":"purchasable","16":"product-type-simple"},"_links":{"self":[{"href":"https:\/\/mutualsoberania.com.ar\/proveeduria\/wp-json\/wp\/v2\/product\/39732","targetHints":{"allow":["GET"]}}],"collection":[{"href":"https:\/\/mutualsoberania.com.ar\/proveeduria\/wp-json\/wp\/v2\/product"}],"about":[{"href":"https:\/\/mutualsoberania.com.ar\/proveeduria\/wp-json\/wp\/v2\/types\/product"}],"wp:featuredmedia":[{"embeddable":true,"href":"https:\/\/mutualsoberania.com.ar\/proveeduria\/wp-json\/wp\/v2\/media\/39947"}],"wp:attachment":[{"href":"https:\/\/mutualsoberania.com.ar\/proveeduria\/wp-json\/wp\/v2\/media?parent=39732"}],"wp:term":[{"taxonomy":"product_brand","embeddable":true,"href":"https:\/\/mutualsoberania.com.ar\/proveeduria\/wp-json\/wp\/v2\/product_brand?post=39732"},{"taxonomy":"product_cat","embeddable":true,"href":"https:\/\/mutualsoberania.com.ar\/proveeduria\/wp-json\/wp\/v2\/product_cat?post=39732"},{"taxonomy":"product_tag","embeddable":true,"href":"https:\/\/mutualsoberania.com.ar\/proveeduria\/wp-json\/wp\/v2\/product_tag?post=39732"}],"curies":[{"name":"wp","href":"https:\/\/api.w.org\/{rel}","templated":true}]}}