{"id":39708,"date":"2026-01-14T12:23:10","date_gmt":"2026-01-14T15:23:10","guid":{"rendered":"https:\/\/mutualsoberania.com.ar\/proveeduria\/proveeduria\/sin categor\u00eda\/freezer-vondom-vertical-bajo-mesada-85l-fr55\/"},"modified":"2026-04-20T11:31:14","modified_gmt":"2026-04-20T14:31:14","slug":"freezer-vondom-vertical-bajo-mesada-85l-fr55","status":"publish","type":"product","link":"https:\/\/mutualsoberania.com.ar\/proveeduria\/proveeduria\/heladeras-y-freezers-2\/freezer-vondom-vertical-bajo-mesada-85l-fr55\/","title":{"rendered":"Freezer Vondom Vertical. Bajo Mesada 85L (FR55)"},"content":{"rendered":"<p>Freezer Vertical Bajo Mesada &#8211; Acero Inoxidable 85 L<br \/>\nEste freezer es un elegante freezer vertical compacto de color acero inoxidable. En su interior, cuenta con 4 cajones separados para agrupar y ordenar alimentos por tipo y cantidad. Su puerta reversible hace que sea m\u00e1s f\u00e1cil ubicarlo en cualquier sitio. Y, gracias a su disposici\u00f3n vertical, ocupa mucho menos espacio que otros freezers horizontales cl\u00e1sicos.<\/p>\n","protected":false},"excerpt":{"rendered":"<p>Freezer Vertical Bajo Mesada &#8211; Acero Inoxidable 85 L Este freezer es un elegante freezer vertical compacto de color acero inoxidable. En su interior, cuenta con 4 cajones separados para agrupar y ordenar alimentos por tipo y cantidad. Su puerta reversible hace que sea m\u00e1s f\u00e1cil ubicarlo en cualquier sitio. Y, gracias a su disposici\u00f3n &hellip;<\/p>\n<p class=\"read-more\"> <a class=\"\" href=\"https:\/\/mutualsoberania.com.ar\/proveeduria\/proveeduria\/heladeras-y-freezers-2\/freezer-vondom-vertical-bajo-mesada-85l-fr55\/\"> <span class=\"screen-reader-text\">Freezer Vondom Vertical. Bajo Mesada 85L (FR55)<\/span> Leer m\u00e1s &raquo;<\/a><\/p>\n","protected":false},"featured_media":39912,"template":"","meta":{"site-sidebar-layout":"default","site-content-layout":"default","ast-global-header-display":"","ast-main-header-display":"","ast-hfb-above-header-display":"","ast-hfb-below-header-display":"","ast-hfb-mobile-header-display":"","site-post-title":"","ast-breadcrumbs-content":"","ast-featured-img":"","footer-sml-layout":"","theme-transparent-header-meta":"","adv-header-id-meta":"","stick-header-meta":"","header-above-stick-meta":"","header-main-stick-meta":"","header-below-stick-meta":"","_joinchat":[]},"product_brand":[],"product_cat":[272],"product_tag":[],"class_list":{"0":"post-39708","1":"product","2":"type-product","3":"status-publish","4":"has-post-thumbnail","6":"product_cat-heladeras-y-freezers-2","7":"product_shipping_class-extra-grandes","8":"desktop-align-left","9":"tablet-align-left","10":"mobile-align-left","12":"first","13":"outofstock","14":"shipping-taxable","15":"purchasable","16":"product-type-simple"},"_links":{"self":[{"href":"https:\/\/mutualsoberania.com.ar\/proveeduria\/wp-json\/wp\/v2\/product\/39708","targetHints":{"allow":["GET"]}}],"collection":[{"href":"https:\/\/mutualsoberania.com.ar\/proveeduria\/wp-json\/wp\/v2\/product"}],"about":[{"href":"https:\/\/mutualsoberania.com.ar\/proveeduria\/wp-json\/wp\/v2\/types\/product"}],"wp:featuredmedia":[{"embeddable":true,"href":"https:\/\/mutualsoberania.com.ar\/proveeduria\/wp-json\/wp\/v2\/media\/39912"}],"wp:attachment":[{"href":"https:\/\/mutualsoberania.com.ar\/proveeduria\/wp-json\/wp\/v2\/media?parent=39708"}],"wp:term":[{"taxonomy":"product_brand","embeddable":true,"href":"https:\/\/mutualsoberania.com.ar\/proveeduria\/wp-json\/wp\/v2\/product_brand?post=39708"},{"taxonomy":"product_cat","embeddable":true,"href":"https:\/\/mutualsoberania.com.ar\/proveeduria\/wp-json\/wp\/v2\/product_cat?post=39708"},{"taxonomy":"product_tag","embeddable":true,"href":"https:\/\/mutualsoberania.com.ar\/proveeduria\/wp-json\/wp\/v2\/product_tag?post=39708"}],"curies":[{"name":"wp","href":"https:\/\/api.w.org\/{rel}","templated":true}]}}