{"id":39540,"date":"2025-10-02T13:52:45","date_gmt":"2025-10-02T16:52:45","guid":{"rendered":"https:\/\/mutualsoberania.com.ar\/proveeduria\/proveeduria\/sin categor\u00eda\/cortadora-ga-ma-gm-master\/"},"modified":"2026-04-20T11:31:00","modified_gmt":"2026-04-20T14:31:00","slug":"cortadora-ga-ma-gm-master","status":"publish","type":"product","link":"https:\/\/mutualsoberania.com.ar\/proveeduria\/proveeduria\/salud\/cuidado-personal\/cortadora-ga-ma-gm-master\/","title":{"rendered":"Cortadora GA.MA Gm Master"},"content":{"rendered":"<p>Eleg\u00ed resultados profesionales sin salir de casa. La cortadora GA.MA GM Master SH es una m\u00e1quina potente y confiable, ideal para quienes buscan precisi\u00f3n y rendimiento. Equipada con un motor magn\u00e9tico de alto rendimiento, garantiza cortes suaves y constantes incluso bajo uso prolongado. Sus cuchillas de acero inoxidable aseguran durabilidad y limpieza sencilla.<\/p>\n","protected":false},"excerpt":{"rendered":"<p>Eleg\u00ed resultados profesionales sin salir de casa. La cortadora GA.MA GM Master SH es una m\u00e1quina potente y confiable, ideal para quienes buscan precisi\u00f3n y rendimiento. Equipada con un motor magn\u00e9tico de alto rendimiento, garantiza cortes suaves y constantes incluso bajo uso prolongado. Sus cuchillas de acero inoxidable aseguran durabilidad y limpieza sencilla.<\/p>\n","protected":false},"featured_media":39671,"template":"","meta":{"site-sidebar-layout":"default","site-content-layout":"default","ast-global-header-display":"","ast-main-header-display":"","ast-hfb-above-header-display":"","ast-hfb-below-header-display":"","ast-hfb-mobile-header-display":"","site-post-title":"","ast-breadcrumbs-content":"","ast-featured-img":"","footer-sml-layout":"","theme-transparent-header-meta":"","adv-header-id-meta":"","stick-header-meta":"","header-above-stick-meta":"","header-main-stick-meta":"","header-below-stick-meta":"","_joinchat":[]},"product_brand":[],"product_cat":[195,285],"product_tag":[],"class_list":{"0":"post-39540","1":"product","2":"type-product","3":"status-publish","4":"has-post-thumbnail","6":"product_cat-cuidado-personal","7":"product_cat-cuidado-personal-2","8":"product_shipping_class-extra-pequenos","9":"desktop-align-left","10":"tablet-align-left","11":"mobile-align-left","13":"first","14":"instock","15":"shipping-taxable","16":"purchasable","17":"product-type-simple"},"_links":{"self":[{"href":"https:\/\/mutualsoberania.com.ar\/proveeduria\/wp-json\/wp\/v2\/product\/39540","targetHints":{"allow":["GET"]}}],"collection":[{"href":"https:\/\/mutualsoberania.com.ar\/proveeduria\/wp-json\/wp\/v2\/product"}],"about":[{"href":"https:\/\/mutualsoberania.com.ar\/proveeduria\/wp-json\/wp\/v2\/types\/product"}],"wp:featuredmedia":[{"embeddable":true,"href":"https:\/\/mutualsoberania.com.ar\/proveeduria\/wp-json\/wp\/v2\/media\/39671"}],"wp:attachment":[{"href":"https:\/\/mutualsoberania.com.ar\/proveeduria\/wp-json\/wp\/v2\/media?parent=39540"}],"wp:term":[{"taxonomy":"product_brand","embeddable":true,"href":"https:\/\/mutualsoberania.com.ar\/proveeduria\/wp-json\/wp\/v2\/product_brand?post=39540"},{"taxonomy":"product_cat","embeddable":true,"href":"https:\/\/mutualsoberania.com.ar\/proveeduria\/wp-json\/wp\/v2\/product_cat?post=39540"},{"taxonomy":"product_tag","embeddable":true,"href":"https:\/\/mutualsoberania.com.ar\/proveeduria\/wp-json\/wp\/v2\/product_tag?post=39540"}],"curies":[{"name":"wp","href":"https:\/\/api.w.org\/{rel}","templated":true}]}}