{"id":39530,"date":"2025-10-02T13:52:44","date_gmt":"2025-10-02T16:52:44","guid":{"rendered":"https:\/\/mutualsoberania.com.ar\/proveeduria\/proveeduria\/sin categor\u00eda\/microondas-whirlpool-digital-20-lts-700w-gris-wms20bs\/"},"modified":"2026-01-14T12:28:50","modified_gmt":"2026-01-14T15:28:50","slug":"microondas-whirlpool-digital-20-lts-700w-gris-wms20bs","status":"publish","type":"product","link":"https:\/\/mutualsoberania.com.ar\/proveeduria\/proveeduria\/cocinas-hornos-y-anafes\/microondas-whirlpool-digital-20-lts-700w-gris-wms20bs\/","title":{"rendered":"Microondas Whirlpool Digital 20 Lts 700w Gris (WMS20BS)"},"content":{"rendered":"<p>Keep Warm (mantener caliente). Esta opci\u00f3n permite mantener caliente los platos hasta por 60 minutos antes de servirlos, dentro del microondas, sin necesidad de volver a calentarlos.<br \/>\nAuto Cook (Cocci\u00f3n autom\u00e1tica). Selecci\u00f3n de recetas autom\u00e1ticas con valores predefinidos que ofrecen facilidad y buenos resultados de cocci\u00f3n. Levadura de pan\/masas, cupcakes, vegetales, sopa, yogurt, pescado, hamburguesa, pastel de carne, lasagna casera, papas gratinadas, huevos revueltos.<br \/>\nAuto Clean (Limpieza autom\u00e1tica). El microondas siempre limpio y libre de malos olores. Este ciclo de limpieza autom\u00e1tica ayuda a limpiar el interior del horno de microondas y a eliminar los olores desagradables.<br \/>\nFunci\u00f3n Descongelar. Esta funci\u00f3n permite descongelar carne, aves, pescado y verduras.<br \/>\nFunci\u00f3n Suavizar\/Derretir. Selecci\u00f3n de recetas autom\u00e1ticas con valores pre- definidos que ofrecen facilidad y buenos resultados de cocci\u00f3n. Mantequilla, helado, queso, entre otros.<\/p>\n","protected":false},"excerpt":{"rendered":"<p>Keep Warm (mantener caliente). Esta opci\u00f3n permite mantener caliente los platos hasta por 60 minutos antes de servirlos, dentro del microondas, sin necesidad de volver a calentarlos. Auto Cook (Cocci\u00f3n autom\u00e1tica). Selecci\u00f3n de recetas autom\u00e1ticas con valores predefinidos que ofrecen facilidad y buenos resultados de cocci\u00f3n. Levadura de pan\/masas, cupcakes, vegetales, sopa, yogurt, pescado, hamburguesa, &hellip;<\/p>\n<p class=\"read-more\"> <a class=\"\" href=\"https:\/\/mutualsoberania.com.ar\/proveeduria\/proveeduria\/cocinas-hornos-y-anafes\/microondas-whirlpool-digital-20-lts-700w-gris-wms20bs\/\"> <span class=\"screen-reader-text\">Microondas Whirlpool Digital 20 Lts 700w Gris (WMS20BS)<\/span> Leer m\u00e1s &raquo;<\/a><\/p>\n","protected":false},"featured_media":0,"template":"","meta":{"site-sidebar-layout":"default","site-content-layout":"default","ast-global-header-display":"","ast-main-header-display":"","ast-hfb-above-header-display":"","ast-hfb-below-header-display":"","ast-hfb-mobile-header-display":"","site-post-title":"","ast-breadcrumbs-content":"","ast-featured-img":"","footer-sml-layout":"","theme-transparent-header-meta":"","adv-header-id-meta":"","stick-header-meta":"","header-above-stick-meta":"","header-main-stick-meta":"","header-below-stick-meta":"","_joinchat":[]},"product_brand":[],"product_cat":[256],"product_tag":[],"class_list":{"0":"post-39530","1":"product","2":"type-product","3":"status-publish","5":"product_cat-cocinas-hornos-y-anafes","6":"product_shipping_class-pequenos","7":"desktop-align-left","8":"tablet-align-left","9":"mobile-align-left","11":"first","12":"outofstock","13":"shipping-taxable","14":"purchasable","15":"product-type-simple"},"_links":{"self":[{"href":"https:\/\/mutualsoberania.com.ar\/proveeduria\/wp-json\/wp\/v2\/product\/39530","targetHints":{"allow":["GET"]}}],"collection":[{"href":"https:\/\/mutualsoberania.com.ar\/proveeduria\/wp-json\/wp\/v2\/product"}],"about":[{"href":"https:\/\/mutualsoberania.com.ar\/proveeduria\/wp-json\/wp\/v2\/types\/product"}],"wp:attachment":[{"href":"https:\/\/mutualsoberania.com.ar\/proveeduria\/wp-json\/wp\/v2\/media?parent=39530"}],"wp:term":[{"taxonomy":"product_brand","embeddable":true,"href":"https:\/\/mutualsoberania.com.ar\/proveeduria\/wp-json\/wp\/v2\/product_brand?post=39530"},{"taxonomy":"product_cat","embeddable":true,"href":"https:\/\/mutualsoberania.com.ar\/proveeduria\/wp-json\/wp\/v2\/product_cat?post=39530"},{"taxonomy":"product_tag","embeddable":true,"href":"https:\/\/mutualsoberania.com.ar\/proveeduria\/wp-json\/wp\/v2\/product_tag?post=39530"}],"curies":[{"name":"wp","href":"https:\/\/api.w.org\/{rel}","templated":true}]}}