{"id":39358,"date":"2025-08-04T15:34:26","date_gmt":"2025-08-04T18:34:26","guid":{"rendered":"https:\/\/mutualsoberania.com.ar\/proveeduria\/proveeduria\/sin categor\u00eda\/tablet-tcl-nxtpaper-14-256gb-88gb-2-4k-flipcase-kb-pen-dark-grey\/"},"modified":"2026-01-14T12:28:53","modified_gmt":"2026-01-14T15:28:53","slug":"tablet-tcl-nxtpaper-14-256gb-88gb-2-4k-flipcase-kb-pen-dark-grey","status":"publish","type":"product","link":"https:\/\/mutualsoberania.com.ar\/proveeduria\/proveeduria\/computadoras-y-tablets\/tablet-tcl-nxtpaper-14-256gb-88gb-2-4k-flipcase-kb-pen-dark-grey\/","title":{"rendered":"TABLET TCL NXTPAPER 14&#8243; 256GB 8+8GB 2.4K FLIPCASE+ KB + PEN- DARK GREY"},"content":{"rendered":"<p>La TCL NXTPAPER 14 es una Tablet de 14,3&#8243; con resoluci\u00f3n 2.4K, equipada con la innovadora tecnolog\u00eda NXTPAPER 3.0, especialmente dise\u00f1ada para cuidar la salud ocular. Esta pantalla que simula la sensaci\u00f3n de leer en papel, cuenta con un filtro de luz azul y una superficie antirreflejos, lo que ayuda a reducir la fatiga visual. Tiene tres modos de visualizaci\u00f3n: Papel de Tinta, Papel en Color y Modo Normal, adapt\u00e1ndose a diversas necesidades de lectura y visualizaci\u00f3n. El dispositivo cuenta con una bater\u00eda de 10,000 mAh, soporta carga r\u00e1pida de 33W y tiene 8 GB de RAM y 256 GB de almacenamiento interno. Adem\u00e1s, incorpora un asistente oftalmol\u00f3gico que recuerda hacer pausas para descansar la vista y ajuste autom\u00e1tico de brillo y temperatura de color.<br \/>\nLa TCL NXTPAPER cuenta con c\u00e1maras de alta calidad que mejoran tu experiencia tanto en reuniones como en momentos especiales. Su c\u00e1mara trasera de 8 MP con enfoque autom\u00e1tico captura fotos y videos con gran claridad y detalle, incluso en condiciones de baja luz, permiti\u00e9ndote inmortalizar momentos \u00fanicos. La c\u00e1mara frontal de 13 MP + 5MP es perfecta para videollamadas n\u00edtidas o selfies de alta resoluci\u00f3n, asegurando interacciones digitales claras y profesionales, ideales para reuniones o conexiones.<\/p>\n","protected":false},"excerpt":{"rendered":"<p>La TCL NXTPAPER 14 es una Tablet de 14,3&#8243; con resoluci\u00f3n 2.4K, equipada con la innovadora tecnolog\u00eda NXTPAPER 3.0, especialmente dise\u00f1ada para cuidar la salud ocular. Esta pantalla que simula la sensaci\u00f3n de leer en papel, cuenta con un filtro de luz azul y una superficie antirreflejos, lo que ayuda a reducir la fatiga visual. &hellip;<\/p>\n<p class=\"read-more\"> <a class=\"\" href=\"https:\/\/mutualsoberania.com.ar\/proveeduria\/proveeduria\/computadoras-y-tablets\/tablet-tcl-nxtpaper-14-256gb-88gb-2-4k-flipcase-kb-pen-dark-grey\/\"> <span class=\"screen-reader-text\">TABLET TCL NXTPAPER 14&#8243; 256GB 8+8GB 2.4K FLIPCASE+ KB + PEN- DARK GREY<\/span> Leer m\u00e1s &raquo;<\/a><\/p>\n","protected":false},"featured_media":39480,"template":"","meta":{"site-sidebar-layout":"default","site-content-layout":"default","ast-global-header-display":"","ast-main-header-display":"","ast-hfb-above-header-display":"","ast-hfb-below-header-display":"","ast-hfb-mobile-header-display":"","site-post-title":"","ast-breadcrumbs-content":"","ast-featured-img":"","footer-sml-layout":"","theme-transparent-header-meta":"","adv-header-id-meta":"","stick-header-meta":"","header-above-stick-meta":"","header-main-stick-meta":"","header-below-stick-meta":"","_joinchat":[]},"product_brand":[],"product_cat":[262],"product_tag":[],"class_list":{"0":"post-39358","1":"product","2":"type-product","3":"status-publish","4":"has-post-thumbnail","6":"product_cat-computadoras-y-tablets","7":"product_shipping_class-extra-pequenos","8":"desktop-align-left","9":"tablet-align-left","10":"mobile-align-left","12":"first","13":"outofstock","14":"shipping-taxable","15":"purchasable","16":"product-type-simple"},"_links":{"self":[{"href":"https:\/\/mutualsoberania.com.ar\/proveeduria\/wp-json\/wp\/v2\/product\/39358","targetHints":{"allow":["GET"]}}],"collection":[{"href":"https:\/\/mutualsoberania.com.ar\/proveeduria\/wp-json\/wp\/v2\/product"}],"about":[{"href":"https:\/\/mutualsoberania.com.ar\/proveeduria\/wp-json\/wp\/v2\/types\/product"}],"wp:featuredmedia":[{"embeddable":true,"href":"https:\/\/mutualsoberania.com.ar\/proveeduria\/wp-json\/wp\/v2\/media\/39480"}],"wp:attachment":[{"href":"https:\/\/mutualsoberania.com.ar\/proveeduria\/wp-json\/wp\/v2\/media?parent=39358"}],"wp:term":[{"taxonomy":"product_brand","embeddable":true,"href":"https:\/\/mutualsoberania.com.ar\/proveeduria\/wp-json\/wp\/v2\/product_brand?post=39358"},{"taxonomy":"product_cat","embeddable":true,"href":"https:\/\/mutualsoberania.com.ar\/proveeduria\/wp-json\/wp\/v2\/product_cat?post=39358"},{"taxonomy":"product_tag","embeddable":true,"href":"https:\/\/mutualsoberania.com.ar\/proveeduria\/wp-json\/wp\/v2\/product_tag?post=39358"}],"curies":[{"name":"wp","href":"https:\/\/api.w.org\/{rel}","templated":true}]}}