{"id":39267,"date":"2025-08-04T15:34:21","date_gmt":"2025-08-04T18:34:21","guid":{"rendered":"https:\/\/mutualsoberania.com.ar\/proveeduria\/proveeduria\/sin categor\u00eda\/monopatin-kany-c85-plegable-8-5-350w-110kg-25km-h-negro\/"},"modified":"2026-04-20T11:30:50","modified_gmt":"2026-04-20T14:30:50","slug":"monopatin-kany-c85-plegable-8-5-350w-110kg-25km-h-negro","status":"publish","type":"product","link":"https:\/\/mutualsoberania.com.ar\/proveeduria\/proveeduria\/skates-y-monopatines\/monopatin-kany-c85-plegable-8-5-350w-110kg-25km-h-negro\/","title":{"rendered":"Monopatin Kany C85 Plegable 8.5&#8243; 350w 110kg. 25km\/H Negro"},"content":{"rendered":"<p>MONOPATIN ELECTRICO PLEGABLE 85 KANY &#8211; MODELO CITY C85 &#8211; 350W &#8211; COLOR NEGRO<\/p>\n<p>Monopatin El\u00e9ctrico Plegable 8.5&#8243; Kany &#8211; Modelo City C85 &#8211; Negro &#8211; 350W<br \/>\n&#8211; Nombre del modelo: Kany City C85<br \/>\n&#8211; Carga m\u00e1xima: 120 kg<br \/>\n&#8211; Carga m\u00ednima: 40 kg<br \/>\n&#8211; Velocidad m\u00e1xima: 25km\/h<br \/>\n&#8211; Potencia del motor: 350W<br \/>\n&#8211; Autonom\u00eda m\u00e1xima: 30km (Dependiendo del suelo- inclinaci\u00f3n- velocidad- estilo de conducci\u00f3n)<br \/>\n&#8211; Gradiente de escalada: 15 \u00b0<br \/>\n&#8211; Tres Niveles de Potencia<br \/>\n&#8211; Cargador USB<br \/>\n&#8211; Freno a Disco Trasero y Electr\u00f3nico Delantero<br \/>\n&#8211; Informaci\u00f3n del cargador:<br \/>\n\u2022 Tensi\u00f3n de entrada: AC 100-240V- 50\/60Hz- 2.0A (MAX)<br \/>\n\u2022 Tensi\u00f3n de salida: DC42V<\/p>\n<p>Bater\u00eda:<br \/>\n&#8211; 1.5A<br \/>\n&#8211; Bater\u00eda: Bater\u00eda de litio<br \/>\n&#8211; Voltaje de la bater\u00eda: 36V<br \/>\n&#8211; Capacidad de la bater\u00eda: 10Ah<br \/>\n&#8211; Temperatura de carga: 0\u00b0C &#8211; 40\u00b0C<br \/>\n&#8211; Tiempo de carga: 4 horas<\/p>\n<p>&#8211; Color Negro<br \/>\n&#8211; Plegable<br \/>\n&#8211; Luz frontal y Stop trasera<br \/>\n&#8211; EAN: 7798360100326<br \/>\n&#8211; Resistencia al agua: IP54<br \/>\n&#8211; Humedad relativa de Almacenamiento: 5% -95%<br \/>\n&#8211; Distancia al suelo: cerca de 12cm<br \/>\n&#8211; Dimensiones del cuerpo: 109*47*118 cm<br \/>\n&#8211; Dimensiones plegado: 109*20*44 cm.<br \/>\n&#8211; Tama\u00f1o del embalaje: 111*24*47 cm<br \/>\n&#8211; Peso neto: 15kg.<br \/>\n&#8211; Peso bruto: 18-5Kg<br \/>\n&#8211; Di\u00e1metro de la rueda: 8-5 pulgadas<\/p>\n","protected":false},"excerpt":{"rendered":"<p>MONOPATIN ELECTRICO PLEGABLE 85 KANY &#8211; MODELO CITY C85 &#8211; 350W &#8211; COLOR NEGRO Monopatin El\u00e9ctrico Plegable 8.5&#8243; Kany &#8211; Modelo City C85 &#8211; Negro &#8211; 350W &#8211; Nombre del modelo: Kany City C85 &#8211; Carga m\u00e1xima: 120 kg &#8211; Carga m\u00ednima: 40 kg &#8211; Velocidad m\u00e1xima: 25km\/h &#8211; Potencia del motor: 350W &#8211; Autonom\u00eda &hellip;<\/p>\n<p class=\"read-more\"> <a class=\"\" href=\"https:\/\/mutualsoberania.com.ar\/proveeduria\/proveeduria\/skates-y-monopatines\/monopatin-kany-c85-plegable-8-5-350w-110kg-25km-h-negro\/\"> <span class=\"screen-reader-text\">Monopatin Kany C85 Plegable 8.5&#8243; 350w 110kg. 25km\/H Negro<\/span> Leer m\u00e1s &raquo;<\/a><\/p>\n","protected":false},"featured_media":39392,"template":"","meta":{"site-sidebar-layout":"default","site-content-layout":"default","ast-global-header-display":"","ast-main-header-display":"","ast-hfb-above-header-display":"","ast-hfb-below-header-display":"","ast-hfb-mobile-header-display":"","site-post-title":"","ast-breadcrumbs-content":"","ast-featured-img":"","footer-sml-layout":"","theme-transparent-header-meta":"","adv-header-id-meta":"","stick-header-meta":"","header-above-stick-meta":"","header-main-stick-meta":"","header-below-stick-meta":"","_joinchat":[]},"product_brand":[],"product_cat":[266],"product_tag":[],"class_list":{"0":"post-39267","1":"product","2":"type-product","3":"status-publish","4":"has-post-thumbnail","6":"product_cat-skates-y-monopatines","7":"product_shipping_class-extra-pequenos","8":"desktop-align-left","9":"tablet-align-left","10":"mobile-align-left","12":"first","13":"outofstock","14":"shipping-taxable","15":"purchasable","16":"product-type-simple"},"_links":{"self":[{"href":"https:\/\/mutualsoberania.com.ar\/proveeduria\/wp-json\/wp\/v2\/product\/39267","targetHints":{"allow":["GET"]}}],"collection":[{"href":"https:\/\/mutualsoberania.com.ar\/proveeduria\/wp-json\/wp\/v2\/product"}],"about":[{"href":"https:\/\/mutualsoberania.com.ar\/proveeduria\/wp-json\/wp\/v2\/types\/product"}],"wp:featuredmedia":[{"embeddable":true,"href":"https:\/\/mutualsoberania.com.ar\/proveeduria\/wp-json\/wp\/v2\/media\/39392"}],"wp:attachment":[{"href":"https:\/\/mutualsoberania.com.ar\/proveeduria\/wp-json\/wp\/v2\/media?parent=39267"}],"wp:term":[{"taxonomy":"product_brand","embeddable":true,"href":"https:\/\/mutualsoberania.com.ar\/proveeduria\/wp-json\/wp\/v2\/product_brand?post=39267"},{"taxonomy":"product_cat","embeddable":true,"href":"https:\/\/mutualsoberania.com.ar\/proveeduria\/wp-json\/wp\/v2\/product_cat?post=39267"},{"taxonomy":"product_tag","embeddable":true,"href":"https:\/\/mutualsoberania.com.ar\/proveeduria\/wp-json\/wp\/v2\/product_tag?post=39267"}],"curies":[{"name":"wp","href":"https:\/\/api.w.org\/{rel}","templated":true}]}}