{"id":39250,"date":"2025-08-04T15:34:20","date_gmt":"2025-08-04T18:34:20","guid":{"rendered":"https:\/\/mutualsoberania.com.ar\/proveeduria\/proveeduria\/sin categor\u00eda\/turbocalefactor-electrico-liliana-tc40-2000w-display\/"},"modified":"2026-04-20T11:30:50","modified_gmt":"2026-04-20T14:30:50","slug":"turbocalefactor-electrico-liliana-tc40-2000w-display","status":"publish","type":"product","link":"https:\/\/mutualsoberania.com.ar\/proveeduria\/proveeduria\/climatizacin\/calefaccin-elctrica\/turbocalefactor-electrico-liliana-tc40-2000w-display\/","title":{"rendered":"Turbocalefactor El\u00e9ctrico Liliana (Tc40) 2000w\/Display"},"content":{"rendered":"<p>Forzador de aire a trav\u00e9s de turbina tangencial que logra una distribuci\u00f3n del calor mas r\u00e1pida y efectiva, reduciendo el consumo.<\/p>\n<p>\u00b7 Placa cer\u00e1mica de PTC de alta seguridad y eficiencia.<br \/>\n \u00b7 Display Digital Touch indicativo de funciones.<br \/>\n \u00b7 Timer programable de 1 a 8 hs.<br \/>\n \u00b7 Control remoto y soporte para guardado.<br \/>\n \u00b7 Selector de temperatura de 15\u00ba a 35\u00ba, con termostato regulable que ahorra energ\u00eda.<br \/>\n \u00b7 Oscilante.<br \/>\n \u00b7 Filtro removible que impide que las part\u00edculas de polvo reingresen al ambiente.<\/p>\n<p>Totalmente seguro.<\/p>\n<p>\u00b7 No consume ox\u00edgeno.<br \/>\n \u00b7 Corte de seguridad por ca\u00edda y sobrecalentamiento.<\/p>\n<p>\u00b7 Potencia: 1.000\/ 2.000 W.<br \/>\n \u00b7 Medidas: 24 x 22 x 74cm.<\/p>\n","protected":false},"excerpt":{"rendered":"<p>Forzador de aire a trav\u00e9s de turbina tangencial que logra una distribuci\u00f3n del calor mas r\u00e1pida y efectiva, reduciendo el consumo. \u00b7 Placa cer\u00e1mica de PTC de alta seguridad y eficiencia. \u00b7 Display Digital Touch indicativo de funciones. \u00b7 Timer programable de 1 a 8 hs. \u00b7 Control remoto y soporte para guardado. \u00b7 Selector &hellip;<\/p>\n<p class=\"read-more\"> <a class=\"\" href=\"https:\/\/mutualsoberania.com.ar\/proveeduria\/proveeduria\/climatizacin\/calefaccin-elctrica\/turbocalefactor-electrico-liliana-tc40-2000w-display\/\"> <span class=\"screen-reader-text\">Turbocalefactor El\u00e9ctrico Liliana (Tc40) 2000w\/Display<\/span> Leer m\u00e1s &raquo;<\/a><\/p>\n","protected":false},"featured_media":39373,"template":"","meta":{"site-sidebar-layout":"default","site-content-layout":"default","ast-global-header-display":"","ast-main-header-display":"","ast-hfb-above-header-display":"","ast-hfb-below-header-display":"","ast-hfb-mobile-header-display":"","site-post-title":"","ast-breadcrumbs-content":"","ast-featured-img":"","footer-sml-layout":"","theme-transparent-header-meta":"","adv-header-id-meta":"","stick-header-meta":"","header-above-stick-meta":"","header-main-stick-meta":"","header-below-stick-meta":"","_joinchat":[]},"product_brand":[],"product_cat":[241,282],"product_tag":[],"class_list":{"0":"post-39250","1":"product","2":"type-product","3":"status-publish","4":"has-post-thumbnail","6":"product_cat-calefaccin-elctrica","7":"product_cat-calefaccion-electrica","8":"product_shipping_class-pequenos","9":"desktop-align-left","10":"tablet-align-left","11":"mobile-align-left","13":"first","14":"instock","15":"shipping-taxable","16":"purchasable","17":"product-type-simple"},"_links":{"self":[{"href":"https:\/\/mutualsoberania.com.ar\/proveeduria\/wp-json\/wp\/v2\/product\/39250","targetHints":{"allow":["GET"]}}],"collection":[{"href":"https:\/\/mutualsoberania.com.ar\/proveeduria\/wp-json\/wp\/v2\/product"}],"about":[{"href":"https:\/\/mutualsoberania.com.ar\/proveeduria\/wp-json\/wp\/v2\/types\/product"}],"wp:featuredmedia":[{"embeddable":true,"href":"https:\/\/mutualsoberania.com.ar\/proveeduria\/wp-json\/wp\/v2\/media\/39373"}],"wp:attachment":[{"href":"https:\/\/mutualsoberania.com.ar\/proveeduria\/wp-json\/wp\/v2\/media?parent=39250"}],"wp:term":[{"taxonomy":"product_brand","embeddable":true,"href":"https:\/\/mutualsoberania.com.ar\/proveeduria\/wp-json\/wp\/v2\/product_brand?post=39250"},{"taxonomy":"product_cat","embeddable":true,"href":"https:\/\/mutualsoberania.com.ar\/proveeduria\/wp-json\/wp\/v2\/product_cat?post=39250"},{"taxonomy":"product_tag","embeddable":true,"href":"https:\/\/mutualsoberania.com.ar\/proveeduria\/wp-json\/wp\/v2\/product_tag?post=39250"}],"curies":[{"name":"wp","href":"https:\/\/api.w.org\/{rel}","templated":true}]}}