{"id":39011,"date":"2025-06-04T10:05:31","date_gmt":"2025-06-04T13:05:31","guid":{"rendered":"https:\/\/mutualsoberania.com.ar\/proveeduria\/proveeduria\/sin categor\u00eda\/whisky-macallan-double-cask-15-anos-x-700ml\/"},"modified":"2026-04-20T11:29:55","modified_gmt":"2026-04-20T14:29:55","slug":"whisky-macallan-double-cask-15-anos-x-700ml","status":"publish","type":"product","link":"https:\/\/mutualsoberania.com.ar\/proveeduria\/proveeduria\/bebidas\/whisky-macallan-double-cask-15-anos-x-700ml\/","title":{"rendered":"Whisky Macallan Double Cask 15 A\u00f1os x 700ml"},"content":{"rendered":"<p>El Macallan Double Cask 15 a\u00f1os es un whisky de malta equilibrado creado reuniendo la armon\u00eda perfecta de dos robles en un whisky de malta excepcional. El roble americano sazonado con jerez agrega una delicada vainilla a las sutiles especias del roble europeo, brindando un whisky con un sabor y car\u00e1cter m\u00e1s dulce<br \/>\nCada expresi\u00f3n dentro de nuestra Colecci\u00f3n Double Cask es un viaje sensorial complejo, maravillosamente equilibrado por el roble europeo y americano, y el jerez sazonado en Jerez de la Frontera, Espa\u00f1a.<\/p>\n","protected":false},"excerpt":{"rendered":"<p>El Macallan Double Cask 15 a\u00f1os es un whisky de malta equilibrado creado reuniendo la armon\u00eda perfecta de dos robles en un whisky de malta excepcional. El roble americano sazonado con jerez agrega una delicada vainilla a las sutiles especias del roble europeo, brindando un whisky con un sabor y car\u00e1cter m\u00e1s dulce Cada expresi\u00f3n &hellip;<\/p>\n<p class=\"read-more\"> <a class=\"\" href=\"https:\/\/mutualsoberania.com.ar\/proveeduria\/proveeduria\/bebidas\/whisky-macallan-double-cask-15-anos-x-700ml\/\"> <span class=\"screen-reader-text\">Whisky Macallan Double Cask 15 A\u00f1os x 700ml<\/span> Leer m\u00e1s &raquo;<\/a><\/p>\n","protected":false},"featured_media":39396,"template":"","meta":{"site-sidebar-layout":"default","site-content-layout":"default","ast-global-header-display":"","ast-main-header-display":"","ast-hfb-above-header-display":"","ast-hfb-below-header-display":"","ast-hfb-mobile-header-display":"","site-post-title":"","ast-breadcrumbs-content":"","ast-featured-img":"","footer-sml-layout":"","theme-transparent-header-meta":"","adv-header-id-meta":"","stick-header-meta":"","header-above-stick-meta":"","header-main-stick-meta":"","header-below-stick-meta":"","_joinchat":[]},"product_brand":[],"product_cat":[279],"product_tag":[],"class_list":{"0":"post-39011","1":"product","2":"type-product","3":"status-publish","4":"has-post-thumbnail","6":"product_cat-bebidas","7":"product_shipping_class-pequenos","8":"desktop-align-left","9":"tablet-align-left","10":"mobile-align-left","12":"first","13":"outofstock","14":"shipping-taxable","15":"purchasable","16":"product-type-simple"},"_links":{"self":[{"href":"https:\/\/mutualsoberania.com.ar\/proveeduria\/wp-json\/wp\/v2\/product\/39011","targetHints":{"allow":["GET"]}}],"collection":[{"href":"https:\/\/mutualsoberania.com.ar\/proveeduria\/wp-json\/wp\/v2\/product"}],"about":[{"href":"https:\/\/mutualsoberania.com.ar\/proveeduria\/wp-json\/wp\/v2\/types\/product"}],"wp:featuredmedia":[{"embeddable":true,"href":"https:\/\/mutualsoberania.com.ar\/proveeduria\/wp-json\/wp\/v2\/media\/39396"}],"wp:attachment":[{"href":"https:\/\/mutualsoberania.com.ar\/proveeduria\/wp-json\/wp\/v2\/media?parent=39011"}],"wp:term":[{"taxonomy":"product_brand","embeddable":true,"href":"https:\/\/mutualsoberania.com.ar\/proveeduria\/wp-json\/wp\/v2\/product_brand?post=39011"},{"taxonomy":"product_cat","embeddable":true,"href":"https:\/\/mutualsoberania.com.ar\/proveeduria\/wp-json\/wp\/v2\/product_cat?post=39011"},{"taxonomy":"product_tag","embeddable":true,"href":"https:\/\/mutualsoberania.com.ar\/proveeduria\/wp-json\/wp\/v2\/product_tag?post=39011"}],"curies":[{"name":"wp","href":"https:\/\/api.w.org\/{rel}","templated":true}]}}