{"id":38995,"date":"2025-06-04T10:05:30","date_gmt":"2025-06-04T13:05:30","guid":{"rendered":"https:\/\/mutualsoberania.com.ar\/proveeduria\/proveeduria\/sin categor\u00eda\/tostadora-atma-digital-2-rebanadas-to015idp\/"},"modified":"2026-04-20T11:30:40","modified_gmt":"2026-04-20T14:30:40","slug":"tostadora-atma-digital-2-rebanadas-to015idp","status":"publish","type":"product","link":"https:\/\/mutualsoberania.com.ar\/proveeduria\/proveeduria\/pequeos-electrodomsticos\/electrodomsticos-de-cocina\/tostadora-atma-digital-2-rebanadas-to015idp\/","title":{"rendered":"Tostadora Atma Digital 2 Rebanadas (TO015IDP)"},"content":{"rendered":"<p>La tostadora ATMA TO015IDP digital para 2 rebanadas es la aliada ideal para tus desayunos. Su dise\u00f1o moderno y compacto se adapta f\u00e1cilmente a cualquier cocina, mientras que su pantalla digital permite un control preciso del nivel de tostado. Cuenta con 7 niveles de tostado, funciones para descongelar, recalentar y cancelar, y ranuras anchas que se adaptan a distintos tipos de pan. Adem\u00e1s, incluye una bandeja recogemigas removible que facilita la limpieza. Pr\u00e1ctica, funcional y elegante, esta tostadora combina tecnolog\u00eda y estilo para que disfrutes tus tostadas exactamente como te gustan.<\/p>\n","protected":false},"excerpt":{"rendered":"<p>La tostadora ATMA TO015IDP digital para 2 rebanadas es la aliada ideal para tus desayunos. Su dise\u00f1o moderno y compacto se adapta f\u00e1cilmente a cualquier cocina, mientras que su pantalla digital permite un control preciso del nivel de tostado. Cuenta con 7 niveles de tostado, funciones para descongelar, recalentar y cancelar, y ranuras anchas que &hellip;<\/p>\n<p class=\"read-more\"> <a class=\"\" href=\"https:\/\/mutualsoberania.com.ar\/proveeduria\/proveeduria\/pequeos-electrodomsticos\/electrodomsticos-de-cocina\/tostadora-atma-digital-2-rebanadas-to015idp\/\"> <span class=\"screen-reader-text\">Tostadora Atma Digital 2 Rebanadas (TO015IDP)<\/span> Leer m\u00e1s &raquo;<\/a><\/p>\n","protected":false},"featured_media":39158,"template":"","meta":{"site-sidebar-layout":"default","site-content-layout":"default","ast-global-header-display":"","ast-main-header-display":"","ast-hfb-above-header-display":"","ast-hfb-below-header-display":"","ast-hfb-mobile-header-display":"","site-post-title":"","ast-breadcrumbs-content":"","ast-featured-img":"","footer-sml-layout":"","theme-transparent-header-meta":"","adv-header-id-meta":"","stick-header-meta":"","header-above-stick-meta":"","header-main-stick-meta":"","header-below-stick-meta":"","_joinchat":[]},"product_brand":[],"product_cat":[237,286],"product_tag":[],"class_list":{"0":"post-38995","1":"product","2":"type-product","3":"status-publish","4":"has-post-thumbnail","6":"product_cat-electrodomsticos-de-cocina","7":"product_cat-electrodomesticos-de-cocina","8":"product_shipping_class-extra-pequenos","9":"desktop-align-left","10":"tablet-align-left","11":"mobile-align-left","13":"first","14":"instock","15":"shipping-taxable","16":"purchasable","17":"product-type-simple"},"_links":{"self":[{"href":"https:\/\/mutualsoberania.com.ar\/proveeduria\/wp-json\/wp\/v2\/product\/38995","targetHints":{"allow":["GET"]}}],"collection":[{"href":"https:\/\/mutualsoberania.com.ar\/proveeduria\/wp-json\/wp\/v2\/product"}],"about":[{"href":"https:\/\/mutualsoberania.com.ar\/proveeduria\/wp-json\/wp\/v2\/types\/product"}],"wp:featuredmedia":[{"embeddable":true,"href":"https:\/\/mutualsoberania.com.ar\/proveeduria\/wp-json\/wp\/v2\/media\/39158"}],"wp:attachment":[{"href":"https:\/\/mutualsoberania.com.ar\/proveeduria\/wp-json\/wp\/v2\/media?parent=38995"}],"wp:term":[{"taxonomy":"product_brand","embeddable":true,"href":"https:\/\/mutualsoberania.com.ar\/proveeduria\/wp-json\/wp\/v2\/product_brand?post=38995"},{"taxonomy":"product_cat","embeddable":true,"href":"https:\/\/mutualsoberania.com.ar\/proveeduria\/wp-json\/wp\/v2\/product_cat?post=38995"},{"taxonomy":"product_tag","embeddable":true,"href":"https:\/\/mutualsoberania.com.ar\/proveeduria\/wp-json\/wp\/v2\/product_tag?post=38995"}],"curies":[{"name":"wp","href":"https:\/\/api.w.org\/{rel}","templated":true}]}}