{"id":38987,"date":"2025-06-04T10:05:29","date_gmt":"2025-06-04T13:05:29","guid":{"rendered":"https:\/\/mutualsoberania.com.ar\/proveeduria\/proveeduria\/sin categor\u00eda\/taza-stanley-camp-mug-354-ml-azul-oscuro-09366036\/"},"modified":"2026-01-14T12:28:25","modified_gmt":"2026-01-14T15:28:25","slug":"taza-stanley-camp-mug-354-ml-azul-oscuro-09366036","status":"publish","type":"product","link":"https:\/\/mutualsoberania.com.ar\/proveeduria\/proveeduria\/blanco-y-bazar\/bazar\/taza-stanley-camp-mug-354-ml-azul-oscuro-09366036\/","title":{"rendered":"Taza Stanley Camp Mug 354 Ml Azul Oscuro (09366036)"},"content":{"rendered":"<p>Hay una raz\u00f3n por la que llamamos a esta taza Legendaria. Se hace resistente con el aislamiento al vac\u00edo de doble pared de Stanley, por lo que sus bebidas favoritas se mantienen calientes o fr\u00edas por m\u00e1s tiempo. La tapa segura Tritan\u2122 de ajuste a presi\u00f3n tambi\u00e9n evita las salpicaduras para que pueda tomar sorbos f\u00e1cilmente en la cocina, en el trabajo o alrededor de la fogata.<\/p>\n","protected":false},"excerpt":{"rendered":"<p>Hay una raz\u00f3n por la que llamamos a esta taza Legendaria. Se hace resistente con el aislamiento al vac\u00edo de doble pared de Stanley, por lo que sus bebidas favoritas se mantienen calientes o fr\u00edas por m\u00e1s tiempo. La tapa segura Tritan\u2122 de ajuste a presi\u00f3n tambi\u00e9n evita las salpicaduras para que pueda tomar sorbos &hellip;<\/p>\n<p class=\"read-more\"> <a class=\"\" href=\"https:\/\/mutualsoberania.com.ar\/proveeduria\/proveeduria\/blanco-y-bazar\/bazar\/taza-stanley-camp-mug-354-ml-azul-oscuro-09366036\/\"> <span class=\"screen-reader-text\">Taza Stanley Camp Mug 354 Ml Azul Oscuro (09366036)<\/span> Leer m\u00e1s &raquo;<\/a><\/p>\n","protected":false},"featured_media":39071,"template":"","meta":{"site-sidebar-layout":"default","site-content-layout":"default","ast-global-header-display":"","ast-main-header-display":"","ast-hfb-above-header-display":"","ast-hfb-below-header-display":"","ast-hfb-mobile-header-display":"","site-post-title":"","ast-breadcrumbs-content":"","ast-featured-img":"","footer-sml-layout":"","theme-transparent-header-meta":"","adv-header-id-meta":"","stick-header-meta":"","header-above-stick-meta":"","header-main-stick-meta":"","header-below-stick-meta":"","_joinchat":[]},"product_brand":[],"product_cat":[42,281],"product_tag":[],"class_list":{"0":"post-38987","1":"product","2":"type-product","3":"status-publish","4":"has-post-thumbnail","6":"product_cat-bazar","7":"product_cat-bazar-2","8":"product_shipping_class-extra-pequenos","9":"desktop-align-left","10":"tablet-align-left","11":"mobile-align-left","13":"first","14":"instock","15":"shipping-taxable","16":"purchasable","17":"product-type-simple"},"_links":{"self":[{"href":"https:\/\/mutualsoberania.com.ar\/proveeduria\/wp-json\/wp\/v2\/product\/38987","targetHints":{"allow":["GET"]}}],"collection":[{"href":"https:\/\/mutualsoberania.com.ar\/proveeduria\/wp-json\/wp\/v2\/product"}],"about":[{"href":"https:\/\/mutualsoberania.com.ar\/proveeduria\/wp-json\/wp\/v2\/types\/product"}],"wp:featuredmedia":[{"embeddable":true,"href":"https:\/\/mutualsoberania.com.ar\/proveeduria\/wp-json\/wp\/v2\/media\/39071"}],"wp:attachment":[{"href":"https:\/\/mutualsoberania.com.ar\/proveeduria\/wp-json\/wp\/v2\/media?parent=38987"}],"wp:term":[{"taxonomy":"product_brand","embeddable":true,"href":"https:\/\/mutualsoberania.com.ar\/proveeduria\/wp-json\/wp\/v2\/product_brand?post=38987"},{"taxonomy":"product_cat","embeddable":true,"href":"https:\/\/mutualsoberania.com.ar\/proveeduria\/wp-json\/wp\/v2\/product_cat?post=38987"},{"taxonomy":"product_tag","embeddable":true,"href":"https:\/\/mutualsoberania.com.ar\/proveeduria\/wp-json\/wp\/v2\/product_tag?post=38987"}],"curies":[{"name":"wp","href":"https:\/\/api.w.org\/{rel}","templated":true}]}}