{"id":38874,"date":"2025-06-04T10:05:16","date_gmt":"2025-06-04T13:05:16","guid":{"rendered":"https:\/\/mutualsoberania.com.ar\/proveeduria\/proveeduria\/sin categor\u00eda\/convector-atma-3-niveles-2000w-blanco-cach2024p\/"},"modified":"2026-01-14T12:28:35","modified_gmt":"2026-01-14T15:28:35","slug":"convector-atma-3-niveles-2000w-blanco-cach2024p","status":"publish","type":"product","link":"https:\/\/mutualsoberania.com.ar\/proveeduria\/proveeduria\/climatizacin\/calefaccin-elctrica\/convector-atma-3-niveles-2000w-blanco-cach2024p\/","title":{"rendered":"Convector Atma 3 Niveles 2000w Blanco (CACH2024P)"},"content":{"rendered":"<p>El convector el\u00e9ctrico ATMA CACH2024P es una excelente opci\u00f3n para climatizar ambientes peque\u00f1os y medianos de forma pr\u00e1ctica y eficiente. Con un dise\u00f1o compacto y moderno en color blanco, cuenta con tres niveles de potencia (750W, 1250W y 2000W) que permiten regular el calor seg\u00fan la necesidad de cada momento. Incorpora un termostato ajustable para mantener una temperatura constante y deseada, y su estructura liviana y con manija facilita el traslado entre diferentes espacios del hogar. Es ideal para quienes buscan una soluci\u00f3n de calefacci\u00f3n silenciosa, sin emisi\u00f3n de gases y de f\u00e1cil uso, con la confiabilidad de la marca ATMA.<\/p>\n","protected":false},"excerpt":{"rendered":"<p>El convector el\u00e9ctrico ATMA CACH2024P es una excelente opci\u00f3n para climatizar ambientes peque\u00f1os y medianos de forma pr\u00e1ctica y eficiente. Con un dise\u00f1o compacto y moderno en color blanco, cuenta con tres niveles de potencia (750W, 1250W y 2000W) que permiten regular el calor seg\u00fan la necesidad de cada momento. Incorpora un termostato ajustable para &hellip;<\/p>\n<p class=\"read-more\"> <a class=\"\" href=\"https:\/\/mutualsoberania.com.ar\/proveeduria\/proveeduria\/climatizacin\/calefaccin-elctrica\/convector-atma-3-niveles-2000w-blanco-cach2024p\/\"> <span class=\"screen-reader-text\">Convector Atma 3 Niveles 2000w Blanco (CACH2024P)<\/span> Leer m\u00e1s &raquo;<\/a><\/p>\n","protected":false},"featured_media":39193,"template":"","meta":{"site-sidebar-layout":"default","site-content-layout":"default","ast-global-header-display":"","ast-main-header-display":"","ast-hfb-above-header-display":"","ast-hfb-below-header-display":"","ast-hfb-mobile-header-display":"","site-post-title":"","ast-breadcrumbs-content":"","ast-featured-img":"","footer-sml-layout":"","theme-transparent-header-meta":"","adv-header-id-meta":"","stick-header-meta":"","header-above-stick-meta":"","header-main-stick-meta":"","header-below-stick-meta":"","_joinchat":[]},"product_brand":[],"product_cat":[241,282],"product_tag":[],"class_list":{"0":"post-38874","1":"product","2":"type-product","3":"status-publish","4":"has-post-thumbnail","6":"product_cat-calefaccin-elctrica","7":"product_cat-calefaccion-electrica","8":"product_shipping_class-pequenos","9":"desktop-align-left","10":"tablet-align-left","11":"mobile-align-left","13":"first","14":"instock","15":"shipping-taxable","16":"purchasable","17":"product-type-simple"},"_links":{"self":[{"href":"https:\/\/mutualsoberania.com.ar\/proveeduria\/wp-json\/wp\/v2\/product\/38874","targetHints":{"allow":["GET"]}}],"collection":[{"href":"https:\/\/mutualsoberania.com.ar\/proveeduria\/wp-json\/wp\/v2\/product"}],"about":[{"href":"https:\/\/mutualsoberania.com.ar\/proveeduria\/wp-json\/wp\/v2\/types\/product"}],"wp:featuredmedia":[{"embeddable":true,"href":"https:\/\/mutualsoberania.com.ar\/proveeduria\/wp-json\/wp\/v2\/media\/39193"}],"wp:attachment":[{"href":"https:\/\/mutualsoberania.com.ar\/proveeduria\/wp-json\/wp\/v2\/media?parent=38874"}],"wp:term":[{"taxonomy":"product_brand","embeddable":true,"href":"https:\/\/mutualsoberania.com.ar\/proveeduria\/wp-json\/wp\/v2\/product_brand?post=38874"},{"taxonomy":"product_cat","embeddable":true,"href":"https:\/\/mutualsoberania.com.ar\/proveeduria\/wp-json\/wp\/v2\/product_cat?post=38874"},{"taxonomy":"product_tag","embeddable":true,"href":"https:\/\/mutualsoberania.com.ar\/proveeduria\/wp-json\/wp\/v2\/product_tag?post=38874"}],"curies":[{"name":"wp","href":"https:\/\/api.w.org\/{rel}","templated":true}]}}