{"id":38812,"date":"2025-06-04T10:05:09","date_gmt":"2025-06-04T13:05:09","guid":{"rendered":"https:\/\/mutualsoberania.com.ar\/proveeduria\/proveeduria\/sin categor\u00eda\/auricular-jbl-black-type-c-t310\/"},"modified":"2026-01-14T12:28:17","modified_gmt":"2026-01-14T15:28:17","slug":"auricular-jbl-black-type-c-t310","status":"publish","type":"product","link":"https:\/\/mutualsoberania.com.ar\/proveeduria\/proveeduria\/audio\/auricular-jbl-black-type-c-t310\/","title":{"rendered":"Auricular Jbl Black Type-C (T310)"},"content":{"rendered":"<p>Presentamos los auriculares intraaurales JBL Tune 310C USB-C. Son ligeros, c\u00f3modos y compactos. Un par de drivers din\u00e1micos de 9 mm ofrecen el potente sonido JBL Pure Bass, mientras que la compatibilidad con audio de alta resoluci\u00f3n garantiza una gran calidad de sonido. La conexi\u00f3n USB-C los hace compatibles con una gran variedad de dispositivos como PC, m\u00f3viles y dispositivos de juego. Adem\u00e1s, los tres botones en el cable plano antienredos te permiten controlar la reproducci\u00f3n de m\u00fasica, el ajuste de volumen y los preajustes EQ, as\u00ed como responder llamadas donde quieras con el micr\u00f3fono integrado. Por todo esto, los JBL Tune 310C USB-C ser\u00e1n tus mejores compa\u00f1eros, en el trabajo, en casa y donde sea.<\/p>\n","protected":false},"excerpt":{"rendered":"<p>Presentamos los auriculares intraaurales JBL Tune 310C USB-C. Son ligeros, c\u00f3modos y compactos. Un par de drivers din\u00e1micos de 9 mm ofrecen el potente sonido JBL Pure Bass, mientras que la compatibilidad con audio de alta resoluci\u00f3n garantiza una gran calidad de sonido. La conexi\u00f3n USB-C los hace compatibles con una gran variedad de dispositivos &hellip;<\/p>\n<p class=\"read-more\"> <a class=\"\" href=\"https:\/\/mutualsoberania.com.ar\/proveeduria\/proveeduria\/audio\/auricular-jbl-black-type-c-t310\/\"> <span class=\"screen-reader-text\">Auricular Jbl Black Type-C (T310)<\/span> Leer m\u00e1s &raquo;<\/a><\/p>\n","protected":false},"featured_media":40248,"template":"","meta":{"site-sidebar-layout":"default","site-content-layout":"default","ast-global-header-display":"","ast-main-header-display":"","ast-hfb-above-header-display":"","ast-hfb-below-header-display":"","ast-hfb-mobile-header-display":"","site-post-title":"","ast-breadcrumbs-content":"","ast-featured-img":"","footer-sml-layout":"","theme-transparent-header-meta":"","adv-header-id-meta":"","stick-header-meta":"","header-above-stick-meta":"","header-main-stick-meta":"","header-below-stick-meta":"","_joinchat":[]},"product_brand":[],"product_cat":[259],"product_tag":[],"class_list":{"0":"post-38812","1":"product","2":"type-product","3":"status-publish","4":"has-post-thumbnail","6":"product_cat-audio","7":"product_shipping_class-extra-pequenos","8":"desktop-align-left","9":"tablet-align-left","10":"mobile-align-left","12":"first","13":"instock","14":"shipping-taxable","15":"purchasable","16":"product-type-simple"},"_links":{"self":[{"href":"https:\/\/mutualsoberania.com.ar\/proveeduria\/wp-json\/wp\/v2\/product\/38812","targetHints":{"allow":["GET"]}}],"collection":[{"href":"https:\/\/mutualsoberania.com.ar\/proveeduria\/wp-json\/wp\/v2\/product"}],"about":[{"href":"https:\/\/mutualsoberania.com.ar\/proveeduria\/wp-json\/wp\/v2\/types\/product"}],"wp:featuredmedia":[{"embeddable":true,"href":"https:\/\/mutualsoberania.com.ar\/proveeduria\/wp-json\/wp\/v2\/media\/40248"}],"wp:attachment":[{"href":"https:\/\/mutualsoberania.com.ar\/proveeduria\/wp-json\/wp\/v2\/media?parent=38812"}],"wp:term":[{"taxonomy":"product_brand","embeddable":true,"href":"https:\/\/mutualsoberania.com.ar\/proveeduria\/wp-json\/wp\/v2\/product_brand?post=38812"},{"taxonomy":"product_cat","embeddable":true,"href":"https:\/\/mutualsoberania.com.ar\/proveeduria\/wp-json\/wp\/v2\/product_cat?post=38812"},{"taxonomy":"product_tag","embeddable":true,"href":"https:\/\/mutualsoberania.com.ar\/proveeduria\/wp-json\/wp\/v2\/product_tag?post=38812"}],"curies":[{"name":"wp","href":"https:\/\/api.w.org\/{rel}","templated":true}]}}