{"id":38743,"date":"2025-03-14T14:31:16","date_gmt":"2025-03-14T17:31:16","guid":{"rendered":"https:\/\/mutualsoberania.com.ar\/proveeduria\/proveeduria\/sin categor\u00eda\/almohada-nativa-efecto-pluma-0-70x0-50-cm\/"},"modified":"2026-01-14T12:28:52","modified_gmt":"2026-01-14T15:28:52","slug":"almohada-nativa-efecto-pluma-0-70x0-50-cm","status":"publish","type":"product","link":"https:\/\/mutualsoberania.com.ar\/proveeduria\/proveeduria\/colchoneria\/almohada-nativa-efecto-pluma-0-70x0-50-cm\/","title":{"rendered":"Almohada Nativa Efecto Pluma 0.70&#215;0.50 Cm"},"content":{"rendered":"<p>\u00a1Una propuesta superior de la l\u00ednea hotelera de Nativa\u00ae!<br \/>\nFunda de tejido de s\u00e1bana de algod\u00f3n de extrema suavidad y respirabilidad, y relleno de microfibra poli\u00e9ster cardada.<br \/>\nUn delicado bordado en su funda le brinda a esta almohada detalles exclusivos.<\/p>\n","protected":false},"excerpt":{"rendered":"<p>\u00a1Una propuesta superior de la l\u00ednea hotelera de Nativa\u00ae! Funda de tejido de s\u00e1bana de algod\u00f3n de extrema suavidad y respirabilidad, y relleno de microfibra poli\u00e9ster cardada. Un delicado bordado en su funda le brinda a esta almohada detalles exclusivos.<\/p>\n","protected":false},"featured_media":0,"template":"","meta":{"site-sidebar-layout":"default","site-content-layout":"default","ast-global-header-display":"","ast-main-header-display":"","ast-hfb-above-header-display":"","ast-hfb-below-header-display":"","ast-hfb-mobile-header-display":"","site-post-title":"","ast-breadcrumbs-content":"","ast-featured-img":"","footer-sml-layout":"","theme-transparent-header-meta":"","adv-header-id-meta":"","stick-header-meta":"","header-above-stick-meta":"","header-main-stick-meta":"","header-below-stick-meta":"","_joinchat":[]},"product_brand":[],"product_cat":[284],"product_tag":[],"class_list":{"0":"post-38743","1":"product","2":"type-product","3":"status-publish","5":"product_cat-colchoneria","6":"product_shipping_class-extra-pequenos","7":"desktop-align-left","8":"tablet-align-left","9":"mobile-align-left","11":"first","12":"outofstock","13":"shipping-taxable","14":"purchasable","15":"product-type-simple"},"_links":{"self":[{"href":"https:\/\/mutualsoberania.com.ar\/proveeduria\/wp-json\/wp\/v2\/product\/38743","targetHints":{"allow":["GET"]}}],"collection":[{"href":"https:\/\/mutualsoberania.com.ar\/proveeduria\/wp-json\/wp\/v2\/product"}],"about":[{"href":"https:\/\/mutualsoberania.com.ar\/proveeduria\/wp-json\/wp\/v2\/types\/product"}],"wp:attachment":[{"href":"https:\/\/mutualsoberania.com.ar\/proveeduria\/wp-json\/wp\/v2\/media?parent=38743"}],"wp:term":[{"taxonomy":"product_brand","embeddable":true,"href":"https:\/\/mutualsoberania.com.ar\/proveeduria\/wp-json\/wp\/v2\/product_brand?post=38743"},{"taxonomy":"product_cat","embeddable":true,"href":"https:\/\/mutualsoberania.com.ar\/proveeduria\/wp-json\/wp\/v2\/product_cat?post=38743"},{"taxonomy":"product_tag","embeddable":true,"href":"https:\/\/mutualsoberania.com.ar\/proveeduria\/wp-json\/wp\/v2\/product_tag?post=38743"}],"curies":[{"name":"wp","href":"https:\/\/api.w.org\/{rel}","templated":true}]}}