{"id":38715,"date":"2025-03-14T14:31:16","date_gmt":"2025-03-14T17:31:16","guid":{"rendered":"https:\/\/mutualsoberania.com.ar\/proveeduria\/proveeduria\/sin categor\u00eda\/split-midea-2356-f-c-inverter-msnic-09h-gn81f\/"},"modified":"2026-04-20T11:30:32","modified_gmt":"2026-04-20T14:30:32","slug":"split-midea-2356-f-c-inverter-msnic-09h-gn81f","status":"publish","type":"product","link":"https:\/\/mutualsoberania.com.ar\/proveeduria\/proveeduria\/refrigeracin\/split-midea-2356-f-c-inverter-msnic-09h-gn81f\/","title":{"rendered":"Split Midea 2356 F\/C Inverter (MSNIC-09H-GN81F)"},"content":{"rendered":"<p>El aire acondicionado Midea MSNIC-09H-GN81F ofrece una soluci\u00f3n eficiente y vers\u00e1til para climatizar tus espacios durante todo el a\u00f1o. Gracias a su tecnolog\u00eda Inverter, este equipo regula la potencia de forma constante, logrando un funcionamiento m\u00e1s silencioso y un consumo energ\u00e9tico reducido.<\/p>\n<p>Con capacidad de fr\u00edo y calor, se adapta f\u00e1cilmente a las necesidades de cada estaci\u00f3n, garantizando el m\u00e1ximo confort. Su uso de gas refrigerante ecol\u00f3gico R-410A no solo mejora el rendimiento, sino que tambi\u00e9n es amigable con el medio ambiente.<\/p>\n<p>Entre sus funciones principales se encuentran el Modo Turbo, que permite enfriar o calentar el ambiente r\u00e1pidamente, y el Modo Sleep, que ajusta la temperatura autom\u00e1ticamente para garantizar un descanso c\u00f3modo. Adem\u00e1s, sus filtros de aire ayudan a mantener el ambiente limpio al retener part\u00edculas de polvo y otras impurezas.<\/p>\n<p>Dise\u00f1ado para ser eficiente, silencioso y moderno, el Midea MSNIC-09H-GN81F es la elecci\u00f3n ideal para disfrutar de un ambiente agradable en cualquier \u00e9poca del a\u00f1o, optimizando el consumo energ\u00e9tico y ofreciendo un funcionamiento confiable.<\/p>\n","protected":false},"excerpt":{"rendered":"<p>El aire acondicionado Midea MSNIC-09H-GN81F ofrece una soluci\u00f3n eficiente y vers\u00e1til para climatizar tus espacios durante todo el a\u00f1o. Gracias a su tecnolog\u00eda Inverter, este equipo regula la potencia de forma constante, logrando un funcionamiento m\u00e1s silencioso y un consumo energ\u00e9tico reducido. Con capacidad de fr\u00edo y calor, se adapta f\u00e1cilmente a las necesidades de &hellip;<\/p>\n<p class=\"read-more\"> <a class=\"\" href=\"https:\/\/mutualsoberania.com.ar\/proveeduria\/proveeduria\/refrigeracin\/split-midea-2356-f-c-inverter-msnic-09h-gn81f\/\"> <span class=\"screen-reader-text\">Split Midea 2356 F\/C Inverter (MSNIC-09H-GN81F)<\/span> Leer m\u00e1s &raquo;<\/a><\/p>\n","protected":false},"featured_media":39918,"template":"","meta":{"site-sidebar-layout":"default","site-content-layout":"default","ast-global-header-display":"","ast-main-header-display":"","ast-hfb-above-header-display":"","ast-hfb-below-header-display":"","ast-hfb-mobile-header-display":"","site-post-title":"","ast-breadcrumbs-content":"","ast-featured-img":"","footer-sml-layout":"","theme-transparent-header-meta":"","adv-header-id-meta":"","stick-header-meta":"","header-above-stick-meta":"","header-main-stick-meta":"","header-below-stick-meta":"","_joinchat":[]},"product_brand":[],"product_cat":[257],"product_tag":[],"class_list":{"0":"post-38715","1":"product","2":"type-product","3":"status-publish","4":"has-post-thumbnail","6":"product_cat-refrigeracin","7":"product_shipping_class-extra-grandes","8":"desktop-align-left","9":"tablet-align-left","10":"mobile-align-left","12":"first","13":"instock","14":"shipping-taxable","15":"purchasable","16":"product-type-simple"},"_links":{"self":[{"href":"https:\/\/mutualsoberania.com.ar\/proveeduria\/wp-json\/wp\/v2\/product\/38715","targetHints":{"allow":["GET"]}}],"collection":[{"href":"https:\/\/mutualsoberania.com.ar\/proveeduria\/wp-json\/wp\/v2\/product"}],"about":[{"href":"https:\/\/mutualsoberania.com.ar\/proveeduria\/wp-json\/wp\/v2\/types\/product"}],"wp:featuredmedia":[{"embeddable":true,"href":"https:\/\/mutualsoberania.com.ar\/proveeduria\/wp-json\/wp\/v2\/media\/39918"}],"wp:attachment":[{"href":"https:\/\/mutualsoberania.com.ar\/proveeduria\/wp-json\/wp\/v2\/media?parent=38715"}],"wp:term":[{"taxonomy":"product_brand","embeddable":true,"href":"https:\/\/mutualsoberania.com.ar\/proveeduria\/wp-json\/wp\/v2\/product_brand?post=38715"},{"taxonomy":"product_cat","embeddable":true,"href":"https:\/\/mutualsoberania.com.ar\/proveeduria\/wp-json\/wp\/v2\/product_cat?post=38715"},{"taxonomy":"product_tag","embeddable":true,"href":"https:\/\/mutualsoberania.com.ar\/proveeduria\/wp-json\/wp\/v2\/product_tag?post=38715"}],"curies":[{"name":"wp","href":"https:\/\/api.w.org\/{rel}","templated":true}]}}