{"id":38713,"date":"2025-03-14T14:31:15","date_gmt":"2025-03-14T17:31:15","guid":{"rendered":"https:\/\/mutualsoberania.com.ar\/proveeduria\/proveeduria\/sin categor\u00eda\/cafetera-nespresso-citiz-platinum-tit\/"},"modified":"2026-04-20T11:30:32","modified_gmt":"2026-04-20T14:30:32","slug":"cafetera-nespresso-citiz-platinum-tit","status":"publish","type":"product","link":"https:\/\/mutualsoberania.com.ar\/proveeduria\/proveeduria\/cafeteras\/cafetera-nespresso-citiz-platinum-tit\/","title":{"rendered":"Cafetera Nespresso Citiz Platinum Tit"},"content":{"rendered":"<p>Dise\u00f1ada para brindarte la m\u00e1xima comodidad y calidad, pod\u00e9s preparar una amplia variedad de caf\u00e9, desde intensos espressos hasta suaves americanos, e incluso agua caliente para tus necesidades diarias gracias a sus 5 botones espec\u00edficos.<br \/>\nUna m\u00e1quina de caf\u00e9 que combina innovaci\u00f3n con sustentabilidad: cuenta con un modo de ahorro de energ\u00eda que apaga autom\u00e1ticamente tu m\u00e1quina despu\u00e9s de dos minutos de inactividad, asegurando un menor consumo.<br \/>\nCitiz es la elecci\u00f3n perfecta para quienes buscan un toque de elegancia en su estilo de vida urbano. Hacela parte de tu cocina y convert\u00ed tus momentos de caf\u00e9 en experiencias sublimes.<\/p>\n","protected":false},"excerpt":{"rendered":"<p>Dise\u00f1ada para brindarte la m\u00e1xima comodidad y calidad, pod\u00e9s preparar una amplia variedad de caf\u00e9, desde intensos espressos hasta suaves americanos, e incluso agua caliente para tus necesidades diarias gracias a sus 5 botones espec\u00edficos. Una m\u00e1quina de caf\u00e9 que combina innovaci\u00f3n con sustentabilidad: cuenta con un modo de ahorro de energ\u00eda que apaga autom\u00e1ticamente &hellip;<\/p>\n<p class=\"read-more\"> <a class=\"\" href=\"https:\/\/mutualsoberania.com.ar\/proveeduria\/proveeduria\/cafeteras\/cafetera-nespresso-citiz-platinum-tit\/\"> <span class=\"screen-reader-text\">Cafetera Nespresso Citiz Platinum Tit<\/span> Leer m\u00e1s &raquo;<\/a><\/p>\n","protected":false},"featured_media":39622,"template":"","meta":{"site-sidebar-layout":"default","site-content-layout":"default","ast-global-header-display":"","ast-main-header-display":"","ast-hfb-above-header-display":"","ast-hfb-below-header-display":"","ast-hfb-mobile-header-display":"","site-post-title":"","ast-breadcrumbs-content":"","ast-featured-img":"","footer-sml-layout":"","theme-transparent-header-meta":"","adv-header-id-meta":"","stick-header-meta":"","header-above-stick-meta":"","header-main-stick-meta":"","header-below-stick-meta":"","_joinchat":[]},"product_brand":[],"product_cat":[258],"product_tag":[],"class_list":{"0":"post-38713","1":"product","2":"type-product","3":"status-publish","4":"has-post-thumbnail","6":"product_cat-cafeteras","7":"product_shipping_class-extra-pequenos","8":"desktop-align-left","9":"tablet-align-left","10":"mobile-align-left","12":"first","13":"instock","14":"shipping-taxable","15":"purchasable","16":"product-type-simple"},"_links":{"self":[{"href":"https:\/\/mutualsoberania.com.ar\/proveeduria\/wp-json\/wp\/v2\/product\/38713","targetHints":{"allow":["GET"]}}],"collection":[{"href":"https:\/\/mutualsoberania.com.ar\/proveeduria\/wp-json\/wp\/v2\/product"}],"about":[{"href":"https:\/\/mutualsoberania.com.ar\/proveeduria\/wp-json\/wp\/v2\/types\/product"}],"wp:featuredmedia":[{"embeddable":true,"href":"https:\/\/mutualsoberania.com.ar\/proveeduria\/wp-json\/wp\/v2\/media\/39622"}],"wp:attachment":[{"href":"https:\/\/mutualsoberania.com.ar\/proveeduria\/wp-json\/wp\/v2\/media?parent=38713"}],"wp:term":[{"taxonomy":"product_brand","embeddable":true,"href":"https:\/\/mutualsoberania.com.ar\/proveeduria\/wp-json\/wp\/v2\/product_brand?post=38713"},{"taxonomy":"product_cat","embeddable":true,"href":"https:\/\/mutualsoberania.com.ar\/proveeduria\/wp-json\/wp\/v2\/product_cat?post=38713"},{"taxonomy":"product_tag","embeddable":true,"href":"https:\/\/mutualsoberania.com.ar\/proveeduria\/wp-json\/wp\/v2\/product_tag?post=38713"}],"curies":[{"name":"wp","href":"https:\/\/api.w.org\/{rel}","templated":true}]}}