{"id":38664,"date":"2025-03-14T14:31:15","date_gmt":"2025-03-14T17:31:15","guid":{"rendered":"https:\/\/mutualsoberania.com.ar\/proveeduria\/proveeduria\/sin categor\u00eda\/caja-vino-familia-gascon-malbec-750cc-x-6-unidades\/"},"modified":"2026-04-20T11:30:29","modified_gmt":"2026-04-20T14:30:29","slug":"caja-vino-familia-gascon-malbec-750cc-x-6-unidades","status":"publish","type":"product","link":"https:\/\/mutualsoberania.com.ar\/proveeduria\/proveeduria\/bebidas\/caja-vino-familia-gascon-malbec-750cc-x-6-unidades\/","title":{"rendered":"Caja Vino Familia Gascon Malbec 750CC X 6 Unidades"},"content":{"rendered":"<p>Bodegas Escorihuela, con su dedicaci\u00f3n a la calidad y a la experimentaci\u00f3n, y promoviendo el rol del vino como parte integral de la cultura argentina, se ha convertido en uno de los l\u00edderes de la revoluci\u00f3n del vino argentino.<\/p>\n<p>Rojo viol\u00e1ceo brillante de profundidad media. Malbec de perfil frutal con aromas de ciruelas frescas, ar\u00e1ndanos y cerezas. El leve paso por roble aporta notas de vainilla y cacao. Al paladar es un vino tinto suave de sabores simples, principalmente frutal. Cuerpo medio, fluye fresco y sutil con taninos suaves y redondos. Final medio.<\/p>\n","protected":false},"excerpt":{"rendered":"<p>Bodegas Escorihuela, con su dedicaci\u00f3n a la calidad y a la experimentaci\u00f3n, y promoviendo el rol del vino como parte integral de la cultura argentina, se ha convertido en uno de los l\u00edderes de la revoluci\u00f3n del vino argentino. Rojo viol\u00e1ceo brillante de profundidad media. Malbec de perfil frutal con aromas de ciruelas frescas, ar\u00e1ndanos &hellip;<\/p>\n<p class=\"read-more\"> <a class=\"\" href=\"https:\/\/mutualsoberania.com.ar\/proveeduria\/proveeduria\/bebidas\/caja-vino-familia-gascon-malbec-750cc-x-6-unidades\/\"> <span class=\"screen-reader-text\">Caja Vino Familia Gascon Malbec 750CC X 6 Unidades<\/span> Leer m\u00e1s &raquo;<\/a><\/p>\n","protected":false},"featured_media":0,"template":"","meta":{"site-sidebar-layout":"default","site-content-layout":"default","ast-global-header-display":"","ast-main-header-display":"","ast-hfb-above-header-display":"","ast-hfb-below-header-display":"","ast-hfb-mobile-header-display":"","site-post-title":"","ast-breadcrumbs-content":"","ast-featured-img":"","footer-sml-layout":"","theme-transparent-header-meta":"","adv-header-id-meta":"","stick-header-meta":"","header-above-stick-meta":"","header-main-stick-meta":"","header-below-stick-meta":"","_joinchat":[]},"product_brand":[],"product_cat":[279],"product_tag":[],"class_list":{"0":"post-38664","1":"product","2":"type-product","3":"status-publish","5":"product_cat-bebidas","6":"product_shipping_class-pequenos","7":"desktop-align-left","8":"tablet-align-left","9":"mobile-align-left","11":"first","12":"outofstock","13":"shipping-taxable","14":"purchasable","15":"product-type-simple"},"_links":{"self":[{"href":"https:\/\/mutualsoberania.com.ar\/proveeduria\/wp-json\/wp\/v2\/product\/38664","targetHints":{"allow":["GET"]}}],"collection":[{"href":"https:\/\/mutualsoberania.com.ar\/proveeduria\/wp-json\/wp\/v2\/product"}],"about":[{"href":"https:\/\/mutualsoberania.com.ar\/proveeduria\/wp-json\/wp\/v2\/types\/product"}],"wp:attachment":[{"href":"https:\/\/mutualsoberania.com.ar\/proveeduria\/wp-json\/wp\/v2\/media?parent=38664"}],"wp:term":[{"taxonomy":"product_brand","embeddable":true,"href":"https:\/\/mutualsoberania.com.ar\/proveeduria\/wp-json\/wp\/v2\/product_brand?post=38664"},{"taxonomy":"product_cat","embeddable":true,"href":"https:\/\/mutualsoberania.com.ar\/proveeduria\/wp-json\/wp\/v2\/product_cat?post=38664"},{"taxonomy":"product_tag","embeddable":true,"href":"https:\/\/mutualsoberania.com.ar\/proveeduria\/wp-json\/wp\/v2\/product_tag?post=38664"}],"curies":[{"name":"wp","href":"https:\/\/api.w.org\/{rel}","templated":true}]}}