{"id":38622,"date":"2025-03-14T14:31:14","date_gmt":"2025-03-14T17:31:14","guid":{"rendered":"https:\/\/mutualsoberania.com.ar\/proveeduria\/proveeduria\/sin categor\u00eda\/cocina-electrolux-56cm-acero-doble-horno-electrica-gas-56dxq\/"},"modified":"2026-04-20T11:30:22","modified_gmt":"2026-04-20T14:30:22","slug":"cocina-electrolux-56cm-acero-doble-horno-electrica-gas-56dxq","status":"publish","type":"product","link":"https:\/\/mutualsoberania.com.ar\/proveeduria\/proveeduria\/cocinas-hornos-y-anafes\/cocina-electrolux-56cm-acero-doble-horno-electrica-gas-56dxq\/","title":{"rendered":"Cocina Electrolux 56cm Acero Doble Horno Electrica\/Gas (56dxq)"},"content":{"rendered":"<p>La cocina doble horno 56DXQ ha llegado para satisfacer el deseo de aquellos que demandan calidad y eficiencia en la preparaci\u00f3n de sus alimentos.<br \/>\nCon dos hornos independientes, uno el\u00e9ctrico y uno a gas, sus comidas se pueden preparar simult\u00e1neamente y con excelente calidad.<br \/>\nLa cocina 56DXQ tiene una puerta full glass, que proporciona una mejor visibilidad del interior del horno, para acompa\u00f1ar la preparaci\u00f3n de las recetas.<br \/>\nTambi\u00e9n es un producto muy f\u00e1cil de limpiar, gracias a su vidrio interno extra\u00edble, que permite una limpieza m\u00e1s completa del producto y a su Recubrimiento FastClean, que evita la acumulaci\u00f3n de grasa y facilita la limpieza del horno.<br \/>\nSus cuatro hornallas est\u00e1n selladas, de manera que no permiten la entrada de residuos. Una de ellas, cuenta con la funci\u00f3n triple llama, una llama m\u00e1s potente que acelera la cocci\u00f3n. Por lo tanto, las reuniones familiares ser\u00e1n mucho m\u00e1s agradables y contar\u00e1n con comidas m\u00e1s elaboradas, hechas en menor tiempo.<\/p>\n","protected":false},"excerpt":{"rendered":"<p>La cocina doble horno 56DXQ ha llegado para satisfacer el deseo de aquellos que demandan calidad y eficiencia en la preparaci\u00f3n de sus alimentos. Con dos hornos independientes, uno el\u00e9ctrico y uno a gas, sus comidas se pueden preparar simult\u00e1neamente y con excelente calidad. La cocina 56DXQ tiene una puerta full glass, que proporciona una &hellip;<\/p>\n<p class=\"read-more\"> <a class=\"\" href=\"https:\/\/mutualsoberania.com.ar\/proveeduria\/proveeduria\/cocinas-hornos-y-anafes\/cocina-electrolux-56cm-acero-doble-horno-electrica-gas-56dxq\/\"> <span class=\"screen-reader-text\">Cocina Electrolux 56cm Acero Doble Horno Electrica\/Gas (56dxq)<\/span> Leer m\u00e1s &raquo;<\/a><\/p>\n","protected":false},"featured_media":39603,"template":"","meta":{"site-sidebar-layout":"default","site-content-layout":"default","ast-global-header-display":"","ast-main-header-display":"","ast-hfb-above-header-display":"","ast-hfb-below-header-display":"","ast-hfb-mobile-header-display":"","site-post-title":"","ast-breadcrumbs-content":"","ast-featured-img":"","footer-sml-layout":"","theme-transparent-header-meta":"","adv-header-id-meta":"","stick-header-meta":"","header-above-stick-meta":"","header-main-stick-meta":"","header-below-stick-meta":"","_joinchat":[]},"product_brand":[],"product_cat":[256],"product_tag":[],"class_list":{"0":"post-38622","1":"product","2":"type-product","3":"status-publish","4":"has-post-thumbnail","6":"product_cat-cocinas-hornos-y-anafes","7":"product_shipping_class-grandes","8":"desktop-align-left","9":"tablet-align-left","10":"mobile-align-left","12":"first","13":"outofstock","14":"shipping-taxable","15":"purchasable","16":"product-type-simple"},"_links":{"self":[{"href":"https:\/\/mutualsoberania.com.ar\/proveeduria\/wp-json\/wp\/v2\/product\/38622","targetHints":{"allow":["GET"]}}],"collection":[{"href":"https:\/\/mutualsoberania.com.ar\/proveeduria\/wp-json\/wp\/v2\/product"}],"about":[{"href":"https:\/\/mutualsoberania.com.ar\/proveeduria\/wp-json\/wp\/v2\/types\/product"}],"wp:featuredmedia":[{"embeddable":true,"href":"https:\/\/mutualsoberania.com.ar\/proveeduria\/wp-json\/wp\/v2\/media\/39603"}],"wp:attachment":[{"href":"https:\/\/mutualsoberania.com.ar\/proveeduria\/wp-json\/wp\/v2\/media?parent=38622"}],"wp:term":[{"taxonomy":"product_brand","embeddable":true,"href":"https:\/\/mutualsoberania.com.ar\/proveeduria\/wp-json\/wp\/v2\/product_brand?post=38622"},{"taxonomy":"product_cat","embeddable":true,"href":"https:\/\/mutualsoberania.com.ar\/proveeduria\/wp-json\/wp\/v2\/product_cat?post=38622"},{"taxonomy":"product_tag","embeddable":true,"href":"https:\/\/mutualsoberania.com.ar\/proveeduria\/wp-json\/wp\/v2\/product_tag?post=38622"}],"curies":[{"name":"wp","href":"https:\/\/api.w.org\/{rel}","templated":true}]}}