{"id":38272,"date":"2024-12-06T14:28:10","date_gmt":"2024-12-06T17:28:10","guid":{"rendered":"https:\/\/mutualsoberania.com.ar\/proveeduria\/proveeduria\/sin categor\u00eda\/celular-samsung-galaxy-s24fe-256gb-graphite\/"},"modified":"2026-04-20T11:30:46","modified_gmt":"2026-04-20T14:30:46","slug":"celular-samsung-galaxy-s24fe-256gb-graphite","status":"publish","type":"product","link":"https:\/\/mutualsoberania.com.ar\/proveeduria\/proveeduria\/celulares-y-smartphones-2\/celular-samsung-galaxy-s24fe-256gb-graphite\/","title":{"rendered":"Celular Samsung Galaxy S24fe \/ 256gb Graphite"},"content":{"rendered":"<p>Conoc\u00e9 el Galaxy S24 FE con Galaxy AI, en donde cada foto desata tu creatividad sin l\u00edmites. Sumergite en la experiencia completa de Galaxy AI y liber\u00e1 innumerables formas de explorar tu imaginaci\u00f3n. Captur\u00e1, rode\u00e1, toc\u00e1&#8230; descubr\u00ed por qu\u00e9 vale la pena.<br \/>\nCon Corning\u00ae Gorilla\u00ae Glass Victus\u00ae+ protegiendo la parte delantera y trasera, el Galaxy S24 FE est\u00e1 hecho para durar. Adem\u00e1s, cuenta con la certificaci\u00f3n IP68 de resistencia al polvo y al agua.<br \/>\nUtiliz\u00e1 Photo Assist para cambiar f\u00e1cilmente el tama\u00f1o, mover y eliminar objetos no deseados de tus fotos. Transform\u00e1 im\u00e1genes cotidianas en impresionantes obras de arte con nuestra herramienta de edici\u00f3n basada en AI.<br \/>\nDisfrut\u00e1 m\u00e1s tiempo de reproducci\u00f3n gracias a su bater\u00eda t\u00edpica de 4.700 mAh. Perfectamente optimizado para la transmisi\u00f3n de video, es tu compa\u00f1ero definitivo para un entretenimiento ininterrumpido.<\/p>\n","protected":false},"excerpt":{"rendered":"<p>Conoc\u00e9 el Galaxy S24 FE con Galaxy AI, en donde cada foto desata tu creatividad sin l\u00edmites. Sumergite en la experiencia completa de Galaxy AI y liber\u00e1 innumerables formas de explorar tu imaginaci\u00f3n. Captur\u00e1, rode\u00e1, toc\u00e1&#8230; descubr\u00ed por qu\u00e9 vale la pena. Con Corning\u00ae Gorilla\u00ae Glass Victus\u00ae+ protegiendo la parte delantera y trasera, el Galaxy &hellip;<\/p>\n<p class=\"read-more\"> <a class=\"\" href=\"https:\/\/mutualsoberania.com.ar\/proveeduria\/proveeduria\/celulares-y-smartphones-2\/celular-samsung-galaxy-s24fe-256gb-graphite\/\"> <span class=\"screen-reader-text\">Celular Samsung Galaxy S24fe \/ 256gb Graphite<\/span> Leer m\u00e1s &raquo;<\/a><\/p>\n","protected":false},"featured_media":38487,"template":"","meta":{"site-sidebar-layout":"default","site-content-layout":"default","ast-global-header-display":"","ast-main-header-display":"","ast-hfb-above-header-display":"","ast-hfb-below-header-display":"","ast-hfb-mobile-header-display":"","site-post-title":"","ast-breadcrumbs-content":"","ast-featured-img":"","footer-sml-layout":"","theme-transparent-header-meta":"","adv-header-id-meta":"","stick-header-meta":"","header-above-stick-meta":"","header-main-stick-meta":"","header-below-stick-meta":"","_joinchat":[]},"product_brand":[],"product_cat":[283],"product_tag":[],"class_list":{"0":"post-38272","1":"product","2":"type-product","3":"status-publish","4":"has-post-thumbnail","6":"product_cat-celulares-y-smartphones-2","7":"product_shipping_class-extra-pequenos","8":"desktop-align-left","9":"tablet-align-left","10":"mobile-align-left","12":"first","13":"outofstock","14":"shipping-taxable","15":"purchasable","16":"product-type-simple"},"_links":{"self":[{"href":"https:\/\/mutualsoberania.com.ar\/proveeduria\/wp-json\/wp\/v2\/product\/38272","targetHints":{"allow":["GET"]}}],"collection":[{"href":"https:\/\/mutualsoberania.com.ar\/proveeduria\/wp-json\/wp\/v2\/product"}],"about":[{"href":"https:\/\/mutualsoberania.com.ar\/proveeduria\/wp-json\/wp\/v2\/types\/product"}],"wp:featuredmedia":[{"embeddable":true,"href":"https:\/\/mutualsoberania.com.ar\/proveeduria\/wp-json\/wp\/v2\/media\/38487"}],"wp:attachment":[{"href":"https:\/\/mutualsoberania.com.ar\/proveeduria\/wp-json\/wp\/v2\/media?parent=38272"}],"wp:term":[{"taxonomy":"product_brand","embeddable":true,"href":"https:\/\/mutualsoberania.com.ar\/proveeduria\/wp-json\/wp\/v2\/product_brand?post=38272"},{"taxonomy":"product_cat","embeddable":true,"href":"https:\/\/mutualsoberania.com.ar\/proveeduria\/wp-json\/wp\/v2\/product_cat?post=38272"},{"taxonomy":"product_tag","embeddable":true,"href":"https:\/\/mutualsoberania.com.ar\/proveeduria\/wp-json\/wp\/v2\/product_tag?post=38272"}],"curies":[{"name":"wp","href":"https:\/\/api.w.org\/{rel}","templated":true}]}}