{"id":38162,"date":"2024-12-06T14:28:09","date_gmt":"2024-12-06T17:28:09","guid":{"rendered":"https:\/\/mutualsoberania.com.ar\/proveeduria\/proveeduria\/sin categor\u00eda\/pava-electrica-midea-1-7-lts-digital-inoxidable-ek-dc17xar1\/"},"modified":"2026-04-20T11:29:58","modified_gmt":"2026-04-20T14:29:58","slug":"pava-electrica-midea-1-7-lts-digital-inoxidable-ek-dc17xar1","status":"publish","type":"product","link":"https:\/\/mutualsoberania.com.ar\/proveeduria\/proveeduria\/pequeos-electrodomsticos\/electrodomsticos-de-cocina\/pava-electrica-midea-1-7-lts-digital-inoxidable-ek-dc17xar1\/","title":{"rendered":"Pava Electrica Midea 1.7 lts Digital Inoxidable (ek-dc17xar1)"},"content":{"rendered":"<p>-Capacidad: 1,7 lts.<br \/>\n-Potencia m\u00e1xima: 1850 watts.<br \/>\n-Jarra de acero inoxidable.<br \/>\n-Control de temperatura digital.<br \/>\n-Mantiene la temperatura deseada.<br \/>\n-R\u00e1pido hervor.<br \/>\n&#8211; Indicador de nivel de agua.<br \/>\n-Tapa de f\u00e1cil apertura con bot\u00f3n.<br \/>\n-Apagado autom\u00e1tico de seguridad.<\/p>\n<p>ESPECIFICACIONES T\u00c9CNICAS:<\/p>\n<p>Ancho 150 mm<br \/>\nProfundidad 220 mm<br \/>\nAlto 243 mm<br \/>\nCapacidad 1,7 lts.<br \/>\nAlimentaci\u00f3n El\u00e9ctrica 220V- 50Hz<\/p>\n","protected":false},"excerpt":{"rendered":"<p>-Capacidad: 1,7 lts. -Potencia m\u00e1xima: 1850 watts. -Jarra de acero inoxidable. -Control de temperatura digital. -Mantiene la temperatura deseada. -R\u00e1pido hervor. &#8211; Indicador de nivel de agua. -Tapa de f\u00e1cil apertura con bot\u00f3n. -Apagado autom\u00e1tico de seguridad. ESPECIFICACIONES T\u00c9CNICAS: Ancho 150 mm Profundidad 220 mm Alto 243 mm Capacidad 1,7 lts. Alimentaci\u00f3n El\u00e9ctrica 220V- 50Hz<\/p>\n","protected":false},"featured_media":38374,"template":"","meta":{"site-sidebar-layout":"default","site-content-layout":"default","ast-global-header-display":"","ast-main-header-display":"","ast-hfb-above-header-display":"","ast-hfb-below-header-display":"","ast-hfb-mobile-header-display":"","site-post-title":"","ast-breadcrumbs-content":"","ast-featured-img":"","footer-sml-layout":"","theme-transparent-header-meta":"","adv-header-id-meta":"","stick-header-meta":"","header-above-stick-meta":"","header-main-stick-meta":"","header-below-stick-meta":"","_joinchat":[]},"product_brand":[],"product_cat":[237,286],"product_tag":[],"class_list":{"0":"post-38162","1":"product","2":"type-product","3":"status-publish","4":"has-post-thumbnail","6":"product_cat-electrodomsticos-de-cocina","7":"product_cat-electrodomesticos-de-cocina","8":"product_shipping_class-extra-pequenos","9":"desktop-align-left","10":"tablet-align-left","11":"mobile-align-left","13":"first","14":"instock","15":"shipping-taxable","16":"purchasable","17":"product-type-simple"},"_links":{"self":[{"href":"https:\/\/mutualsoberania.com.ar\/proveeduria\/wp-json\/wp\/v2\/product\/38162","targetHints":{"allow":["GET"]}}],"collection":[{"href":"https:\/\/mutualsoberania.com.ar\/proveeduria\/wp-json\/wp\/v2\/product"}],"about":[{"href":"https:\/\/mutualsoberania.com.ar\/proveeduria\/wp-json\/wp\/v2\/types\/product"}],"wp:featuredmedia":[{"embeddable":true,"href":"https:\/\/mutualsoberania.com.ar\/proveeduria\/wp-json\/wp\/v2\/media\/38374"}],"wp:attachment":[{"href":"https:\/\/mutualsoberania.com.ar\/proveeduria\/wp-json\/wp\/v2\/media?parent=38162"}],"wp:term":[{"taxonomy":"product_brand","embeddable":true,"href":"https:\/\/mutualsoberania.com.ar\/proveeduria\/wp-json\/wp\/v2\/product_brand?post=38162"},{"taxonomy":"product_cat","embeddable":true,"href":"https:\/\/mutualsoberania.com.ar\/proveeduria\/wp-json\/wp\/v2\/product_cat?post=38162"},{"taxonomy":"product_tag","embeddable":true,"href":"https:\/\/mutualsoberania.com.ar\/proveeduria\/wp-json\/wp\/v2\/product_tag?post=38162"}],"curies":[{"name":"wp","href":"https:\/\/api.w.org\/{rel}","templated":true}]}}