{"id":38080,"date":"2024-10-22T10:52:50","date_gmt":"2024-10-22T13:52:50","guid":{"rendered":"https:\/\/mutualsoberania.com.ar\/proveeduria\/proveeduria\/sin categor\u00eda\/batidora-moulinex-facilita-250w-red-sx1505ar\/"},"modified":"2026-04-20T11:29:56","modified_gmt":"2026-04-20T14:29:56","slug":"batidora-moulinex-facilita-250w-red-sx1505ar","status":"publish","type":"product","link":"https:\/\/mutualsoberania.com.ar\/proveeduria\/proveeduria\/pequeos-electrodomsticos\/electrodomsticos-de-cocina\/batidora-moulinex-facilita-250w-red-sx1505ar\/","title":{"rendered":"Batidora Moulinex Facilita 250w Red (SX1505AR)"},"content":{"rendered":"<p>La Batidora Moulinex SX1505AR con su dise\u00f1o compacto y de f\u00e1cil agarre y combinado con sus 250 watts de potencia y m\u00faltiples velocidades, ofrece una experiencia de uso c\u00f3moda y eficiente, adapt\u00e1ndose a diversas preparaciones culinarias.<\/p>\n","protected":false},"excerpt":{"rendered":"<p>La Batidora Moulinex SX1505AR con su dise\u00f1o compacto y de f\u00e1cil agarre y combinado con sus 250 watts de potencia y m\u00faltiples velocidades, ofrece una experiencia de uso c\u00f3moda y eficiente, adapt\u00e1ndose a diversas preparaciones culinarias.<\/p>\n","protected":false},"featured_media":38118,"template":"","meta":{"site-sidebar-layout":"default","site-content-layout":"default","ast-global-header-display":"","ast-main-header-display":"","ast-hfb-above-header-display":"","ast-hfb-below-header-display":"","ast-hfb-mobile-header-display":"","site-post-title":"","ast-breadcrumbs-content":"","ast-featured-img":"","footer-sml-layout":"","theme-transparent-header-meta":"","adv-header-id-meta":"","stick-header-meta":"","header-above-stick-meta":"","header-main-stick-meta":"","header-below-stick-meta":"","_joinchat":[]},"product_brand":[],"product_cat":[237,286],"product_tag":[],"class_list":{"0":"post-38080","1":"product","2":"type-product","3":"status-publish","4":"has-post-thumbnail","6":"product_cat-electrodomsticos-de-cocina","7":"product_cat-electrodomesticos-de-cocina","8":"product_shipping_class-extra-pequenos","9":"desktop-align-left","10":"tablet-align-left","11":"mobile-align-left","13":"first","14":"instock","15":"shipping-taxable","16":"purchasable","17":"product-type-simple"},"_links":{"self":[{"href":"https:\/\/mutualsoberania.com.ar\/proveeduria\/wp-json\/wp\/v2\/product\/38080","targetHints":{"allow":["GET"]}}],"collection":[{"href":"https:\/\/mutualsoberania.com.ar\/proveeduria\/wp-json\/wp\/v2\/product"}],"about":[{"href":"https:\/\/mutualsoberania.com.ar\/proveeduria\/wp-json\/wp\/v2\/types\/product"}],"wp:featuredmedia":[{"embeddable":true,"href":"https:\/\/mutualsoberania.com.ar\/proveeduria\/wp-json\/wp\/v2\/media\/38118"}],"wp:attachment":[{"href":"https:\/\/mutualsoberania.com.ar\/proveeduria\/wp-json\/wp\/v2\/media?parent=38080"}],"wp:term":[{"taxonomy":"product_brand","embeddable":true,"href":"https:\/\/mutualsoberania.com.ar\/proveeduria\/wp-json\/wp\/v2\/product_brand?post=38080"},{"taxonomy":"product_cat","embeddable":true,"href":"https:\/\/mutualsoberania.com.ar\/proveeduria\/wp-json\/wp\/v2\/product_cat?post=38080"},{"taxonomy":"product_tag","embeddable":true,"href":"https:\/\/mutualsoberania.com.ar\/proveeduria\/wp-json\/wp\/v2\/product_tag?post=38080"}],"curies":[{"name":"wp","href":"https:\/\/api.w.org\/{rel}","templated":true}]}}