{"id":37464,"date":"2024-10-04T19:02:44","date_gmt":"2024-10-04T22:02:44","guid":{"rendered":"https:\/\/mutualsoberania.com.ar\/proveeduria\/proveeduria\/sin categor\u00eda\/cafetera-viaje-stanley-prensa-francesa-473-ml-verde-01855017\/"},"modified":"2026-01-14T12:28:21","modified_gmt":"2026-01-14T15:28:21","slug":"cafetera-viaje-stanley-prensa-francesa-473-ml-verde-01855017","status":"publish","type":"product","link":"https:\/\/mutualsoberania.com.ar\/proveeduria\/proveeduria\/bazar-2\/cafetera-viaje-stanley-prensa-francesa-473-ml-verde-01855017\/","title":{"rendered":"Cafetera Viaje Stanley -Prensa Francesa &#8211; 473 Ml Verde (01855017)"},"content":{"rendered":"<p>\u00bfTienes que tomar tu caf\u00e9 de prensa francesa pero no puedes quedarte quieto el tiempo suficiente para saborearlo? Conoce a tu pareja. Disfrute del sabor de su propio caf\u00e9 prensado franc\u00e9s hecho a su gusto en cualquier momento y en cualquier lugar. Con una apertura para beber y una tapa a prueba de fugas, esta taza aislada al vac\u00edo mantendr\u00e1 su caf\u00e9 caliente durante 4 horas.<\/p>\n","protected":false},"excerpt":{"rendered":"<p>\u00bfTienes que tomar tu caf\u00e9 de prensa francesa pero no puedes quedarte quieto el tiempo suficiente para saborearlo? Conoce a tu pareja. Disfrute del sabor de su propio caf\u00e9 prensado franc\u00e9s hecho a su gusto en cualquier momento y en cualquier lugar. Con una apertura para beber y una tapa a prueba de fugas, esta &hellip;<\/p>\n<p class=\"read-more\"> <a class=\"\" href=\"https:\/\/mutualsoberania.com.ar\/proveeduria\/proveeduria\/bazar-2\/cafetera-viaje-stanley-prensa-francesa-473-ml-verde-01855017\/\"> <span class=\"screen-reader-text\">Cafetera Viaje Stanley -Prensa Francesa &#8211; 473 Ml Verde (01855017)<\/span> Leer m\u00e1s &raquo;<\/a><\/p>\n","protected":false},"featured_media":37950,"template":"","meta":{"site-sidebar-layout":"default","site-content-layout":"default","ast-global-header-display":"","ast-main-header-display":"","ast-hfb-above-header-display":"","ast-hfb-below-header-display":"","ast-hfb-mobile-header-display":"","site-post-title":"","ast-breadcrumbs-content":"","ast-featured-img":"","footer-sml-layout":"","theme-transparent-header-meta":"","adv-header-id-meta":"","stick-header-meta":"","header-above-stick-meta":"","header-main-stick-meta":"","header-below-stick-meta":"","_joinchat":[]},"product_brand":[],"product_cat":[281],"product_tag":[],"class_list":{"0":"post-37464","1":"product","2":"type-product","3":"status-publish","4":"has-post-thumbnail","6":"product_cat-bazar-2","7":"product_shipping_class-extra-pequenos","8":"desktop-align-left","9":"tablet-align-left","10":"mobile-align-left","12":"first","13":"outofstock","14":"shipping-taxable","15":"purchasable","16":"product-type-simple"},"_links":{"self":[{"href":"https:\/\/mutualsoberania.com.ar\/proveeduria\/wp-json\/wp\/v2\/product\/37464","targetHints":{"allow":["GET"]}}],"collection":[{"href":"https:\/\/mutualsoberania.com.ar\/proveeduria\/wp-json\/wp\/v2\/product"}],"about":[{"href":"https:\/\/mutualsoberania.com.ar\/proveeduria\/wp-json\/wp\/v2\/types\/product"}],"wp:featuredmedia":[{"embeddable":true,"href":"https:\/\/mutualsoberania.com.ar\/proveeduria\/wp-json\/wp\/v2\/media\/37950"}],"wp:attachment":[{"href":"https:\/\/mutualsoberania.com.ar\/proveeduria\/wp-json\/wp\/v2\/media?parent=37464"}],"wp:term":[{"taxonomy":"product_brand","embeddable":true,"href":"https:\/\/mutualsoberania.com.ar\/proveeduria\/wp-json\/wp\/v2\/product_brand?post=37464"},{"taxonomy":"product_cat","embeddable":true,"href":"https:\/\/mutualsoberania.com.ar\/proveeduria\/wp-json\/wp\/v2\/product_cat?post=37464"},{"taxonomy":"product_tag","embeddable":true,"href":"https:\/\/mutualsoberania.com.ar\/proveeduria\/wp-json\/wp\/v2\/product_tag?post=37464"}],"curies":[{"name":"wp","href":"https:\/\/api.w.org\/{rel}","templated":true}]}}