{"id":37222,"date":"2024-10-04T19:02:21","date_gmt":"2024-10-04T22:02:21","guid":{"rendered":"https:\/\/mutualsoberania.com.ar\/proveeduria\/proveeduria\/sin categor\u00eda\/split-carrier-4400-kcal-inverter-frio-calor-53hvg1801f\/"},"modified":"2026-01-14T12:29:36","modified_gmt":"2026-01-14T15:29:36","slug":"split-carrier-4400-kcal-inverter-frio-calor-53hvg1801f","status":"publish","type":"product","link":"https:\/\/mutualsoberania.com.ar\/proveeduria\/proveeduria\/refrigeracin\/split-carrier-4400-kcal-inverter-frio-calor-53hvg1801f\/","title":{"rendered":"Split Carrier 4400 Kcal Inverter Fr\u00edo\/Calor (53HVG1801F)"},"content":{"rendered":"<p>Con un nuevo dise\u00f1o m\u00e1s eficiente y duradero, los equipos XPower Inverter Smart cuentan con tecnolog\u00eda innovadora que te permite llevar tu experiencia de confort a otro nivel. Mediante la App Carrier Air Conditioner pod\u00e9s controlar tu equipo de manera remota desde tu smartphone o tablet. <\/p>\n<p>El aire acondicionado XPower Inverter Smart de Carrier asegura tambi\u00e9n que el clima deseado se alcance en menor tiempo que los splits tradicionales, ya que al ajustar la velocidad de su compresor, opera en el inicio a m\u00e1xima velocidad para lograr la temperatura deseada en tiempo m\u00ednimo. Esto hace al equipo XPower obtener ahorros impensados de energ\u00eda, operar de la manera m\u00e1s silenciosa y lograr maximizar el confort del usuario.<\/p>\n<p>SILVER ION FILTER<br \/>\nPermite mayor remoci\u00f3n de bacterias.<br \/>\nMODO TURBO<br \/>\nEsta funci\u00f3n permite alcanzar la temperatura deseada r\u00e1pidamente para un clima confortable.<\/p>\n<p>SMART READY<br \/>\nControl\u00e1 y ajust\u00e1 el clima ideal desde donde est\u00e9s.<\/p>\n<p>CONEXI\u00d3N WI-FI<br \/>\nUtiliza la conexi\u00f3n a la red Wi-Fi.<br \/>\nSMART CONTROL<br \/>\nControl\u00e1 y ajust\u00e1 el clima ideal desde cualquier dispositivo m\u00f3vil smartphone o tablet.<\/p>\n<p>FUNCI\u00d3N GEAR<br \/>\nPermite optimizar la eficiencia energ\u00e9tica, en 3 niveles de potencia. El equipo funciona al 50, 75 o 100% de su potencia m\u00e1xima a elecci\u00f3n del usuario.<\/p>\n","protected":false},"excerpt":{"rendered":"<p>Con un nuevo dise\u00f1o m\u00e1s eficiente y duradero, los equipos XPower Inverter Smart cuentan con tecnolog\u00eda innovadora que te permite llevar tu experiencia de confort a otro nivel. Mediante la App Carrier Air Conditioner pod\u00e9s controlar tu equipo de manera remota desde tu smartphone o tablet. El aire acondicionado XPower Inverter Smart de Carrier asegura &hellip;<\/p>\n<p class=\"read-more\"> <a class=\"\" href=\"https:\/\/mutualsoberania.com.ar\/proveeduria\/proveeduria\/refrigeracin\/split-carrier-4400-kcal-inverter-frio-calor-53hvg1801f\/\"> <span class=\"screen-reader-text\">Split Carrier 4400 Kcal Inverter Fr\u00edo\/Calor (53HVG1801F)<\/span> Leer m\u00e1s &raquo;<\/a><\/p>\n","protected":false},"featured_media":37725,"template":"","meta":{"site-sidebar-layout":"default","site-content-layout":"default","ast-global-header-display":"","ast-main-header-display":"","ast-hfb-above-header-display":"","ast-hfb-below-header-display":"","ast-hfb-mobile-header-display":"","site-post-title":"","ast-breadcrumbs-content":"","ast-featured-img":"","footer-sml-layout":"","theme-transparent-header-meta":"","adv-header-id-meta":"","stick-header-meta":"","header-above-stick-meta":"","header-main-stick-meta":"","header-below-stick-meta":"","_joinchat":[]},"product_brand":[],"product_cat":[257],"product_tag":[],"class_list":{"0":"post-37222","1":"product","2":"type-product","3":"status-publish","4":"has-post-thumbnail","6":"product_cat-refrigeracin","7":"product_shipping_class-extra-grandes","8":"desktop-align-left","9":"tablet-align-left","10":"mobile-align-left","12":"first","13":"outofstock","14":"shipping-taxable","15":"purchasable","16":"product-type-simple"},"_links":{"self":[{"href":"https:\/\/mutualsoberania.com.ar\/proveeduria\/wp-json\/wp\/v2\/product\/37222","targetHints":{"allow":["GET"]}}],"collection":[{"href":"https:\/\/mutualsoberania.com.ar\/proveeduria\/wp-json\/wp\/v2\/product"}],"about":[{"href":"https:\/\/mutualsoberania.com.ar\/proveeduria\/wp-json\/wp\/v2\/types\/product"}],"wp:featuredmedia":[{"embeddable":true,"href":"https:\/\/mutualsoberania.com.ar\/proveeduria\/wp-json\/wp\/v2\/media\/37725"}],"wp:attachment":[{"href":"https:\/\/mutualsoberania.com.ar\/proveeduria\/wp-json\/wp\/v2\/media?parent=37222"}],"wp:term":[{"taxonomy":"product_brand","embeddable":true,"href":"https:\/\/mutualsoberania.com.ar\/proveeduria\/wp-json\/wp\/v2\/product_brand?post=37222"},{"taxonomy":"product_cat","embeddable":true,"href":"https:\/\/mutualsoberania.com.ar\/proveeduria\/wp-json\/wp\/v2\/product_cat?post=37222"},{"taxonomy":"product_tag","embeddable":true,"href":"https:\/\/mutualsoberania.com.ar\/proveeduria\/wp-json\/wp\/v2\/product_tag?post=37222"}],"curies":[{"name":"wp","href":"https:\/\/api.w.org\/{rel}","templated":true}]}}