{"id":37216,"date":"2024-10-04T19:02:20","date_gmt":"2024-10-04T22:02:20","guid":{"rendered":"https:\/\/mutualsoberania.com.ar\/proveeduria\/proveeduria\/sin categor\u00eda\/sandwichera-moulinex-compacta-blanco-sm154180\/"},"modified":"2026-04-20T11:29:39","modified_gmt":"2026-04-20T14:29:39","slug":"sandwichera-moulinex-compacta-blanco-sm154180","status":"publish","type":"product","link":"https:\/\/mutualsoberania.com.ar\/proveeduria\/proveeduria\/pequeos-electrodomsticos\/electrodomsticos-de-cocina\/sandwichera-moulinex-compacta-blanco-sm154180\/","title":{"rendered":"Sandwichera Moulinex Compacta Blanco (SM154180)"},"content":{"rendered":"<p>SANDWICHERA ELECTRICA SM154180 700W  ANTIADHERENTE &#8211; MOULINEX<\/p>\n<p>-Potencia: 700 watts.<br \/>\n-Capacidad para 2 sandwiches.<br \/>\n-Revestimiento interno antiadherente para una f\u00e1cil limpieza.<br \/>\n-Indicador luminoso de encendido.<br \/>\n-Uso seguro: mango aislado y paredes fr\u00edas al tacto.<br \/>\n-Click de cierre para m\u00e1xima seguridad.<br \/>\n-Posici\u00f3n vertical para almacenamiento.<br \/>\n-Con enrollacable.<\/p>\n","protected":false},"excerpt":{"rendered":"<p>SANDWICHERA ELECTRICA SM154180 700W ANTIADHERENTE &#8211; MOULINEX -Potencia: 700 watts. -Capacidad para 2 sandwiches. -Revestimiento interno antiadherente para una f\u00e1cil limpieza. -Indicador luminoso de encendido. -Uso seguro: mango aislado y paredes fr\u00edas al tacto. -Click de cierre para m\u00e1xima seguridad. -Posici\u00f3n vertical para almacenamiento. -Con enrollacable.<\/p>\n","protected":false},"featured_media":37719,"template":"","meta":{"site-sidebar-layout":"default","site-content-layout":"default","ast-global-header-display":"","ast-main-header-display":"","ast-hfb-above-header-display":"","ast-hfb-below-header-display":"","ast-hfb-mobile-header-display":"","site-post-title":"","ast-breadcrumbs-content":"","ast-featured-img":"","footer-sml-layout":"","theme-transparent-header-meta":"","adv-header-id-meta":"","stick-header-meta":"","header-above-stick-meta":"","header-main-stick-meta":"","header-below-stick-meta":"","_joinchat":[]},"product_brand":[],"product_cat":[237,286],"product_tag":[],"class_list":{"0":"post-37216","1":"product","2":"type-product","3":"status-publish","4":"has-post-thumbnail","6":"product_cat-electrodomsticos-de-cocina","7":"product_cat-electrodomesticos-de-cocina","8":"product_shipping_class-extra-pequenos","9":"desktop-align-left","10":"tablet-align-left","11":"mobile-align-left","13":"first","14":"instock","15":"shipping-taxable","16":"purchasable","17":"product-type-simple"},"_links":{"self":[{"href":"https:\/\/mutualsoberania.com.ar\/proveeduria\/wp-json\/wp\/v2\/product\/37216","targetHints":{"allow":["GET"]}}],"collection":[{"href":"https:\/\/mutualsoberania.com.ar\/proveeduria\/wp-json\/wp\/v2\/product"}],"about":[{"href":"https:\/\/mutualsoberania.com.ar\/proveeduria\/wp-json\/wp\/v2\/types\/product"}],"wp:featuredmedia":[{"embeddable":true,"href":"https:\/\/mutualsoberania.com.ar\/proveeduria\/wp-json\/wp\/v2\/media\/37719"}],"wp:attachment":[{"href":"https:\/\/mutualsoberania.com.ar\/proveeduria\/wp-json\/wp\/v2\/media?parent=37216"}],"wp:term":[{"taxonomy":"product_brand","embeddable":true,"href":"https:\/\/mutualsoberania.com.ar\/proveeduria\/wp-json\/wp\/v2\/product_brand?post=37216"},{"taxonomy":"product_cat","embeddable":true,"href":"https:\/\/mutualsoberania.com.ar\/proveeduria\/wp-json\/wp\/v2\/product_cat?post=37216"},{"taxonomy":"product_tag","embeddable":true,"href":"https:\/\/mutualsoberania.com.ar\/proveeduria\/wp-json\/wp\/v2\/product_tag?post=37216"}],"curies":[{"name":"wp","href":"https:\/\/api.w.org\/{rel}","templated":true}]}}