{"id":37129,"date":"2024-10-04T19:02:09","date_gmt":"2024-10-04T22:02:09","guid":{"rendered":"https:\/\/mutualsoberania.com.ar\/proveeduria\/proveeduria\/sin categor\u00eda\/split-inverter-bgh-4500-frio-y-calor-bsi53wcgt\/"},"modified":"2026-04-20T11:29:36","modified_gmt":"2026-04-20T14:29:36","slug":"split-inverter-bgh-4500-frio-y-calor-bsi53wcgt","status":"publish","type":"product","link":"https:\/\/mutualsoberania.com.ar\/proveeduria\/proveeduria\/refrigeracin\/split-inverter-bgh-4500-frio-y-calor-bsi53wcgt\/","title":{"rendered":"Split Inverter Bgh 4500 Fr\u00edo y Calor (Bsi53wcgt)"},"content":{"rendered":"<p>-Tecnolog\u00eda<br \/>\nEl aire acondicionado BGH split fr\u00edo\/calor BSI53WCCR de 4500 frigor\u00edas y 5200 watts enfr\u00eda de manera r\u00e1pida tus ambientes, gracias a los deflectores de aire y el ventilador que opera a sus m\u00e1ximas capacidades. Adem\u00e1s, se caracteriza por su bajo nivel sonoro, debido a que los equipos tienen compresores y ventiladores de \u00faltima generaci\u00f3n, para asegurar un funcionamiento silencioso.<\/p>\n<p>-Consumo energ\u00e9tico<br \/>\nClasificado con la eficiencia energ\u00e9tica en fr\u00edo Clase A, este equipo optimiza el empleo de la energ\u00eda y consume alrededor de un 50% menos que los convencionales que presentan un consumo medio.<\/p>\n<p>-Funciones<br \/>\nEl modelo BSI53WCCR cuenta con las funciones: Sue\u00f1o, con la que podr\u00e1s graduar la temperaturas durante la noche; Hot Start, que evita tirar aire fr\u00edo en el ambiente en el modo calor y Deshumidificaci\u00f3n, que asegura un clima natural eliminando la humedad del aire. Adem\u00e1s, viene con enfriamiento r\u00e1pido, display de temperatura en el panel, timer programable y control remoto con LCD y luz LED.<\/p>\n","protected":false},"excerpt":{"rendered":"<p>-Tecnolog\u00eda El aire acondicionado BGH split fr\u00edo\/calor BSI53WCCR de 4500 frigor\u00edas y 5200 watts enfr\u00eda de manera r\u00e1pida tus ambientes, gracias a los deflectores de aire y el ventilador que opera a sus m\u00e1ximas capacidades. Adem\u00e1s, se caracteriza por su bajo nivel sonoro, debido a que los equipos tienen compresores y ventiladores de \u00faltima generaci\u00f3n, &hellip;<\/p>\n<p class=\"read-more\"> <a class=\"\" href=\"https:\/\/mutualsoberania.com.ar\/proveeduria\/proveeduria\/refrigeracin\/split-inverter-bgh-4500-frio-y-calor-bsi53wcgt\/\"> <span class=\"screen-reader-text\">Split Inverter Bgh 4500 Fr\u00edo y Calor (Bsi53wcgt)<\/span> Leer m\u00e1s &raquo;<\/a><\/p>\n","protected":false},"featured_media":37632,"template":"","meta":{"site-sidebar-layout":"default","site-content-layout":"default","ast-global-header-display":"","ast-main-header-display":"","ast-hfb-above-header-display":"","ast-hfb-below-header-display":"","ast-hfb-mobile-header-display":"","site-post-title":"","ast-breadcrumbs-content":"","ast-featured-img":"","footer-sml-layout":"","theme-transparent-header-meta":"","adv-header-id-meta":"","stick-header-meta":"","header-above-stick-meta":"","header-main-stick-meta":"","header-below-stick-meta":"","_joinchat":[]},"product_brand":[],"product_cat":[257],"product_tag":[],"class_list":{"0":"post-37129","1":"product","2":"type-product","3":"status-publish","4":"has-post-thumbnail","6":"product_cat-refrigeracin","7":"product_shipping_class-extra-grandes","8":"desktop-align-left","9":"tablet-align-left","10":"mobile-align-left","12":"first","13":"outofstock","14":"shipping-taxable","15":"purchasable","16":"product-type-simple"},"_links":{"self":[{"href":"https:\/\/mutualsoberania.com.ar\/proveeduria\/wp-json\/wp\/v2\/product\/37129","targetHints":{"allow":["GET"]}}],"collection":[{"href":"https:\/\/mutualsoberania.com.ar\/proveeduria\/wp-json\/wp\/v2\/product"}],"about":[{"href":"https:\/\/mutualsoberania.com.ar\/proveeduria\/wp-json\/wp\/v2\/types\/product"}],"wp:featuredmedia":[{"embeddable":true,"href":"https:\/\/mutualsoberania.com.ar\/proveeduria\/wp-json\/wp\/v2\/media\/37632"}],"wp:attachment":[{"href":"https:\/\/mutualsoberania.com.ar\/proveeduria\/wp-json\/wp\/v2\/media?parent=37129"}],"wp:term":[{"taxonomy":"product_brand","embeddable":true,"href":"https:\/\/mutualsoberania.com.ar\/proveeduria\/wp-json\/wp\/v2\/product_brand?post=37129"},{"taxonomy":"product_cat","embeddable":true,"href":"https:\/\/mutualsoberania.com.ar\/proveeduria\/wp-json\/wp\/v2\/product_cat?post=37129"},{"taxonomy":"product_tag","embeddable":true,"href":"https:\/\/mutualsoberania.com.ar\/proveeduria\/wp-json\/wp\/v2\/product_tag?post=37129"}],"curies":[{"name":"wp","href":"https:\/\/api.w.org\/{rel}","templated":true}]}}