{"id":37117,"date":"2024-10-04T19:02:07","date_gmt":"2024-10-04T22:02:07","guid":{"rendered":"https:\/\/mutualsoberania.com.ar\/proveeduria\/proveeduria\/sin categor\u00eda\/smart-tv-samsung-43-un43t5300agczb\/"},"modified":"2024-10-22T10:57:36","modified_gmt":"2024-10-22T13:57:36","slug":"smart-tv-samsung-43-un43t5300agczb","status":"publish","type":"product","link":"https:\/\/mutualsoberania.com.ar\/proveeduria\/proveeduria\/tv-audio-y-video\/televisores\/smart-tv-samsung-43-un43t5300agczb\/","title":{"rendered":"Smart Tv Samsung 43&#8243; (Un43t5300agczb)"},"content":{"rendered":"<p>Samsung es reconocida a nivel mundial como una empresa l\u00edder en la industria tecnol\u00f3gica. Todos sus productos son dise\u00f1ados con una calidad superior y pensados para contribuir a un futuro mejor. Por eso, va a hacer que disfrutes de una experiencia visual incomparable.<br \/>\nCon el Smart TV UN43T5300A vas a acceder a las aplicaciones en las que se encuentran tus contenidos favoritos. Adem\u00e1s, pod\u00e9s navegar por Internet, interactuar en redes sociales y divertirte con videojuegos.<\/p>\n<p>Sumergite en la pantalla<br \/>\nSu resoluci\u00f3n Full HD muestra una clara evoluci\u00f3n frente a su antecesora. Las im\u00e1genes que vas a ver van a tener una calidad superior con un alto nivel de detalle y colores mucho m\u00e1s llamativos.<\/p>\n<p>Un sonido que te envuelve<br \/>\nVas a sentir que proviene desde todas las direcciones posibles, lo cual enriquece la percepci\u00f3n del mismo. Los di\u00e1logos de tus series de fin de semana o la m\u00fasica de tus cantantes preferidos van a cobrar otro significado.<\/p>\n<p>M\u00e1s all\u00e1 de ver televisi\u00f3n<br \/>\nSu funci\u00f3n Screen Share permite duplicar la pantalla de tu smartphone, tablet o PC para que aparezca en la TV. De esta forma vas a poder visualizar todo tipo de contenido: material audiovisual, documentos de trabajo, correos electr\u00f3nicos y m\u00e1s.<\/p>\n","protected":false},"excerpt":{"rendered":"<p>Samsung es reconocida a nivel mundial como una empresa l\u00edder en la industria tecnol\u00f3gica. Todos sus productos son dise\u00f1ados con una calidad superior y pensados para contribuir a un futuro mejor. Por eso, va a hacer que disfrutes de una experiencia visual incomparable. Con el Smart TV UN43T5300A vas a acceder a las aplicaciones en &hellip;<\/p>\n<p class=\"read-more\"> <a class=\"\" href=\"https:\/\/mutualsoberania.com.ar\/proveeduria\/proveeduria\/tv-audio-y-video\/televisores\/smart-tv-samsung-43-un43t5300agczb\/\"> <span class=\"screen-reader-text\">Smart Tv Samsung 43&#8243; (Un43t5300agczb)<\/span> Leer m\u00e1s &raquo;<\/a><\/p>\n","protected":false},"featured_media":37620,"template":"","meta":{"site-sidebar-layout":"default","site-content-layout":"default","ast-global-header-display":"","ast-main-header-display":"","ast-hfb-above-header-display":"","ast-hfb-below-header-display":"","ast-hfb-mobile-header-display":"","site-post-title":"","ast-breadcrumbs-content":"","ast-featured-img":"","footer-sml-layout":"","theme-transparent-header-meta":"","adv-header-id-meta":"","stick-header-meta":"","header-above-stick-meta":"","header-main-stick-meta":"","header-below-stick-meta":"","_joinchat":[]},"product_brand":[],"product_cat":[231],"product_tag":[],"class_list":{"0":"post-37117","1":"product","2":"type-product","3":"status-publish","4":"has-post-thumbnail","6":"product_cat-televisores","7":"product_shipping_class-medianos","8":"desktop-align-left","9":"tablet-align-left","10":"mobile-align-left","12":"first","13":"outofstock","14":"shipping-taxable","15":"purchasable","16":"product-type-simple"},"_links":{"self":[{"href":"https:\/\/mutualsoberania.com.ar\/proveeduria\/wp-json\/wp\/v2\/product\/37117","targetHints":{"allow":["GET"]}}],"collection":[{"href":"https:\/\/mutualsoberania.com.ar\/proveeduria\/wp-json\/wp\/v2\/product"}],"about":[{"href":"https:\/\/mutualsoberania.com.ar\/proveeduria\/wp-json\/wp\/v2\/types\/product"}],"wp:featuredmedia":[{"embeddable":true,"href":"https:\/\/mutualsoberania.com.ar\/proveeduria\/wp-json\/wp\/v2\/media\/37620"}],"wp:attachment":[{"href":"https:\/\/mutualsoberania.com.ar\/proveeduria\/wp-json\/wp\/v2\/media?parent=37117"}],"wp:term":[{"taxonomy":"product_brand","embeddable":true,"href":"https:\/\/mutualsoberania.com.ar\/proveeduria\/wp-json\/wp\/v2\/product_brand?post=37117"},{"taxonomy":"product_cat","embeddable":true,"href":"https:\/\/mutualsoberania.com.ar\/proveeduria\/wp-json\/wp\/v2\/product_cat?post=37117"},{"taxonomy":"product_tag","embeddable":true,"href":"https:\/\/mutualsoberania.com.ar\/proveeduria\/wp-json\/wp\/v2\/product_tag?post=37117"}],"curies":[{"name":"wp","href":"https:\/\/api.w.org\/{rel}","templated":true}]}}