{"id":37101,"date":"2024-10-04T19:02:06","date_gmt":"2024-10-04T22:02:06","guid":{"rendered":"https:\/\/mutualsoberania.com.ar\/proveeduria\/proveeduria\/sin categor\u00eda\/taladro-black-decker-percutor-550w-13mm-maletin-hd555k\/"},"modified":"2026-04-20T11:29:35","modified_gmt":"2026-04-20T14:29:35","slug":"taladro-black-decker-percutor-550w-13mm-maletin-hd555k","status":"publish","type":"product","link":"https:\/\/mutualsoberania.com.ar\/proveeduria\/proveeduria\/herramientas\/herramientas-elctricas\/taladro-black-decker-percutor-550w-13mm-maletin-hd555k\/","title":{"rendered":"Taladro Black &#038; Decker Percutor 550w 13mm Maletin (Hd555k)"},"content":{"rendered":"<p>Caracter\u00edsticas y Beneficios:<br \/>\nPotente motor de 550W<br \/>\nMandril de 1\/2&#8243; (13mm) con llave<br \/>\nSelector de funci\u00f3n de percusi\u00f3n o rotaci\u00f3n<br \/>\nVelocidad variable reversible de 0 &#8211; 2800\/min (rpm)<br \/>\nBarra de profundidad<br \/>\nInterruptor con bloqueo para uso continuo<\/p>\n<p>Especificaciones del producto:<br \/>\nPotencia 550W<br \/>\nVelocidad 0 &#8211; 2800\/min (rpm)<br \/>\nMandril 1\/2&#8243; (13mm)<br \/>\nAcci\u00f3n percutora Si &#8211; 45000 gpm<br \/>\nCable 1,8 m<\/p>\n<p>Incluye:<br \/>\nTaladro percutor.<br \/>\nEmpu\u00f1adura lateral.<br \/>\nBarra de profundidad.<br \/>\nCaja pl\u00e1stica.<\/p>\n","protected":false},"excerpt":{"rendered":"<p>Caracter\u00edsticas y Beneficios: Potente motor de 550W Mandril de 1\/2&#8243; (13mm) con llave Selector de funci\u00f3n de percusi\u00f3n o rotaci\u00f3n Velocidad variable reversible de 0 &#8211; 2800\/min (rpm) Barra de profundidad Interruptor con bloqueo para uso continuo Especificaciones del producto: Potencia 550W Velocidad 0 &#8211; 2800\/min (rpm) Mandril 1\/2&#8243; (13mm) Acci\u00f3n percutora Si &#8211; 45000 &hellip;<\/p>\n<p class=\"read-more\"> <a class=\"\" href=\"https:\/\/mutualsoberania.com.ar\/proveeduria\/proveeduria\/herramientas\/herramientas-elctricas\/taladro-black-decker-percutor-550w-13mm-maletin-hd555k\/\"> <span class=\"screen-reader-text\">Taladro Black &#038; Decker Percutor 550w 13mm Maletin (Hd555k)<\/span> Leer m\u00e1s &raquo;<\/a><\/p>\n","protected":false},"featured_media":37604,"template":"","meta":{"site-sidebar-layout":"default","site-content-layout":"default","ast-global-header-display":"","ast-main-header-display":"","ast-hfb-above-header-display":"","ast-hfb-below-header-display":"","ast-hfb-mobile-header-display":"","site-post-title":"","ast-breadcrumbs-content":"","ast-featured-img":"","footer-sml-layout":"","theme-transparent-header-meta":"","adv-header-id-meta":"","stick-header-meta":"","header-above-stick-meta":"","header-main-stick-meta":"","header-below-stick-meta":"","_joinchat":[]},"product_brand":[],"product_cat":[146,288],"product_tag":[],"class_list":{"0":"post-37101","1":"product","2":"type-product","3":"status-publish","4":"has-post-thumbnail","6":"product_cat-herramientas-elctricas","7":"product_cat-herramientas-electricas-2","8":"product_shipping_class-extra-pequenos","9":"desktop-align-left","10":"tablet-align-left","11":"mobile-align-left","13":"first","14":"instock","15":"shipping-taxable","16":"purchasable","17":"product-type-simple"},"_links":{"self":[{"href":"https:\/\/mutualsoberania.com.ar\/proveeduria\/wp-json\/wp\/v2\/product\/37101","targetHints":{"allow":["GET"]}}],"collection":[{"href":"https:\/\/mutualsoberania.com.ar\/proveeduria\/wp-json\/wp\/v2\/product"}],"about":[{"href":"https:\/\/mutualsoberania.com.ar\/proveeduria\/wp-json\/wp\/v2\/types\/product"}],"wp:featuredmedia":[{"embeddable":true,"href":"https:\/\/mutualsoberania.com.ar\/proveeduria\/wp-json\/wp\/v2\/media\/37604"}],"wp:attachment":[{"href":"https:\/\/mutualsoberania.com.ar\/proveeduria\/wp-json\/wp\/v2\/media?parent=37101"}],"wp:term":[{"taxonomy":"product_brand","embeddable":true,"href":"https:\/\/mutualsoberania.com.ar\/proveeduria\/wp-json\/wp\/v2\/product_brand?post=37101"},{"taxonomy":"product_cat","embeddable":true,"href":"https:\/\/mutualsoberania.com.ar\/proveeduria\/wp-json\/wp\/v2\/product_cat?post=37101"},{"taxonomy":"product_tag","embeddable":true,"href":"https:\/\/mutualsoberania.com.ar\/proveeduria\/wp-json\/wp\/v2\/product_tag?post=37101"}],"curies":[{"name":"wp","href":"https:\/\/api.w.org\/{rel}","templated":true}]}}