{"id":1382,"date":"2021-11-09T11:19:41","date_gmt":"2021-11-09T14:19:41","guid":{"rendered":"https:\/\/mutualsoberania.com.ar\/proveeduria\/?page_id=1382"},"modified":"2022-07-13T18:54:50","modified_gmt":"2022-07-13T21:54:50","slug":"servicios","status":"publish","type":"page","link":"https:\/\/mutualsoberania.com.ar\/proveeduria\/servicios\/","title":{"rendered":"Servicios"},"content":{"rendered":"\t\t<div data-elementor-type=\"wp-page\" data-elementor-id=\"1382\" class=\"elementor elementor-1382\">\n\t\t\t\t\t\t<section class=\"elementor-section elementor-top-section elementor-element elementor-element-8fc0007 elementor-section-boxed elementor-section-height-default elementor-section-height-default\" data-id=\"8fc0007\" data-element_type=\"section\">\n\t\t\t\t\t\t<div class=\"elementor-container elementor-column-gap-default\">\n\t\t\t\t\t<div class=\"elementor-column elementor-col-100 elementor-top-column elementor-element elementor-element-6de2a90\" data-id=\"6de2a90\" data-element_type=\"column\">\n\t\t\t<div class=\"elementor-widget-wrap elementor-element-populated\">\n\t\t\t\t\t\t<div class=\"elementor-element elementor-element-73080d2 elementor-widget elementor-widget-heading\" data-id=\"73080d2\" data-element_type=\"widget\" data-widget_type=\"heading.default\">\n\t\t\t\t<div class=\"elementor-widget-container\">\n\t\t\t\t\t<h2 class=\"elementor-heading-title elementor-size-default\">SERVICIOS ADICIONALES<\/h2>\t\t\t\t<\/div>\n\t\t\t\t<\/div>\n\t\t\t\t\t<\/div>\n\t\t<\/div>\n\t\t\t\t\t<\/div>\n\t\t<\/section>\n\t\t\t\t<section class=\"elementor-section elementor-top-section elementor-element elementor-element-83acbf5 elementor-section-boxed elementor-section-height-default elementor-section-height-default\" data-id=\"83acbf5\" data-element_type=\"section\">\n\t\t\t\t\t\t<div class=\"elementor-container elementor-column-gap-default\">\n\t\t\t\t\t<div class=\"elementor-column elementor-col-100 elementor-top-column elementor-element elementor-element-bf866b3\" data-id=\"bf866b3\" data-element_type=\"column\">\n\t\t\t<div class=\"elementor-widget-wrap elementor-element-populated\">\n\t\t\t\t\t\t<div class=\"elementor-element elementor-element-0e694b5 elementor-view-default elementor-widget elementor-widget-icon\" data-id=\"0e694b5\" data-element_type=\"widget\" data-widget_type=\"icon.default\">\n\t\t\t\t<div class=\"elementor-widget-container\">\n\t\t\t\t\t\t\t<div class=\"elementor-icon-wrapper\">\n\t\t\t<div class=\"elementor-icon\">\n\t\t\t<i aria-hidden=\"true\" class=\"fas fa-shield-virus\"><\/i>\t\t\t<\/div>\n\t\t<\/div>\n\t\t\t\t\t\t<\/div>\n\t\t\t\t<\/div>\n\t\t\t\t<div class=\"elementor-element elementor-element-23dfca3 elementor-widget elementor-widget-heading\" data-id=\"23dfca3\" data-element_type=\"widget\" data-widget_type=\"heading.default\">\n\t\t\t\t<div class=\"elementor-widget-container\">\n\t\t\t\t\t<h2 class=\"elementor-heading-title elementor-size-default\">ENTREGAS SEGURAS<\/h2>\t\t\t\t<\/div>\n\t\t\t\t<\/div>\n\t\t\t\t<div class=\"elementor-element elementor-element-9d89918 elementor-widget elementor-widget-text-editor\" data-id=\"9d89918\" data-element_type=\"widget\" data-widget_type=\"text-editor.default\">\n\t\t\t\t<div class=\"elementor-widget-container\">\n\t\t\t\t\t\t\t\t\t<p>Desinfectamos de manera regular los medios de entrega.<br \/>Coordinamos previamente el d\u00eda y horario de env\u00edo, adem\u00e1s de solicitarte datos de la persona que recibir\u00e1 el env\u00edo. Esto para evitar que firmes el remito.<br \/>Las entregas las realizamos en la puerta, respetando la distancia social de 1,5 m.<br \/>No vamos a ingresar a la vivienda.<br \/>En caso de productos de magnitud que necesiten traslado dentro del domicilio, acordaremos un d\u00eda en el que puedas recibirlo con ayuda externa.<br \/>Te informamos que no brindamos el servicio de instalaci\u00f3n.<br \/>La entrega se realizar\u00e1 con elementos de protecci\u00f3n personal: guantes, barbijos, protecci\u00f3n ocular y alcohol en gel. Se higienizar\u00e1n sus manos antes y despu\u00e9s de cada entrega.<\/p>\t\t\t\t\t\t\t\t<\/div>\n\t\t\t\t<\/div>\n\t\t\t\t\t<\/div>\n\t\t<\/div>\n\t\t\t\t\t<\/div>\n\t\t<\/section>\n\t\t\t\t<section class=\"elementor-section elementor-top-section elementor-element elementor-element-c5f481b elementor-section-boxed elementor-section-height-default elementor-section-height-default\" data-id=\"c5f481b\" data-element_type=\"section\">\n\t\t\t\t\t\t<div class=\"elementor-container elementor-column-gap-default\">\n\t\t\t\t\t<div class=\"elementor-column elementor-col-100 elementor-top-column elementor-element elementor-element-1ecb69a\" data-id=\"1ecb69a\" data-element_type=\"column\">\n\t\t\t<div class=\"elementor-widget-wrap elementor-element-populated\">\n\t\t\t\t\t\t<div class=\"elementor-element elementor-element-2b0b445 elementor-widget elementor-widget-spacer\" data-id=\"2b0b445\" data-element_type=\"widget\" data-widget_type=\"spacer.default\">\n\t\t\t\t<div class=\"elementor-widget-container\">\n\t\t\t\t\t\t\t<div class=\"elementor-spacer\">\n\t\t\t<div class=\"elementor-spacer-inner\"><\/div>\n\t\t<\/div>\n\t\t\t\t\t\t<\/div>\n\t\t\t\t<\/div>\n\t\t\t\t<div class=\"elementor-element elementor-element-d441769 elementor-view-default elementor-widget elementor-widget-icon\" data-id=\"d441769\" data-element_type=\"widget\" data-widget_type=\"icon.default\">\n\t\t\t\t<div class=\"elementor-widget-container\">\n\t\t\t\t\t\t\t<div class=\"elementor-icon-wrapper\">\n\t\t\t<div class=\"elementor-icon\">\n\t\t\t<i aria-hidden=\"true\" class=\"fas fa-truck-loading\"><\/i>\t\t\t<\/div>\n\t\t<\/div>\n\t\t\t\t\t\t<\/div>\n\t\t\t\t<\/div>\n\t\t\t\t<div class=\"elementor-element elementor-element-a67f61c elementor-widget elementor-widget-heading\" data-id=\"a67f61c\" data-element_type=\"widget\" data-widget_type=\"heading.default\">\n\t\t\t\t<div class=\"elementor-widget-container\">\n\t\t\t\t\t<h2 class=\"elementor-heading-title elementor-size-default\">ENV\u00cdOS A DOMICILIO<\/h2>\t\t\t\t<\/div>\n\t\t\t\t<\/div>\n\t\t\t\t<div class=\"elementor-element elementor-element-067ca14 elementor-widget elementor-widget-text-editor\" data-id=\"067ca14\" data-element_type=\"widget\" data-widget_type=\"text-editor.default\">\n\t\t\t\t<div class=\"elementor-widget-container\">\n\t\t\t\t\t\t\t\t\t<p>En La Mutual, contamos con un espacio propio de entrega.<br><\/p><p>La entrega a domicilio tendr\u00e1 un costo dependiendo del volumen del producto que compres.<\/p><p><span style=\"font-size: 13px; color: var( --e-global-color-text ); font-family: var( --e-global-typography-text-font-family ), Sans-serif; letter-spacing: 0.8px;\">Productos de grandes vol\u00famenes pueden demorar hasta 15 d\u00edas en ser entregados.<\/span><br><\/p><p>\u00a1Hacemos env\u00edos a todo el pa\u00eds!<\/p><p>El env\u00edo es a trav\u00e9s del correo Andreani.<\/p><p>El costo te ser\u00e1 informado en el carrito de compra y lo podr\u00e1s pagar all\u00ed mismo.<\/p><p>Ante cualquier duda cont\u00e1ctanos a nuestro Whatsapp al 358 431 1171<\/p>\t\t\t\t\t\t\t\t<\/div>\n\t\t\t\t<\/div>\n\t\t\t\t\t<\/div>\n\t\t<\/div>\n\t\t\t\t\t<\/div>\n\t\t<\/section>\n\t\t\t\t<section class=\"elementor-section elementor-top-section elementor-element elementor-element-426c063 elementor-section-boxed elementor-section-height-default elementor-section-height-default\" data-id=\"426c063\" data-element_type=\"section\">\n\t\t\t\t\t\t<div class=\"elementor-container elementor-column-gap-default\">\n\t\t\t\t\t<div class=\"elementor-column elementor-col-100 elementor-top-column elementor-element elementor-element-a54bf8f\" data-id=\"a54bf8f\" data-element_type=\"column\">\n\t\t\t<div class=\"elementor-widget-wrap elementor-element-populated\">\n\t\t\t\t\t\t<div class=\"elementor-element elementor-element-11ec545 elementor-widget elementor-widget-spacer\" data-id=\"11ec545\" data-element_type=\"widget\" data-widget_type=\"spacer.default\">\n\t\t\t\t<div class=\"elementor-widget-container\">\n\t\t\t\t\t\t\t<div class=\"elementor-spacer\">\n\t\t\t<div class=\"elementor-spacer-inner\"><\/div>\n\t\t<\/div>\n\t\t\t\t\t\t<\/div>\n\t\t\t\t<\/div>\n\t\t\t\t<div class=\"elementor-element elementor-element-5a9f76b elementor-view-default elementor-widget elementor-widget-icon\" data-id=\"5a9f76b\" data-element_type=\"widget\" data-widget_type=\"icon.default\">\n\t\t\t\t<div class=\"elementor-widget-container\">\n\t\t\t\t\t\t\t<div class=\"elementor-icon-wrapper\">\n\t\t\t<div class=\"elementor-icon\">\n\t\t\t<i aria-hidden=\"true\" class=\"fas fa-file-contract\"><\/i>\t\t\t<\/div>\n\t\t<\/div>\n\t\t\t\t\t\t<\/div>\n\t\t\t\t<\/div>\n\t\t\t\t<div class=\"elementor-element elementor-element-a99feab elementor-widget elementor-widget-heading\" data-id=\"a99feab\" data-element_type=\"widget\" data-widget_type=\"heading.default\">\n\t\t\t\t<div class=\"elementor-widget-container\">\n\t\t\t\t\t<h2 class=\"elementor-heading-title elementor-size-default\">ENV\u00cdO DIGITAL DE COMPROBANTES<\/h2>\t\t\t\t<\/div>\n\t\t\t\t<\/div>\n\t\t\t\t<div class=\"elementor-element elementor-element-c5462ac elementor-widget elementor-widget-text-editor\" data-id=\"c5462ac\" data-element_type=\"widget\" data-widget_type=\"text-editor.default\">\n\t\t\t\t<div class=\"elementor-widget-container\">\n\t\t\t\t\t\t\t\t\t<p>Recibir\u00e1s mediante correo electr\u00f3nico toda la informaci\u00f3n y los comprobantes de las compras que realices. Adem\u00e1s para controlar el env\u00edo de tu compra tendr\u00e1s la informaci\u00f3n adjunta y nos comunicaremos con vos para facilitarte los n\u00fameros de gu\u00eda.<\/p>\t\t\t\t\t\t\t\t<\/div>\n\t\t\t\t<\/div>\n\t\t\t\t\t<\/div>\n\t\t<\/div>\n\t\t\t\t\t<\/div>\n\t\t<\/section>\n\t\t\t\t<section class=\"elementor-section elementor-top-section elementor-element elementor-element-f0477ff elementor-section-boxed elementor-section-height-default elementor-section-height-default\" data-id=\"f0477ff\" data-element_type=\"section\">\n\t\t\t\t\t\t<div class=\"elementor-container elementor-column-gap-default\">\n\t\t\t\t\t<div class=\"elementor-column elementor-col-100 elementor-top-column elementor-element elementor-element-66c5f75\" data-id=\"66c5f75\" data-element_type=\"column\">\n\t\t\t<div class=\"elementor-widget-wrap elementor-element-populated\">\n\t\t\t\t\t\t<div class=\"elementor-element elementor-element-a6e3018 elementor-widget elementor-widget-spacer\" data-id=\"a6e3018\" data-element_type=\"widget\" data-widget_type=\"spacer.default\">\n\t\t\t\t<div class=\"elementor-widget-container\">\n\t\t\t\t\t\t\t<div class=\"elementor-spacer\">\n\t\t\t<div class=\"elementor-spacer-inner\"><\/div>\n\t\t<\/div>\n\t\t\t\t\t\t<\/div>\n\t\t\t\t<\/div>\n\t\t\t\t<div class=\"elementor-element elementor-element-1d925e3 elementor-view-default elementor-widget elementor-widget-icon\" data-id=\"1d925e3\" data-element_type=\"widget\" data-widget_type=\"icon.default\">\n\t\t\t\t<div class=\"elementor-widget-container\">\n\t\t\t\t\t\t\t<div class=\"elementor-icon-wrapper\">\n\t\t\t<div class=\"elementor-icon\">\n\t\t\t<i aria-hidden=\"true\" class=\"fas fa-user-check\"><\/i>\t\t\t<\/div>\n\t\t<\/div>\n\t\t\t\t\t\t<\/div>\n\t\t\t\t<\/div>\n\t\t\t\t<div class=\"elementor-element elementor-element-0fcc2b7 elementor-widget elementor-widget-heading\" data-id=\"0fcc2b7\" data-element_type=\"widget\" data-widget_type=\"heading.default\">\n\t\t\t\t<div class=\"elementor-widget-container\">\n\t\t\t\t\t<h2 class=\"elementor-heading-title elementor-size-default\">ATENCI\u00d3N PRE Y POST VENTA<\/h2>\t\t\t\t<\/div>\n\t\t\t\t<\/div>\n\t\t\t\t<div class=\"elementor-element elementor-element-0c5ad69 elementor-widget elementor-widget-text-editor\" data-id=\"0c5ad69\" data-element_type=\"widget\" data-widget_type=\"text-editor.default\">\n\t\t\t\t<div class=\"elementor-widget-container\">\n\t\t\t\t\t\t\t\t\t<p>Contamos con personal a tu disposici\u00f3n para consultas y asesoramiento para tu compra o en caso de tener inconvenientes con un art\u00edculo adquirido en nuestra proveedur\u00eda.<br>Comun\u00edcate con nosotros a nuestro Whatsapp al 358 431 1171<\/p>\t\t\t\t\t\t\t\t<\/div>\n\t\t\t\t<\/div>\n\t\t\t\t\t<\/div>\n\t\t<\/div>\n\t\t\t\t\t<\/div>\n\t\t<\/section>\n\t\t\t\t<\/div>\n\t\t","protected":false},"excerpt":{"rendered":"<p>SERVICIOS ADICIONALES ENTREGAS SEGURAS Desinfectamos de manera regular los medios de entrega.Coordinamos previamente el d\u00eda y horario de env\u00edo, adem\u00e1s de solicitarte datos de la persona que recibir\u00e1 el env\u00edo. Esto para evitar que firmes el remito.Las entregas las realizamos en la puerta, respetando la distancia social de 1,5 m.No vamos a ingresar a la &hellip;<\/p>\n<p class=\"read-more\"> <a class=\"\" href=\"https:\/\/mutualsoberania.com.ar\/proveeduria\/servicios\/\"> <span class=\"screen-reader-text\">Servicios<\/span> Leer m\u00e1s &raquo;<\/a><\/p>\n","protected":false},"author":1,"featured_media":0,"parent":0,"menu_order":0,"comment_status":"closed","ping_status":"closed","template":"elementor_header_footer","meta":{"site-sidebar-layout":"default","site-content-layout":"default","ast-global-header-display":"","ast-main-header-display":"","ast-hfb-above-header-display":"","ast-hfb-below-header-display":"","ast-hfb-mobile-header-display":"","site-post-title":"","ast-breadcrumbs-content":"","ast-featured-img":"","footer-sml-layout":"","theme-transparent-header-meta":"","adv-header-id-meta":"","stick-header-meta":"","header-above-stick-meta":"","header-main-stick-meta":"","header-below-stick-meta":"","_joinchat":[],"footnotes":""},"class_list":["post-1382","page","type-page","status-publish","hentry"],"_links":{"self":[{"href":"https:\/\/mutualsoberania.com.ar\/proveeduria\/wp-json\/wp\/v2\/pages\/1382","targetHints":{"allow":["GET"]}}],"collection":[{"href":"https:\/\/mutualsoberania.com.ar\/proveeduria\/wp-json\/wp\/v2\/pages"}],"about":[{"href":"https:\/\/mutualsoberania.com.ar\/proveeduria\/wp-json\/wp\/v2\/types\/page"}],"author":[{"embeddable":true,"href":"https:\/\/mutualsoberania.com.ar\/proveeduria\/wp-json\/wp\/v2\/users\/1"}],"replies":[{"embeddable":true,"href":"https:\/\/mutualsoberania.com.ar\/proveeduria\/wp-json\/wp\/v2\/comments?post=1382"}],"version-history":[{"count":0,"href":"https:\/\/mutualsoberania.com.ar\/proveeduria\/wp-json\/wp\/v2\/pages\/1382\/revisions"}],"wp:attachment":[{"href":"https:\/\/mutualsoberania.com.ar\/proveeduria\/wp-json\/wp\/v2\/media?parent=1382"}],"curies":[{"name":"wp","href":"https:\/\/api.w.org\/{rel}","templated":true}]}}